{"id":927,"date":"2025-10-07T14:46:17","date_gmt":"2025-10-07T14:46:17","guid":{"rendered":"https:\/\/liberte33hotel.pl\/?page_id=927"},"modified":"2026-01-22T09:43:57","modified_gmt":"2026-01-22T09:43:57","slug":"zasady-ochrany-osobnich-udaju","status":"publish","type":"page","link":"https:\/\/liberte33hotel.pl\/cs\/zasady-ochrany-osobnich-udaju\/","title":{"rendered":"Z\u00e1sady ochrany osobn\u00edch \u00fadaj\u016f"},"content":{"rendered":"<p><strong>I) Informa\u010dn\u00ed dolo\u017eka o zpracov\u00e1n\u00ed \u00fadaj\u016f<\/strong><\/p>\n<p><span style=\"font-weight: 400;\">Sd\u011blujeme v\u00e1m t\u00edmto, \u017ee spole\u010dnost P1 Nieruchomo\u015bci Sp. z o.o. se s\u00eddlem v Poznani (KRS: 0000408223), kter\u00e1 je vlastn\u00edkem hotelu Libert\u00e9 33, zpracov\u00e1v\u00e1 osobn\u00ed \u00fadaje u\u017eivatel\u016f, kte\u0159\u00ed:<\/span><\/p>\n<ul>\n<li><span style=\"font-weight: 400;\">zaregistrovali hotelov\u00fd pokoj na n\u00e1sleduj\u00edc\u00edch port\u00e1lech: booking.com, hrs, expedia, bestwestern.com<\/span><\/li>\n<li><span style=\"font-weight: 400;\">zaregistrovali si hotelov\u00fd pokoj prost\u0159ednictv\u00edm webov\u00fdch str\u00e1nek: <a href=\"https:\/\/\/liberte33hotel.pl\">https:\/\/\/liberte33hotel.pl<\/a><\/span><\/li>\n<li><span style=\"font-weight: 400;\">vyplnili jste informa\u010dn\u00ed list k pron\u00e1jmu hotelov\u00e9ho pokoje<\/span><\/li>\n<\/ul>\n<p><strong>II) Spr\u00e1vce osobn\u00edch \u00fadaj\u016f<\/strong><\/p>\n<p><span style=\"font-weight: 400;\">Spr\u00e1vcem osobn\u00edch \u00fadaj\u016f uveden\u00fdch v bod\u011b I je spole\u010dnost P1 Nieruchomo\u015bci Sp. z o.o. se s\u00eddlem v Poznani<\/span><\/p>\n<p><strong>III) C\u00edle a z\u00e1klad zpracov\u00e1n\u00ed<\/strong><\/p>\n<ul>\n<li><span style=\"font-weight: 400;\">za \u00fa\u010delem poskytov\u00e1n\u00ed slu\u017eeb souvisej\u00edc\u00edch s kr\u00e1tkodob\u00fdm pron\u00e1jmem hotelov\u00fdch pokoj\u016f,<\/span><\/li>\n<li><span style=\"font-weight: 400;\">na z\u00e1klad\u011b v\u00e1mi ud\u011blen\u00e9ho souhlasu ( z\u00e1klad \u010dl. 6 odst. 1 p\u00edsm. a) RODO)<\/span><\/li>\n<li><span style=\"font-weight: 400;\">za \u00fa\u010delem poskytov\u00e1n\u00ed slu\u017eeb souvisej\u00edc\u00edch s kr\u00e1tkodob\u00fdm pron\u00e1jmem hotelov\u00fdch pokoj\u016f,<\/span><\/li>\n<li><span style=\"font-weight: 400;\">na z\u00e1klad\u011b va\u0161eho souhlasu.<\/span><\/li>\n<li><span style=\"font-weight: 400;\">za \u00fa\u010delem proveden\u00ed rezervace hotelov\u00e9ho pokoje, a to na z\u00e1klad\u011b ud\u011blen\u00e9ho souhlasu (z\u00e1klad \u010dl. 6 odst. 1 p\u00edsm. a) RODO)<\/span><\/li>\n<li><span style=\"font-weight: 400;\">za \u00fa\u010delem sm\u011b\u0159ov\u00e1n\u00ed obchodn\u00edch sd\u011blen\u00ed k va\u0161emu vyu\u017eit\u00ed v souvislosti s poskytov\u00e1n\u00edm hotelov\u00fdch a stravovac\u00edch slu\u017eeb, a to na z\u00e1klad\u011b v\u00e1mi ud\u011blen\u00e9ho souhlasu (z\u00e1klad \u010dl. 6 odst. 1 p\u00edsm. a) RODO)<\/span><\/li>\n<li><span style=\"font-weight: 400;\">za \u00fa\u010delem archivace va\u0161\u00ed rezervace hotelov\u00e9ho pokoje.<\/span><\/li>\n<li><span style=\"font-weight: 400;\">pro archiva\u010dn\u00ed (d\u016fkazn\u00ed) \u00fa\u010dely za \u00fa\u010delem zaji\u0161t\u011bn\u00ed informac\u00ed v p\u0159\u00edpad\u011b pr\u00e1vn\u00ed pot\u0159eby prok\u00e1z\u00e1n\u00ed skute\u010dnost\u00ed, co\u017e je n\u00e1\u0161 opr\u00e1vn\u011bn\u00fd z\u00e1jem (z\u00e1klad \u010dl. 6 odst. 1 p\u00edsm. f) RODO);<\/span><\/li>\n<li><span style=\"font-weight: 400;\">pro p\u0159\u00edpadn\u00e9 zji\u0161t\u011bn\u00ed, vy\u0161et\u0159ov\u00e1n\u00ed nebo obranu proti n\u00e1rok\u016fm, co\u017e je n\u00e1\u0161 opr\u00e1vn\u011bn\u00fd z\u00e1jem ( z\u00e1klad \u010dl. 6 odst. 1 p\u00edsm. f) RODO);<\/span><\/li>\n<li><span style=\"font-weight: 400;\">pro analytick\u00e9 \u00fa\u010dely, co\u017e je n\u00e1\u0161 opr\u00e1vn\u011bn\u00fd z\u00e1jem ( z\u00e1klad \u010dl. 6 odst. 1 p\u00edsm. f) RODO);<\/span><\/li>\n<li><span style=\"font-weight: 400;\">pro \u00fa\u010dely zji\u0161\u0165ov\u00e1n\u00ed spokojenosti z\u00e1kazn\u00edk\u016f a ur\u010dov\u00e1n\u00ed kvality na\u0161ich produkt\u016f a slu\u017eeb, co\u017e je n\u00e1\u0161 opr\u00e1vn\u011bn\u00fd z\u00e1jem ( z\u00e1klad v \u010dl. 6 odst. 1 p\u00edsm. f) RODO);<\/span><\/li>\n<\/ul>\n<p><strong>IV) Kategorie va\u0161ich osobn\u00edch \u00fadaj\u016f:<\/strong><\/p>\n<p><span style=\"font-weight: 400;\">Spr\u00e1vce \u00fadaj\u016f bude zpracov\u00e1vat n\u00e1sleduj\u00edc\u00ed \u00fadaje:<\/span><\/p>\n<p><span style=\"font-weight: 400;\">Z\u00e1kladn\u00ed identifika\u010dn\u00ed \u00fadaje (jm\u00e9no a p\u0159\u00edjmen\u00ed, adresa bydli\u0161t\u011b, zem\u011b trval\u00e9ho pobytu, telefonn\u00ed \u010d\u00edslo, e-mailov\u00e1 adresa, \u00fadaje spole\u010dnosti pro vystaven\u00ed faktury, datum narozen\u00ed, jm\u00e9no a p\u0159\u00edjmen\u00ed doprov\u00e1zej\u00edc\u00ed osoby) v rozsahu zve\u0159ejn\u011bn\u00e9m u\u017eivatelem na str\u00e1nk\u00e1ch booking.com, hrs, expedia, bestweren.com, webov\u00fdch str\u00e1nk\u00e1ch spr\u00e1vce a v informa\u010dn\u00edm listu;<\/span><\/p>\n<p><span style=\"font-weight: 400;\">Z\u00e1kladn\u00ed identifika\u010dn\u00ed \u00fadaje (jm\u00e9no a p\u0159\u00edjmen\u00ed, adresa bydli\u0161t\u011b, zem\u011b trval\u00e9ho pobytu, telefonn\u00ed \u010d\u00edslo, e-mailov\u00e1 adresa, \u00fadaje spole\u010dnosti pro vystaven\u00ed faktury, datum narozen\u00ed, jm\u00e9no a p\u0159\u00edjmen\u00ed doprov\u00e1zej\u00edc\u00ed osoby) v rozsahu zve\u0159ejn\u011bn\u00e9m u\u017eivatelem na str\u00e1nk\u00e1ch booking.com, hrs, expedia, bestweren.com, webov\u00fdch str\u00e1nk\u00e1ch spr\u00e1vce a v informa\u010dn\u00edm listu;<\/span><\/p>\n<p><span style=\"font-weight: 400;\">Dal\u0161\u00ed osobn\u00ed \u00fadaje poskytnut\u00e9 dobrovoln\u011b U\u017eivatelem;<\/span><\/p>\n<p><strong>V) P\u0159\u00edjemci \u00fadaj\u016f.<\/strong><\/p>\n<p><span style=\"font-weight: 400;\">Spr\u00e1vce \u00fadaj\u016f bude sd\u00edlet osobn\u00ed \u00fadaje pouze s vlastn\u00edkem port\u00e1l\u016f booking.com booking.com, hrs, expedia, bestweren.com, a to v rozsahu, kter\u00fd je nezbytn\u00fd pro zaji\u0161t\u011bn\u00ed fungov\u00e1n\u00ed v\u00fd\u0161e uveden\u00fdch port\u00e1l\u016f.<\/span><\/p>\n<p><strong>VI) P\u0159ed\u00e1v\u00e1n\u00ed \u00fadaj\u016f do t\u0159et\u00edch zem\u00ed nebo mezin\u00e1rodn\u00edm organizac\u00edm.<\/strong><\/p>\n<p><span style=\"font-weight: 400;\">Spr\u00e1vce \u00fadaj\u016f nep\u0159ed\u00e1v\u00e1 \u00fadaje mimo Polsko\/EU\/Evropsk\u00fd hospod\u00e1\u0159sk\u00fd prostor.<\/span><\/p>\n<p><strong>VII) Doba uchov\u00e1v\u00e1n\u00ed \u00fadaj\u016f<\/strong><\/p>\n<p><span style=\"font-weight: 400;\">Va\u0161e z\u00e1kladn\u00ed kontaktn\u00ed \u00fadaje budou Spr\u00e1vcem uchov\u00e1v\u00e1ny za \u00fa\u010delem marketingu produkt\u016f a slu\u017eeb, dokud nevznesete n\u00e1mitku proti jejich zpracov\u00e1n\u00ed za t\u00edmto \u00fa\u010delem, neodvol\u00e1te sv\u016fj souhlas, pokud jsme je zpracov\u00e1vali na z\u00e1klad\u011b tzv. marketingov\u00e9ho souhlasu, nebo sami nezjist\u00edme, \u017ee se staly neaktu\u00e1ln\u00edmi.<\/span><\/p>\n<p><strong>VIII) Va\u0161e pr\u00e1va:<\/strong><\/p>\n<p><span style=\"font-weight: 400;\">M\u00e1te n\u00e1sleduj\u00edc\u00ed pr\u00e1va:<\/span><\/p>\n<ul>\n<li><span style=\"font-weight: 400;\">Pr\u00e1vo na p\u0159\u00edstup ke sv\u00fdm \u00fadaj\u016fm a na z\u00edsk\u00e1n\u00ed jejich kopie;<\/span><\/li>\n<li><span style=\"font-weight: 400;\">Pr\u00e1vo na opravu sv\u00fdch \u00fadaj\u016f.<\/span><\/li>\n<li><span style=\"font-weight: 400;\">Pr\u00e1vo na opravu (zm\u011bnu ) va\u0161ich \u00fadaj\u016f;<\/span><\/li>\n<li><span style=\"font-weight: 400;\">Pr\u00e1vo na v\u00fdmaz va\u0161ich \u00fadaj\u016f.<\/span><\/li>\n<li><span style=\"font-weight: 400;\">Pr\u00e1vo na v\u00fdmaz va\u0161ich \u00fadaj\u016f, pokud podle va\u0161eho n\u00e1zoru neexistuj\u00ed d\u016fvody, aby spr\u00e1vce va\u0161e \u00fadaje zpracov\u00e1val;<\/span><\/li>\n<li><span style=\"font-weight: 400;\">Omezen\u00ed zpracov\u00e1n\u00ed \u00fadaj\u016f &#8211; m\u016f\u017eete po\u017eadovat, aby Spr\u00e1vce omezil zpracov\u00e1n\u00ed va\u0161ich osobn\u00edch \u00fadaj\u016f pouze na jejich ulo\u017een\u00ed nebo prov\u00e1d\u011bn\u00ed \u010dinnost\u00ed, na kter\u00fdch jste se s n\u00edm dohodli, pokud podle va\u0161eho n\u00e1zoru m\u00e1 Spr\u00e1vce o v\u00e1s nespr\u00e1vn\u00e9 \u00fadaje nebo je zpracov\u00e1v\u00e1me neopr\u00e1vn\u011bn\u011b; nebo nechcete, abychom je vymazali, proto\u017ee je pot\u0159ebujete k ur\u010den\u00ed, uplatn\u011bn\u00ed nebo obhajob\u011b sv\u00fdch n\u00e1rok\u016f nebo po dobu trv\u00e1n\u00ed va\u0161\u00ed n\u00e1mitky proti zpracov\u00e1n\u00ed \u00fadaj\u016f ;<\/span><\/li>\n<li><span style=\"font-weight: 400;\">Pr\u00e1vo vzn\u00e9st n\u00e1mitku proti zpracov\u00e1n\u00ed va\u0161ich \u00fadaj\u016f;<\/span><\/li>\n<li><span style=\"font-weight: 400;\">Pr\u00e1vo na p\u0159enositelnost \u00fadaj\u016f<\/span><\/li>\n<li><span style=\"font-weight: 400;\">M\u00e1te pr\u00e1vo z\u00edskat od n\u00e1s sv\u00e9 \u00fadaje ve strukturovan\u00e9m, b\u011b\u017en\u011b pou\u017e\u00edvan\u00e9m strojov\u011b \u010diteln\u00e9m form\u00e1tu. M\u016f\u017eete tak\u00e9 d\u00e1t spr\u00e1vci pokyn, aby tyto \u00fadaje zaslal p\u0159\u00edmo jin\u00e9mu subjektu;<\/span><\/li>\n<li><span style=\"font-weight: 400;\">Pr\u00e1vo na to, aby n\u00e1m byly va\u0161e \u00fadaje zasl\u00e1ny ve strukturovan\u00e9m, b\u011b\u017en\u011b pou\u017e\u00edvan\u00e9m, strojov\u011b \u010diteln\u00e9m form\u00e1tu.<\/span><\/li>\n<li><span style=\"font-weight: 400;\">Pr\u00e1vo podat st\u00ed\u017enost u dozorov\u00e9ho \u00fa\u0159adu<\/span><\/li>\n<li><span style=\"font-weight: 400;\">Pokud se domn\u00edv\u00e1te, \u017ee Spr\u00e1vce zpracov\u00e1v\u00e1 \u00fadaje protipr\u00e1vn\u011b, m\u016f\u017eete v tomto smyslu podat st\u00ed\u017enost p\u0159edsedovi \u00da\u0159adu pro ochranu osobn\u00edch \u00fadaj\u016f nebo jin\u00e9mu p\u0159\u00edslu\u0161n\u00e9mu dozorov\u00e9mu \u00fa\u0159adu.<\/span><\/li>\n<li><span style=\"font-weight: 400;\">Pokud se domn\u00edv\u00e1te, \u017ee Spr\u00e1vce zpracov\u00e1v\u00e1 \u00fadaje protipr\u00e1vn\u011b, m\u016f\u017eete v tomto smyslu podat st\u00ed\u017enost p\u0159edsedovi \u00da\u0159adu pro ochranu osobn\u00edch \u00fadaj\u016f nebo jin\u00e9mu p\u0159\u00edslu\u0161n\u00e9mu dozorov\u00e9mu \u00fa\u0159adu.<\/span><\/li>\n<li><span style=\"font-weight: 400;\">Pr\u00e1vo odvolat souhlas se zpracov\u00e1n\u00edm osobn\u00edch \u00fadaj\u016f.<\/span><\/li>\n<li><span style=\"font-weight: 400;\">Kdykoli m\u00e1te pr\u00e1vo odvolat sv\u016fj souhlas se zpracov\u00e1n\u00edm t\u011bch osobn\u00edch \u00fadaj\u016f, kter\u00e9 zpracov\u00e1v\u00e1me na z\u00e1klad\u011b va\u0161eho souhlasu. Odvol\u00e1n\u00ed souhlasu nebude m\u00edt vliv na slu\u010ditelnost<\/span><\/li>\n<li><span style=\"font-weight: 400;\">z\u00e1konnost zpracov\u00e1n\u00ed, kter\u00e9 bylo prov\u00e1d\u011bno na z\u00e1klad\u011b va\u0161eho souhlasu p\u0159ed jeho odvol\u00e1n\u00edm.<\/span><\/li>\n<\/ul>\n<p><strong>IX) Informace o zdroji \u00fadaj\u016f<\/strong><\/p>\n<p><span style=\"font-weight: 400;\">Va\u0161e \u00fadaje jsme z\u00edskali od :<\/span><\/p>\n<p><span style=\"font-weight: 400;\">V p\u0159\u00edpad\u011b osobn\u00edch \u00fadaj\u016f uveden\u00fdch v informa\u010dn\u00edm listu nebo na webov\u00fdch str\u00e1nk\u00e1ch spr\u00e1vce na z\u00e1klad\u011b v\u00e1mi ud\u011blen\u00e9ho souhlasu se zpracov\u00e1n\u00edm va\u0161ich osobn\u00edch \u00fadaj\u016f<\/span><\/p>\n<p><span style=\"font-weight: 400;\">V p\u0159\u00edpad\u011b osobn\u00edch \u00fadaj\u016f uveden\u00fdch v registra\u010dn\u00edm formul\u00e1\u0159i na booking.com booking.com, hrs, expedia, bestweren.com, od vlastn\u00edk\u016f v\u00fd\u0161e uveden\u00fdch webov\u00fdch port\u00e1l\u016f.<\/span><\/p>\n<p><strong>X) Doba uchov\u00e1v\u00e1n\u00ed osobn\u00edch \u00fadaj\u016f<\/strong><\/p>\n<p><span style=\"font-weight: 400;\">T\u00edmto V\u00e1s informujeme, \u017ee Va\u0161e osobn\u00ed \u00fadaje budou Spr\u00e1vcem ulo\u017eeny po dobu:<\/span><\/p>\n<p><span style=\"font-weight: 400;\">Ve vztahu k \u00fadaj\u016fm shrom\u00e1\u017ed\u011bn\u00fdm pro \u00fa\u010dely uveden\u00e9 v \u010dl\u00e1nku III odst. 1 p\u00edsm. a-c po dobu 2 let od jejich z\u00edsk\u00e1n\u00ed.<\/span><\/p>\n<p><span style=\"font-weight: 400;\">Ve vztahu k \u00fadaj\u016fm shrom\u00e1\u017ed\u011bn\u00fdm pro \u00fa\u010dely uveden\u00e9 v \u010dl\u00e1nku III odst. 1 p\u00edsm. d-f po dobu 10 let od jejich z\u00edsk\u00e1n\u00ed.<\/span><\/p>\n<p><span style=\"font-weight: 400;\">Po uplynut\u00ed v\u00fd\u0161e uveden\u00fdch lh\u016ft se \u00fadaje uchov\u00e1vaj\u00ed po dobu dvou let.<\/span><\/p>\n<p><span style=\"font-weight: 400;\">Po uplynut\u00ed v\u00fd\u0161e uveden\u00fdch lh\u016ft budou va\u0161e \u00fadaje spr\u00e1vcem protokol\u00e1rn\u011b zni\u010deny. Protokol\u00e1rn\u00ed likvidace va\u0161ich osobn\u00edch \u00fadaj\u016f prob\u011bhne <\/span><\/p>\n","protected":false},"excerpt":{"rendered":"<p>I) Informa\u010dn\u00ed dolo\u017eka o zpracov\u00e1n\u00ed \u00fadaj\u016f Sd\u011blujeme v\u00e1m t\u00edmto, \u017ee spole\u010dnost P1 Nieruchomo\u015bci Sp. z o.o. se s\u00eddlem v Poznani (KRS: 0000408223), kter\u00e1 je vlastn\u00edkem hotelu Libert\u00e9 33, zpracov\u00e1v\u00e1 osobn\u00ed \u00fadaje u\u017eivatel\u016f, kte\u0159\u00ed: zaregistrovali hotelov\u00fd pokoj na n\u00e1sleduj\u00edc\u00edch port\u00e1lech: booking.com, hrs, expedia, bestwestern.com zaregistrovali si hotelov\u00fd pokoj prost\u0159ednictv\u00edm webov\u00fdch str\u00e1nek: https:\/\/\/liberte33hotel.pl vyplnili jste informa\u010dn\u00ed list [&hellip;]<\/p>\n","protected":false},"author":9,"featured_media":0,"parent":0,"menu_order":999,"comment_status":"closed","ping_status":"closed","template":"template-privacy.php","meta":{"footnotes":""},"class_list":["post-927","page","type-page","status-publish","hentry"],"yoast_head":"<!-- This site is optimized with the Yoast SEO plugin v26.9 - https:\/\/yoast.com\/product\/yoast-seo-wordpress\/ -->\n<title>Z\u00e1sady ochrany osobn\u00edch \u00fadaj\u016f - Hotel Libert\u00e9 33<\/title>\n<meta name=\"description\" content=\"I) Informa\u010dn\u00ed dolo\u017eka o zpracov\u00e1n\u00ed \u00fadaj\u016f  Sd\u011blujeme v\u00e1m t\u00edmto, \u017ee spole\u010dnost P1 Nieruchomo\u015bci Sp. z o.o\" \/>\n<meta name=\"robots\" content=\"index, follow, max-snippet:-1, max-image-preview:large, max-video-preview:-1\" \/>\n<link rel=\"canonical\" href=\"https:\/\/liberte33hotel.pl\/cs\/zasady-ochrany-osobnich-udaju\/\" \/>\n<meta property=\"og:locale\" content=\"cs_CZ\" \/>\n<meta property=\"og:type\" content=\"article\" \/>\n<meta property=\"og:title\" content=\"Z\u00e1sady ochrany osobn\u00edch \u00fadaj\u016f - Hotel Libert\u00e9 33\" \/>\n<meta property=\"og:description\" content=\"I) Informa\u010dn\u00ed dolo\u017eka o zpracov\u00e1n\u00ed \u00fadaj\u016f  Sd\u011blujeme v\u00e1m t\u00edmto, \u017ee spole\u010dnost P1 Nieruchomo\u015bci Sp. z o.o\" \/>\n<meta property=\"og:url\" content=\"https:\/\/liberte33hotel.pl\/cs\/zasady-ochrany-osobnich-udaju\/\" \/>\n<meta property=\"og:site_name\" content=\"Hotel Libert\u00e9 33\" \/>\n<meta property=\"article:publisher\" content=\"https:\/\/www.facebook.com\/liberte33hotel\" \/>\n<meta property=\"article:modified_time\" content=\"2026-01-22T09:43:57+00:00\" \/>\n<meta property=\"og:image\" content=\"https:\/\/liberte33hotel.pl\/wp-content\/uploads\/sites\/9\/2025\/10\/DSC_7394-205-1.jpg\" \/>\n\t<meta property=\"og:image:width\" content=\"1000\" \/>\n\t<meta property=\"og:image:height\" content=\"731\" \/>\n\t<meta property=\"og:image:type\" content=\"image\/jpeg\" \/>\n<meta name=\"twitter:card\" content=\"summary_large_image\" \/>\n<meta name=\"twitter:label1\" content=\"Est. reading time\" \/>\n\t<meta name=\"twitter:data1\" content=\"4 minuty\" \/>\n<script type=\"application\/ld+json\" class=\"yoast-schema-graph\">{\"@context\":\"https:\/\/schema.org\",\"@graph\":[{\"@type\":\"WebPage\",\"@id\":\"https:\/\/liberte33hotel.pl\/cs\/zasady-ochrany-osobnich-udaju\/\",\"url\":\"https:\/\/liberte33hotel.pl\/cs\/zasady-ochrany-osobnich-udaju\/\",\"name\":\"Z\u00e1sady ochrany osobn\u00edch \u00fadaj\u016f - Hotel Libert\u00e9 33\",\"isPartOf\":{\"@id\":\"https:\/\/liberte33hotel.pl\/cs\/#website\"},\"datePublished\":\"2025-10-07T14:46:17+00:00\",\"dateModified\":\"2026-01-22T09:43:57+00:00\",\"description\":\"I) Informa\u010dn\u00ed dolo\u017eka o zpracov\u00e1n\u00ed \u00fadaj\u016f Sd\u011blujeme v\u00e1m t\u00edmto, \u017ee spole\u010dnost P1 Nieruchomo\u015bci Sp. z o.o\",\"breadcrumb\":{\"@id\":\"https:\/\/liberte33hotel.pl\/cs\/zasady-ochrany-osobnich-udaju\/#breadcrumb\"},\"inLanguage\":\"cs\",\"potentialAction\":[{\"@type\":\"ReadAction\",\"target\":[\"https:\/\/liberte33hotel.pl\/cs\/zasady-ochrany-osobnich-udaju\/\"]}]},{\"@type\":\"BreadcrumbList\",\"@id\":\"https:\/\/liberte33hotel.pl\/cs\/zasady-ochrany-osobnich-udaju\/#breadcrumb\",\"itemListElement\":[{\"@type\":\"ListItem\",\"position\":1,\"name\":\"Home\",\"item\":\"https:\/\/liberte33hotel.pl\/cs\/\"},{\"@type\":\"ListItem\",\"position\":2,\"name\":\"Z\u00e1sady ochrany osobn\u00edch \u00fadaj\u016f\"}]},{\"@type\":\"WebSite\",\"@id\":\"https:\/\/liberte33hotel.pl\/cs\/#website\",\"url\":\"https:\/\/liberte33hotel.pl\/cs\/\",\"name\":\"Hotel Libert\u00e9 33\",\"description\":\"\",\"publisher\":{\"@id\":\"https:\/\/liberte33hotel.pl\/cs\/#organization\"},\"alternateName\":\"Hotel Libert\u00e9 33\",\"potentialAction\":[{\"@type\":\"SearchAction\",\"target\":{\"@type\":\"EntryPoint\",\"urlTemplate\":\"https:\/\/liberte33hotel.pl\/cs\/?s={search_term_string}\"},\"query-input\":{\"@type\":\"PropertyValueSpecification\",\"valueRequired\":true,\"valueName\":\"search_term_string\"}}],\"inLanguage\":\"cs\"},{\"@type\":\"Organization\",\"@id\":\"https:\/\/liberte33hotel.pl\/cs\/#organization\",\"name\":\"Hotel Libert\u00e9 33\",\"alternateName\":\"Hotel Libert\u00e9 33\",\"url\":\"https:\/\/liberte33hotel.pl\/cs\/\",\"logo\":{\"@type\":\"ImageObject\",\"inLanguage\":\"cs\",\"@id\":\"https:\/\/liberte33hotel.pl\/cs\/#\/schema\/logo\/image\/\",\"url\":\"https:\/\/hotel-liberte-33.ms3.decms.eu\/wp-content\/uploads\/sites\/9\/2025\/10\/logo-white-sygnet.png\",\"contentUrl\":\"https:\/\/hotel-liberte-33.ms3.decms.eu\/wp-content\/uploads\/sites\/9\/2025\/10\/logo-white-sygnet.png\",\"width\":696,\"height\":925,\"caption\":\"Hotel Libert\u00e9 33\"},\"image\":{\"@id\":\"https:\/\/liberte33hotel.pl\/cs\/#\/schema\/logo\/image\/\"},\"sameAs\":[\"https:\/\/www.facebook.com\/liberte33hotel\",\"https:\/\/www.instagram.com\/liberte33hotel\/\"]}]}<\/script>\n<!-- \/ Yoast SEO plugin. -->","yoast_head_json":{"title":"Z\u00e1sady ochrany osobn\u00edch \u00fadaj\u016f - Hotel Libert\u00e9 33","description":"I) Informa\u010dn\u00ed dolo\u017eka o zpracov\u00e1n\u00ed \u00fadaj\u016f  Sd\u011blujeme v\u00e1m t\u00edmto, \u017ee spole\u010dnost P1 Nieruchomo\u015bci Sp. z o.o","robots":{"index":"index","follow":"follow","max-snippet":"max-snippet:-1","max-image-preview":"max-image-preview:large","max-video-preview":"max-video-preview:-1"},"canonical":"https:\/\/liberte33hotel.pl\/cs\/zasady-ochrany-osobnich-udaju\/","og_locale":"cs_CZ","og_type":"article","og_title":"Z\u00e1sady ochrany osobn\u00edch \u00fadaj\u016f - Hotel Libert\u00e9 33","og_description":"I) Informa\u010dn\u00ed dolo\u017eka o zpracov\u00e1n\u00ed \u00fadaj\u016f  Sd\u011blujeme v\u00e1m t\u00edmto, \u017ee spole\u010dnost P1 Nieruchomo\u015bci Sp. z o.o","og_url":"https:\/\/liberte33hotel.pl\/cs\/zasady-ochrany-osobnich-udaju\/","og_site_name":"Hotel Libert\u00e9 33","article_publisher":"https:\/\/www.facebook.com\/liberte33hotel","article_modified_time":"2026-01-22T09:43:57+00:00","og_image":[{"width":1000,"height":731,"url":"https:\/\/liberte33hotel.pl\/wp-content\/uploads\/sites\/9\/2025\/10\/DSC_7394-205-1.jpg","type":"image\/jpeg"}],"twitter_card":"summary_large_image","twitter_misc":{"Est. reading time":"4 minuty"},"schema":{"@context":"https:\/\/schema.org","@graph":[{"@type":"WebPage","@id":"https:\/\/liberte33hotel.pl\/cs\/zasady-ochrany-osobnich-udaju\/","url":"https:\/\/liberte33hotel.pl\/cs\/zasady-ochrany-osobnich-udaju\/","name":"Z\u00e1sady ochrany osobn\u00edch \u00fadaj\u016f - Hotel Libert\u00e9 33","isPartOf":{"@id":"https:\/\/liberte33hotel.pl\/cs\/#website"},"datePublished":"2025-10-07T14:46:17+00:00","dateModified":"2026-01-22T09:43:57+00:00","description":"I) Informa\u010dn\u00ed dolo\u017eka o zpracov\u00e1n\u00ed \u00fadaj\u016f Sd\u011blujeme v\u00e1m t\u00edmto, \u017ee spole\u010dnost P1 Nieruchomo\u015bci Sp. z o.o","breadcrumb":{"@id":"https:\/\/liberte33hotel.pl\/cs\/zasady-ochrany-osobnich-udaju\/#breadcrumb"},"inLanguage":"cs","potentialAction":[{"@type":"ReadAction","target":["https:\/\/liberte33hotel.pl\/cs\/zasady-ochrany-osobnich-udaju\/"]}]},{"@type":"BreadcrumbList","@id":"https:\/\/liberte33hotel.pl\/cs\/zasady-ochrany-osobnich-udaju\/#breadcrumb","itemListElement":[{"@type":"ListItem","position":1,"name":"Home","item":"https:\/\/liberte33hotel.pl\/cs\/"},{"@type":"ListItem","position":2,"name":"Z\u00e1sady ochrany osobn\u00edch \u00fadaj\u016f"}]},{"@type":"WebSite","@id":"https:\/\/liberte33hotel.pl\/cs\/#website","url":"https:\/\/liberte33hotel.pl\/cs\/","name":"Hotel Libert\u00e9 33","description":"","publisher":{"@id":"https:\/\/liberte33hotel.pl\/cs\/#organization"},"alternateName":"Hotel Libert\u00e9 33","potentialAction":[{"@type":"SearchAction","target":{"@type":"EntryPoint","urlTemplate":"https:\/\/liberte33hotel.pl\/cs\/?s={search_term_string}"},"query-input":{"@type":"PropertyValueSpecification","valueRequired":true,"valueName":"search_term_string"}}],"inLanguage":"cs"},{"@type":"Organization","@id":"https:\/\/liberte33hotel.pl\/cs\/#organization","name":"Hotel Libert\u00e9 33","alternateName":"Hotel Libert\u00e9 33","url":"https:\/\/liberte33hotel.pl\/cs\/","logo":{"@type":"ImageObject","inLanguage":"cs","@id":"https:\/\/liberte33hotel.pl\/cs\/#\/schema\/logo\/image\/","url":"https:\/\/hotel-liberte-33.ms3.decms.eu\/wp-content\/uploads\/sites\/9\/2025\/10\/logo-white-sygnet.png","contentUrl":"https:\/\/hotel-liberte-33.ms3.decms.eu\/wp-content\/uploads\/sites\/9\/2025\/10\/logo-white-sygnet.png","width":696,"height":925,"caption":"Hotel Libert\u00e9 33"},"image":{"@id":"https:\/\/liberte33hotel.pl\/cs\/#\/schema\/logo\/image\/"},"sameAs":["https:\/\/www.facebook.com\/liberte33hotel","https:\/\/www.instagram.com\/liberte33hotel\/"]}]}},"acf":[],"_links":{"self":[{"href":"https:\/\/liberte33hotel.pl\/cs\/wp-json\/wp\/v2\/pages\/927","targetHints":{"allow":["GET"]}}],"collection":[{"href":"https:\/\/liberte33hotel.pl\/cs\/wp-json\/wp\/v2\/pages"}],"about":[{"href":"https:\/\/liberte33hotel.pl\/cs\/wp-json\/wp\/v2\/types\/page"}],"author":[{"embeddable":true,"href":"https:\/\/liberte33hotel.pl\/cs\/wp-json\/wp\/v2\/users\/9"}],"replies":[{"embeddable":true,"href":"https:\/\/liberte33hotel.pl\/cs\/wp-json\/wp\/v2\/comments?post=927"}],"version-history":[{"count":0,"href":"https:\/\/liberte33hotel.pl\/cs\/wp-json\/wp\/v2\/pages\/927\/revisions"}],"wp:attachment":[{"href":"https:\/\/liberte33hotel.pl\/cs\/wp-json\/wp\/v2\/media?parent=927"}],"curies":[{"name":"wp","href":"https:\/\/api.w.org\/{rel}","templated":true}]}}