{"id":930,"date":"2025-10-07T14:49:11","date_gmt":"2025-10-07T14:49:11","guid":{"rendered":"https:\/\/liberte33hotel.pl\/?page_id=930"},"modified":"2026-01-26T10:12:57","modified_gmt":"2026-01-26T10:12:57","slug":"kontakt","status":"publish","type":"page","link":"https:\/\/liberte33hotel.pl\/cs\/kontakt\/","title":{"rendered":"Kontakty"},"content":{"rendered":"<p style=\"text-align: center;\">Nev\u00e1hejte n\u00e1s kontaktovat \u2013 r\u00e1di zodpov\u00edme v\u0161echny va\u0161e dotazy.<\/p>\n","protected":false},"excerpt":{"rendered":"<p>Nev\u00e1hejte n\u00e1s kontaktovat \u2013 r\u00e1di zodpov\u00edme v\u0161echny va\u0161e dotazy.<\/p>\n","protected":false},"author":9,"featured_media":0,"parent":0,"menu_order":990,"comment_status":"closed","ping_status":"closed","template":"template-contacts.php","meta":{"footnotes":""},"class_list":["post-930","page","type-page","status-publish","hentry"],"yoast_head":"<!-- This site is optimized with the Yoast SEO plugin v26.9 - https:\/\/yoast.com\/product\/yoast-seo-wordpress\/ -->\n<title>Kontakty - Hotel Libert\u00e9 33<\/title>\n<meta name=\"description\" content=\"Nev\u00e1hejte n\u00e1s kontaktovat \u2013 r\u00e1di zodpov\u00edme v\u0161echny va\u0161e dotazy..\" \/>\n<meta name=\"robots\" content=\"index, follow, max-snippet:-1, max-image-preview:large, max-video-preview:-1\" \/>\n<link rel=\"canonical\" href=\"https:\/\/liberte33hotel.pl\/cs\/kontakt\/\" \/>\n<meta property=\"og:locale\" content=\"cs_CZ\" \/>\n<meta property=\"og:type\" content=\"article\" \/>\n<meta property=\"og:title\" content=\"Kontakty - Hotel Libert\u00e9 33\" \/>\n<meta property=\"og:description\" content=\"Nev\u00e1hejte n\u00e1s kontaktovat \u2013 r\u00e1di zodpov\u00edme v\u0161echny va\u0161e dotazy..\" \/>\n<meta property=\"og:url\" content=\"https:\/\/liberte33hotel.pl\/cs\/kontakt\/\" \/>\n<meta property=\"og:site_name\" content=\"Hotel Libert\u00e9 33\" \/>\n<meta property=\"article:publisher\" content=\"https:\/\/www.facebook.com\/liberte33hotel\" \/>\n<meta property=\"article:modified_time\" content=\"2026-01-26T10:12:57+00:00\" \/>\n<meta property=\"og:image\" content=\"https:\/\/liberte33hotel.pl\/wp-content\/uploads\/sites\/9\/2025\/10\/DSC_7394-205-1.jpg\" \/>\n\t<meta property=\"og:image:width\" content=\"1000\" \/>\n\t<meta property=\"og:image:height\" content=\"731\" \/>\n\t<meta property=\"og:image:type\" content=\"image\/jpeg\" \/>\n<meta name=\"twitter:card\" content=\"summary_large_image\" \/>\n<meta name=\"twitter:label1\" content=\"Est. reading time\" \/>\n\t<meta name=\"twitter:data1\" content=\"1 minuta\" \/>\n<script type=\"application\/ld+json\" class=\"yoast-schema-graph\">{\"@context\":\"https:\/\/schema.org\",\"@graph\":[{\"@type\":\"WebPage\",\"@id\":\"https:\/\/liberte33hotel.pl\/cs\/kontakt\/\",\"url\":\"https:\/\/liberte33hotel.pl\/cs\/kontakt\/\",\"name\":\"Kontakty - Hotel Libert\u00e9 33\",\"isPartOf\":{\"@id\":\"https:\/\/liberte33hotel.pl\/cs\/#website\"},\"datePublished\":\"2025-10-07T14:49:11+00:00\",\"dateModified\":\"2026-01-26T10:12:57+00:00\",\"description\":\"Nev\u00e1hejte n\u00e1s kontaktovat \u2013 r\u00e1di zodpov\u00edme v\u0161echny va\u0161e dotazy. .\",\"breadcrumb\":{\"@id\":\"https:\/\/liberte33hotel.pl\/cs\/kontakt\/#breadcrumb\"},\"inLanguage\":\"cs\",\"potentialAction\":[{\"@type\":\"ReadAction\",\"target\":[\"https:\/\/liberte33hotel.pl\/cs\/kontakt\/\"]}]},{\"@type\":\"BreadcrumbList\",\"@id\":\"https:\/\/liberte33hotel.pl\/cs\/kontakt\/#breadcrumb\",\"itemListElement\":[{\"@type\":\"ListItem\",\"position\":1,\"name\":\"Home\",\"item\":\"https:\/\/liberte33hotel.pl\/cs\/\"},{\"@type\":\"ListItem\",\"position\":2,\"name\":\"Kontakty\"}]},{\"@type\":\"WebSite\",\"@id\":\"https:\/\/liberte33hotel.pl\/cs\/#website\",\"url\":\"https:\/\/liberte33hotel.pl\/cs\/\",\"name\":\"Hotel Libert\u00e9 33\",\"description\":\"\",\"publisher\":{\"@id\":\"https:\/\/liberte33hotel.pl\/cs\/#organization\"},\"alternateName\":\"Hotel Libert\u00e9 33\",\"potentialAction\":[{\"@type\":\"SearchAction\",\"target\":{\"@type\":\"EntryPoint\",\"urlTemplate\":\"https:\/\/liberte33hotel.pl\/cs\/?s={search_term_string}\"},\"query-input\":{\"@type\":\"PropertyValueSpecification\",\"valueRequired\":true,\"valueName\":\"search_term_string\"}}],\"inLanguage\":\"cs\"},{\"@type\":\"Organization\",\"@id\":\"https:\/\/liberte33hotel.pl\/cs\/#organization\",\"name\":\"Hotel Libert\u00e9 33\",\"alternateName\":\"Hotel Libert\u00e9 33\",\"url\":\"https:\/\/liberte33hotel.pl\/cs\/\",\"logo\":{\"@type\":\"ImageObject\",\"inLanguage\":\"cs\",\"@id\":\"https:\/\/liberte33hotel.pl\/cs\/#\/schema\/logo\/image\/\",\"url\":\"https:\/\/hotel-liberte-33.ms3.decms.eu\/wp-content\/uploads\/sites\/9\/2025\/10\/logo-white-sygnet.png\",\"contentUrl\":\"https:\/\/hotel-liberte-33.ms3.decms.eu\/wp-content\/uploads\/sites\/9\/2025\/10\/logo-white-sygnet.png\",\"width\":696,\"height\":925,\"caption\":\"Hotel Libert\u00e9 33\"},\"image\":{\"@id\":\"https:\/\/liberte33hotel.pl\/cs\/#\/schema\/logo\/image\/\"},\"sameAs\":[\"https:\/\/www.facebook.com\/liberte33hotel\",\"https:\/\/www.instagram.com\/liberte33hotel\/\"]}]}<\/script>\n<!-- \/ Yoast SEO plugin. -->","yoast_head_json":{"title":"Kontakty - Hotel Libert\u00e9 33","description":"Nev\u00e1hejte n\u00e1s kontaktovat \u2013 r\u00e1di zodpov\u00edme v\u0161echny va\u0161e dotazy..","robots":{"index":"index","follow":"follow","max-snippet":"max-snippet:-1","max-image-preview":"max-image-preview:large","max-video-preview":"max-video-preview:-1"},"canonical":"https:\/\/liberte33hotel.pl\/cs\/kontakt\/","og_locale":"cs_CZ","og_type":"article","og_title":"Kontakty - Hotel Libert\u00e9 33","og_description":"Nev\u00e1hejte n\u00e1s kontaktovat \u2013 r\u00e1di zodpov\u00edme v\u0161echny va\u0161e dotazy..","og_url":"https:\/\/liberte33hotel.pl\/cs\/kontakt\/","og_site_name":"Hotel Libert\u00e9 33","article_publisher":"https:\/\/www.facebook.com\/liberte33hotel","article_modified_time":"2026-01-26T10:12:57+00:00","og_image":[{"width":1000,"height":731,"url":"https:\/\/liberte33hotel.pl\/wp-content\/uploads\/sites\/9\/2025\/10\/DSC_7394-205-1.jpg","type":"image\/jpeg"}],"twitter_card":"summary_large_image","twitter_misc":{"Est. reading time":"1 minuta"},"schema":{"@context":"https:\/\/schema.org","@graph":[{"@type":"WebPage","@id":"https:\/\/liberte33hotel.pl\/cs\/kontakt\/","url":"https:\/\/liberte33hotel.pl\/cs\/kontakt\/","name":"Kontakty - Hotel Libert\u00e9 33","isPartOf":{"@id":"https:\/\/liberte33hotel.pl\/cs\/#website"},"datePublished":"2025-10-07T14:49:11+00:00","dateModified":"2026-01-26T10:12:57+00:00","description":"Nev\u00e1hejte n\u00e1s kontaktovat \u2013 r\u00e1di zodpov\u00edme v\u0161echny va\u0161e dotazy. .","breadcrumb":{"@id":"https:\/\/liberte33hotel.pl\/cs\/kontakt\/#breadcrumb"},"inLanguage":"cs","potentialAction":[{"@type":"ReadAction","target":["https:\/\/liberte33hotel.pl\/cs\/kontakt\/"]}]},{"@type":"BreadcrumbList","@id":"https:\/\/liberte33hotel.pl\/cs\/kontakt\/#breadcrumb","itemListElement":[{"@type":"ListItem","position":1,"name":"Home","item":"https:\/\/liberte33hotel.pl\/cs\/"},{"@type":"ListItem","position":2,"name":"Kontakty"}]},{"@type":"WebSite","@id":"https:\/\/liberte33hotel.pl\/cs\/#website","url":"https:\/\/liberte33hotel.pl\/cs\/","name":"Hotel Libert\u00e9 33","description":"","publisher":{"@id":"https:\/\/liberte33hotel.pl\/cs\/#organization"},"alternateName":"Hotel Libert\u00e9 33","potentialAction":[{"@type":"SearchAction","target":{"@type":"EntryPoint","urlTemplate":"https:\/\/liberte33hotel.pl\/cs\/?s={search_term_string}"},"query-input":{"@type":"PropertyValueSpecification","valueRequired":true,"valueName":"search_term_string"}}],"inLanguage":"cs"},{"@type":"Organization","@id":"https:\/\/liberte33hotel.pl\/cs\/#organization","name":"Hotel Libert\u00e9 33","alternateName":"Hotel Libert\u00e9 33","url":"https:\/\/liberte33hotel.pl\/cs\/","logo":{"@type":"ImageObject","inLanguage":"cs","@id":"https:\/\/liberte33hotel.pl\/cs\/#\/schema\/logo\/image\/","url":"https:\/\/hotel-liberte-33.ms3.decms.eu\/wp-content\/uploads\/sites\/9\/2025\/10\/logo-white-sygnet.png","contentUrl":"https:\/\/hotel-liberte-33.ms3.decms.eu\/wp-content\/uploads\/sites\/9\/2025\/10\/logo-white-sygnet.png","width":696,"height":925,"caption":"Hotel Libert\u00e9 33"},"image":{"@id":"https:\/\/liberte33hotel.pl\/cs\/#\/schema\/logo\/image\/"},"sameAs":["https:\/\/www.facebook.com\/liberte33hotel","https:\/\/www.instagram.com\/liberte33hotel\/"]}]}},"acf":[],"_links":{"self":[{"href":"https:\/\/liberte33hotel.pl\/cs\/wp-json\/wp\/v2\/pages\/930","targetHints":{"allow":["GET"]}}],"collection":[{"href":"https:\/\/liberte33hotel.pl\/cs\/wp-json\/wp\/v2\/pages"}],"about":[{"href":"https:\/\/liberte33hotel.pl\/cs\/wp-json\/wp\/v2\/types\/page"}],"author":[{"embeddable":true,"href":"https:\/\/liberte33hotel.pl\/cs\/wp-json\/wp\/v2\/users\/9"}],"replies":[{"embeddable":true,"href":"https:\/\/liberte33hotel.pl\/cs\/wp-json\/wp\/v2\/comments?post=930"}],"version-history":[{"count":0,"href":"https:\/\/liberte33hotel.pl\/cs\/wp-json\/wp\/v2\/pages\/930\/revisions"}],"wp:attachment":[{"href":"https:\/\/liberte33hotel.pl\/cs\/wp-json\/wp\/v2\/media?parent=930"}],"curies":[{"name":"wp","href":"https:\/\/api.w.org\/{rel}","templated":true}]}}