{"id":938,"date":"2025-10-07T15:07:53","date_gmt":"2025-10-07T15:07:53","guid":{"rendered":"https:\/\/liberte33hotel.pl\/?page_id=938"},"modified":"2026-01-22T09:49:42","modified_gmt":"2026-01-22T09:49:42","slug":"standardy-ochrany-nezletilych-som","status":"publish","type":"page","link":"https:\/\/liberte33hotel.pl\/cs\/standardy-ochrany-nezletilych-som\/","title":{"rendered":"Standardy ochrany nezletil\u00fdch (SOM)"},"content":{"rendered":"<p>V souladu se z\u00e1konem ze dne 28. \u010dervence 2023 je hotel povinen do 15. srpna 2024 zav\u00e9st Standardy ochrany nezletil\u00fdch (SOM). Hotel m\u00e1 povinnost tyto standardy uplat\u0148ovat, zejm\u00e9na pak zji\u0161\u0165ovat toto\u017enost nezletil\u00e9 osoby a jej\u00ed vztah k dosp\u011bl\u00e9 osob\u011b, se kterou se v objektu zdr\u017euje (Z\u00e1kon ze dne 13. kv\u011btna 2016 o prevenci hrozeb sexu\u00e1ln\u00ed kriminality a ochran\u011b nezletil\u00fdch).<\/p>\n<p>&nbsp;<\/p>\n<p><strong>Po\u017eadovan\u00e9 doklady:<\/strong><\/p>\n<p>Za \u00fa\u010delem \u0159\u00e1dn\u00e9ho ov\u011b\u0159en\u00ed v\u00e1s p\u0159i p\u0159\u00edjezdu po\u017e\u00e1d\u00e1me o p\u0159edlo\u017een\u00ed dokladu toto\u017enosti d\u00edt\u011bte nebo jin\u00e9ho dokumentu potvrzuj\u00edc\u00edho opr\u00e1vn\u011bn\u00ed k p\u00e9\u010di o d\u00edt\u011b v danou chv\u00edli.<\/p>\n<p>P\u0159\u00edklady doklad\u016f ov\u011b\u0159uj\u00edc\u00edch toto\u017enost d\u00edt\u011bte: ob\u010dansk\u00fd pr\u016fkaz, \u0161koln\u00ed pr\u016fkaz, aplikace mObywatel, online pacientsk\u00fd \u00fa\u010det, soudn\u00ed rozhodnut\u00ed.<\/p>\n<p>Pokud nejste rodi\u010dem d\u00edt\u011bte, je nutn\u00e9 p\u0159edlo\u017eit not\u00e1\u0159sky ov\u011b\u0159en\u00fd souhlas nebo souhlas rodi\u010d\u016f, kter\u00fd obsahuje \u00fadaje o d\u00edt\u011bti, adresu jeho bydli\u0161t\u011b, telefonn\u00ed kontakt na rodi\u010de, \u010d\u00edslo dokladu toto\u017enosti a rodn\u00e9 \u010d\u00edslo (PESEL) osoby cestuj\u00edc\u00ed s d\u00edt\u011btem.<\/p>\n<p>&nbsp;<\/p>\n","protected":false},"excerpt":{"rendered":"<p>V souladu se z\u00e1konem ze dne 28. \u010dervence 2023 je hotel povinen do 15. srpna 2024 zav\u00e9st Standardy ochrany nezletil\u00fdch (SOM). Hotel m\u00e1 povinnost tyto standardy uplat\u0148ovat, zejm\u00e9na pak zji\u0161\u0165ovat toto\u017enost nezletil\u00e9 osoby a jej\u00ed vztah k dosp\u011bl\u00e9 osob\u011b, se kterou se v objektu zdr\u017euje (Z\u00e1kon ze dne 13. kv\u011btna 2016 o prevenci hrozeb sexu\u00e1ln\u00ed [&hellip;]<\/p>\n","protected":false},"author":9,"featured_media":0,"parent":0,"menu_order":998,"comment_status":"closed","ping_status":"closed","template":"template-privacy.php","meta":{"footnotes":""},"class_list":["post-938","page","type-page","status-publish","hentry"],"yoast_head":"<!-- This site is optimized with the Yoast SEO plugin v26.9 - https:\/\/yoast.com\/product\/yoast-seo-wordpress\/ -->\n<title>Standardy ochrany nezletil\u00fdch (SOM) - Hotel Libert\u00e9 33<\/title>\n<meta name=\"description\" content=\"V souladu se z\u00e1konem ze dne 28. \u010dervence 2023 je hotel povinen do 15\" \/>\n<meta name=\"robots\" content=\"index, follow, max-snippet:-1, max-image-preview:large, max-video-preview:-1\" \/>\n<link rel=\"canonical\" href=\"https:\/\/liberte33hotel.pl\/cs\/standardy-ochrany-nezletilych-som\/\" \/>\n<meta property=\"og:locale\" content=\"cs_CZ\" \/>\n<meta property=\"og:type\" content=\"article\" \/>\n<meta property=\"og:title\" content=\"Standardy ochrany nezletil\u00fdch (SOM) - Hotel Libert\u00e9 33\" \/>\n<meta property=\"og:description\" content=\"V souladu se z\u00e1konem ze dne 28. \u010dervence 2023 je hotel povinen do 15\" \/>\n<meta property=\"og:url\" content=\"https:\/\/liberte33hotel.pl\/cs\/standardy-ochrany-nezletilych-som\/\" \/>\n<meta property=\"og:site_name\" content=\"Hotel Libert\u00e9 33\" \/>\n<meta property=\"article:publisher\" content=\"https:\/\/www.facebook.com\/liberte33hotel\" \/>\n<meta property=\"article:modified_time\" content=\"2026-01-22T09:49:42+00:00\" \/>\n<meta property=\"og:image\" content=\"https:\/\/liberte33hotel.pl\/wp-content\/uploads\/sites\/9\/2025\/10\/DSC_7394-205-1.jpg\" \/>\n\t<meta property=\"og:image:width\" content=\"1000\" \/>\n\t<meta property=\"og:image:height\" content=\"731\" \/>\n\t<meta property=\"og:image:type\" content=\"image\/jpeg\" \/>\n<meta name=\"twitter:card\" content=\"summary_large_image\" \/>\n<meta name=\"twitter:label1\" content=\"Est. reading time\" \/>\n\t<meta name=\"twitter:data1\" content=\"1 minuta\" \/>\n<script type=\"application\/ld+json\" class=\"yoast-schema-graph\">{\"@context\":\"https:\/\/schema.org\",\"@graph\":[{\"@type\":\"WebPage\",\"@id\":\"https:\/\/liberte33hotel.pl\/cs\/standardy-ochrany-nezletilych-som\/\",\"url\":\"https:\/\/liberte33hotel.pl\/cs\/standardy-ochrany-nezletilych-som\/\",\"name\":\"Standardy ochrany nezletil\u00fdch (SOM) - Hotel Libert\u00e9 33\",\"isPartOf\":{\"@id\":\"https:\/\/liberte33hotel.pl\/cs\/#website\"},\"datePublished\":\"2025-10-07T15:07:53+00:00\",\"dateModified\":\"2026-01-22T09:49:42+00:00\",\"description\":\"V souladu se z\u00e1konem ze dne 28. \u010dervence 2023 je hotel povinen do 15\",\"breadcrumb\":{\"@id\":\"https:\/\/liberte33hotel.pl\/cs\/standardy-ochrany-nezletilych-som\/#breadcrumb\"},\"inLanguage\":\"cs\",\"potentialAction\":[{\"@type\":\"ReadAction\",\"target\":[\"https:\/\/liberte33hotel.pl\/cs\/standardy-ochrany-nezletilych-som\/\"]}]},{\"@type\":\"BreadcrumbList\",\"@id\":\"https:\/\/liberte33hotel.pl\/cs\/standardy-ochrany-nezletilych-som\/#breadcrumb\",\"itemListElement\":[{\"@type\":\"ListItem\",\"position\":1,\"name\":\"Home\",\"item\":\"https:\/\/liberte33hotel.pl\/cs\/\"},{\"@type\":\"ListItem\",\"position\":2,\"name\":\"Standardy ochrany nezletil\u00fdch (SOM)\"}]},{\"@type\":\"WebSite\",\"@id\":\"https:\/\/liberte33hotel.pl\/cs\/#website\",\"url\":\"https:\/\/liberte33hotel.pl\/cs\/\",\"name\":\"Hotel Libert\u00e9 33\",\"description\":\"\",\"publisher\":{\"@id\":\"https:\/\/liberte33hotel.pl\/cs\/#organization\"},\"alternateName\":\"Hotel Libert\u00e9 33\",\"potentialAction\":[{\"@type\":\"SearchAction\",\"target\":{\"@type\":\"EntryPoint\",\"urlTemplate\":\"https:\/\/liberte33hotel.pl\/cs\/?s={search_term_string}\"},\"query-input\":{\"@type\":\"PropertyValueSpecification\",\"valueRequired\":true,\"valueName\":\"search_term_string\"}}],\"inLanguage\":\"cs\"},{\"@type\":\"Organization\",\"@id\":\"https:\/\/liberte33hotel.pl\/cs\/#organization\",\"name\":\"Hotel Libert\u00e9 33\",\"alternateName\":\"Hotel Libert\u00e9 33\",\"url\":\"https:\/\/liberte33hotel.pl\/cs\/\",\"logo\":{\"@type\":\"ImageObject\",\"inLanguage\":\"cs\",\"@id\":\"https:\/\/liberte33hotel.pl\/cs\/#\/schema\/logo\/image\/\",\"url\":\"https:\/\/hotel-liberte-33.ms3.decms.eu\/wp-content\/uploads\/sites\/9\/2025\/10\/logo-white-sygnet.png\",\"contentUrl\":\"https:\/\/hotel-liberte-33.ms3.decms.eu\/wp-content\/uploads\/sites\/9\/2025\/10\/logo-white-sygnet.png\",\"width\":696,\"height\":925,\"caption\":\"Hotel Libert\u00e9 33\"},\"image\":{\"@id\":\"https:\/\/liberte33hotel.pl\/cs\/#\/schema\/logo\/image\/\"},\"sameAs\":[\"https:\/\/www.facebook.com\/liberte33hotel\",\"https:\/\/www.instagram.com\/liberte33hotel\/\"]}]}<\/script>\n<!-- \/ Yoast SEO plugin. -->","yoast_head_json":{"title":"Standardy ochrany nezletil\u00fdch (SOM) - Hotel Libert\u00e9 33","description":"V souladu se z\u00e1konem ze dne 28. \u010dervence 2023 je hotel povinen do 15","robots":{"index":"index","follow":"follow","max-snippet":"max-snippet:-1","max-image-preview":"max-image-preview:large","max-video-preview":"max-video-preview:-1"},"canonical":"https:\/\/liberte33hotel.pl\/cs\/standardy-ochrany-nezletilych-som\/","og_locale":"cs_CZ","og_type":"article","og_title":"Standardy ochrany nezletil\u00fdch (SOM) - Hotel Libert\u00e9 33","og_description":"V souladu se z\u00e1konem ze dne 28. \u010dervence 2023 je hotel povinen do 15","og_url":"https:\/\/liberte33hotel.pl\/cs\/standardy-ochrany-nezletilych-som\/","og_site_name":"Hotel Libert\u00e9 33","article_publisher":"https:\/\/www.facebook.com\/liberte33hotel","article_modified_time":"2026-01-22T09:49:42+00:00","og_image":[{"width":1000,"height":731,"url":"https:\/\/liberte33hotel.pl\/wp-content\/uploads\/sites\/9\/2025\/10\/DSC_7394-205-1.jpg","type":"image\/jpeg"}],"twitter_card":"summary_large_image","twitter_misc":{"Est. reading time":"1 minuta"},"schema":{"@context":"https:\/\/schema.org","@graph":[{"@type":"WebPage","@id":"https:\/\/liberte33hotel.pl\/cs\/standardy-ochrany-nezletilych-som\/","url":"https:\/\/liberte33hotel.pl\/cs\/standardy-ochrany-nezletilych-som\/","name":"Standardy ochrany nezletil\u00fdch (SOM) - Hotel Libert\u00e9 33","isPartOf":{"@id":"https:\/\/liberte33hotel.pl\/cs\/#website"},"datePublished":"2025-10-07T15:07:53+00:00","dateModified":"2026-01-22T09:49:42+00:00","description":"V souladu se z\u00e1konem ze dne 28. \u010dervence 2023 je hotel povinen do 15","breadcrumb":{"@id":"https:\/\/liberte33hotel.pl\/cs\/standardy-ochrany-nezletilych-som\/#breadcrumb"},"inLanguage":"cs","potentialAction":[{"@type":"ReadAction","target":["https:\/\/liberte33hotel.pl\/cs\/standardy-ochrany-nezletilych-som\/"]}]},{"@type":"BreadcrumbList","@id":"https:\/\/liberte33hotel.pl\/cs\/standardy-ochrany-nezletilych-som\/#breadcrumb","itemListElement":[{"@type":"ListItem","position":1,"name":"Home","item":"https:\/\/liberte33hotel.pl\/cs\/"},{"@type":"ListItem","position":2,"name":"Standardy ochrany nezletil\u00fdch (SOM)"}]},{"@type":"WebSite","@id":"https:\/\/liberte33hotel.pl\/cs\/#website","url":"https:\/\/liberte33hotel.pl\/cs\/","name":"Hotel Libert\u00e9 33","description":"","publisher":{"@id":"https:\/\/liberte33hotel.pl\/cs\/#organization"},"alternateName":"Hotel Libert\u00e9 33","potentialAction":[{"@type":"SearchAction","target":{"@type":"EntryPoint","urlTemplate":"https:\/\/liberte33hotel.pl\/cs\/?s={search_term_string}"},"query-input":{"@type":"PropertyValueSpecification","valueRequired":true,"valueName":"search_term_string"}}],"inLanguage":"cs"},{"@type":"Organization","@id":"https:\/\/liberte33hotel.pl\/cs\/#organization","name":"Hotel Libert\u00e9 33","alternateName":"Hotel Libert\u00e9 33","url":"https:\/\/liberte33hotel.pl\/cs\/","logo":{"@type":"ImageObject","inLanguage":"cs","@id":"https:\/\/liberte33hotel.pl\/cs\/#\/schema\/logo\/image\/","url":"https:\/\/hotel-liberte-33.ms3.decms.eu\/wp-content\/uploads\/sites\/9\/2025\/10\/logo-white-sygnet.png","contentUrl":"https:\/\/hotel-liberte-33.ms3.decms.eu\/wp-content\/uploads\/sites\/9\/2025\/10\/logo-white-sygnet.png","width":696,"height":925,"caption":"Hotel Libert\u00e9 33"},"image":{"@id":"https:\/\/liberte33hotel.pl\/cs\/#\/schema\/logo\/image\/"},"sameAs":["https:\/\/www.facebook.com\/liberte33hotel","https:\/\/www.instagram.com\/liberte33hotel\/"]}]}},"acf":[],"_links":{"self":[{"href":"https:\/\/liberte33hotel.pl\/cs\/wp-json\/wp\/v2\/pages\/938","targetHints":{"allow":["GET"]}}],"collection":[{"href":"https:\/\/liberte33hotel.pl\/cs\/wp-json\/wp\/v2\/pages"}],"about":[{"href":"https:\/\/liberte33hotel.pl\/cs\/wp-json\/wp\/v2\/types\/page"}],"author":[{"embeddable":true,"href":"https:\/\/liberte33hotel.pl\/cs\/wp-json\/wp\/v2\/users\/9"}],"replies":[{"embeddable":true,"href":"https:\/\/liberte33hotel.pl\/cs\/wp-json\/wp\/v2\/comments?post=938"}],"version-history":[{"count":0,"href":"https:\/\/liberte33hotel.pl\/cs\/wp-json\/wp\/v2\/pages\/938\/revisions"}],"wp:attachment":[{"href":"https:\/\/liberte33hotel.pl\/cs\/wp-json\/wp\/v2\/media?parent=938"}],"curies":[{"name":"wp","href":"https:\/\/api.w.org\/{rel}","templated":true}]}}