{"id":953,"date":"2025-10-10T12:56:04","date_gmt":"2025-10-10T12:56:04","guid":{"rendered":"https:\/\/liberte33hotel.pl\/?page_id=953"},"modified":"2026-02-27T14:54:06","modified_gmt":"2026-02-27T14:54:06","slug":"provozni-rad-hotelu","status":"publish","type":"page","link":"https:\/\/liberte33hotel.pl\/cs\/provozni-rad-hotelu\/","title":{"rendered":"Provozn\u00ed \u0159\u00e1d hotelu"},"content":{"rendered":"<details>\n<summary>\u010cas p\u0159\u00edjezdu a odjezdu<\/summary>\n<p>Check-in od 15:00, check-out do 11:00<\/p>\n<\/details>\n<details>\n<summary>Pobyt se zv\u00ed\u0159aty<\/summary>\n<p>Hotel p\u0159ij\u00edm\u00e1 dom\u00e1c\u00ed mazl\u00ed\u010dky za p\u0159\u00edplatek. Pros\u00edme o kontaktov\u00e1n\u00ed recepce p\u0159edem pro potvrzen\u00ed mo\u017enosti pobytu se zv\u00ed\u0159etem.<\/p>\n<\/details>\n<details>\n<summary>Storno podm\u00ednky a platba p\u0159edem<\/summary>\n<p>Standardn\u00ed rezervace nab\u00edzej\u00ed mo\u017enost bezplatn\u00e9ho zru\u0161en\u00ed do 14:00 v den p\u0159\u00edjezdu. Nevratn\u00e9 rezervace (non-refundable) vy\u017eaduj\u00ed platbu p\u0159edem.<\/p>\n<\/details>\n<details>\n<summary>Skupiny<\/summary>\n<p>P\u0159i rezervaci v\u00edce ne\u017e 5 pokoj\u016f mohou platit jin\u00e9 podm\u00ednky a dodate\u010dn\u00e9 poplatky. Pro rezervaci v\u011bt\u0161\u00edho po\u010dtu pokoj\u016f sou\u010dasn\u011b kontaktujte pros\u00edm recepci.<\/p>\n<\/details>\n<details>\n<summary>Kou\u0159en\u00ed<\/summary>\n<p>V cel\u00e9m objektu plat\u00ed p\u0159\u00edsn\u00fd z\u00e1kaz kou\u0159en\u00ed.<\/p>\n<\/details>\n<details>\n<summary>Parkov\u00e1n\u00ed<\/summary>\n<p>Podzemn\u00ed gar\u00e1\u017e a venkovn\u00ed parkovac\u00ed st\u00e1n\u00ed vy\u017eaduj\u00ed rezervaci a jsou k dispozici za p\u0159\u00edplatek 80 PLN za noc.<\/p>\n<\/details>\n<details>\n<summary>Platba<\/summary>\n<p>P\u0159i p\u0159\u00edjezdu je vy\u017eadov\u00e1na z\u00e1loha formou p\u0159edautorizace platebn\u00ed karty ve v\u00fd\u0161i celkov\u00e9 ceny ubytov\u00e1n\u00ed a dodate\u010dn\u00fdch 200 PLN na pokoj.<\/p>\n<\/details>\n","protected":false},"excerpt":{"rendered":"<p>\u010cas p\u0159\u00edjezdu a odjezdu Check-in od 15:00, check-out do 11:00 Pobyt se zv\u00ed\u0159aty Hotel p\u0159ij\u00edm\u00e1 dom\u00e1c\u00ed mazl\u00ed\u010dky za p\u0159\u00edplatek. Pros\u00edme o kontaktov\u00e1n\u00ed recepce p\u0159edem pro potvrzen\u00ed mo\u017enosti pobytu se zv\u00ed\u0159etem. Storno podm\u00ednky a platba p\u0159edem Standardn\u00ed rezervace nab\u00edzej\u00ed mo\u017enost bezplatn\u00e9ho zru\u0161en\u00ed do 14:00 v den p\u0159\u00edjezdu. Nevratn\u00e9 rezervace (non-refundable) vy\u017eaduj\u00ed platbu p\u0159edem. Skupiny P\u0159i rezervaci [&hellip;]<\/p>\n","protected":false},"author":9,"featured_media":0,"parent":0,"menu_order":90,"comment_status":"closed","ping_status":"closed","template":"template-faq.php","meta":{"footnotes":""},"class_list":["post-953","page","type-page","status-publish","hentry"],"yoast_head":"<!-- This site is optimized with the Yoast SEO plugin v26.9 - https:\/\/yoast.com\/product\/yoast-seo-wordpress\/ -->\n<title>Provozn\u00ed \u0159\u00e1d hotelu - Hotel Libert\u00e9 33<\/title>\n<meta name=\"description\" content=\"\u010cas p\u0159\u00edjezdu a odjezduCheck-in od 15:00, check-out do 11:00  Pobyt se zv\u00ed\u0159atyHotel p\u0159ij\u00edm\u00e1 dom\u00e1c\u00ed mazl\u00ed\u010dky za p\u0159\u00edplatek. Pros\u00edme o kontaktov\u00e1n\u00ed recepce p\u0159edem pro potvrzen\u00ed mo\u017enosti pobytu se zv\u00ed\u0159etem.  Storno podm\u00ednky a platba p\u0159edemStandardn\u00ed rezervace nab\u00edzej\u00ed mo\u017enost bezplatn\u00e9ho zru\u0161en\u00ed do 14:00 v den p\u0159\u00edjezdu\" \/>\n<meta name=\"robots\" content=\"index, follow, max-snippet:-1, max-image-preview:large, max-video-preview:-1\" \/>\n<link rel=\"canonical\" href=\"https:\/\/liberte33hotel.pl\/cs\/provozni-rad-hotelu\/\" \/>\n<meta property=\"og:locale\" content=\"cs_CZ\" \/>\n<meta property=\"og:type\" content=\"article\" \/>\n<meta property=\"og:title\" content=\"Provozn\u00ed \u0159\u00e1d hotelu - Hotel Libert\u00e9 33\" \/>\n<meta property=\"og:description\" content=\"\u010cas p\u0159\u00edjezdu a odjezduCheck-in od 15:00, check-out do 11:00  Pobyt se zv\u00ed\u0159atyHotel p\u0159ij\u00edm\u00e1 dom\u00e1c\u00ed mazl\u00ed\u010dky za p\u0159\u00edplatek. Pros\u00edme o kontaktov\u00e1n\u00ed recepce p\u0159edem pro potvrzen\u00ed mo\u017enosti pobytu se zv\u00ed\u0159etem.  Storno podm\u00ednky a platba p\u0159edemStandardn\u00ed rezervace nab\u00edzej\u00ed mo\u017enost bezplatn\u00e9ho zru\u0161en\u00ed do 14:00 v den p\u0159\u00edjezdu\" \/>\n<meta property=\"og:url\" content=\"https:\/\/liberte33hotel.pl\/cs\/provozni-rad-hotelu\/\" \/>\n<meta property=\"og:site_name\" content=\"Hotel Libert\u00e9 33\" \/>\n<meta property=\"article:publisher\" content=\"https:\/\/www.facebook.com\/liberte33hotel\" \/>\n<meta property=\"article:modified_time\" content=\"2026-02-27T14:54:06+00:00\" \/>\n<meta property=\"og:image\" content=\"https:\/\/liberte33hotel.pl\/wp-content\/uploads\/sites\/9\/2025\/10\/DSC_7394-205-1.jpg\" \/>\n\t<meta property=\"og:image:width\" content=\"1000\" \/>\n\t<meta property=\"og:image:height\" content=\"731\" \/>\n\t<meta property=\"og:image:type\" content=\"image\/jpeg\" \/>\n<meta name=\"twitter:card\" content=\"summary_large_image\" \/>\n<meta name=\"twitter:label1\" content=\"Est. reading time\" \/>\n\t<meta name=\"twitter:data1\" content=\"1 minuta\" \/>\n<script type=\"application\/ld+json\" class=\"yoast-schema-graph\">{\"@context\":\"https:\/\/schema.org\",\"@graph\":[{\"@type\":\"WebPage\",\"@id\":\"https:\/\/liberte33hotel.pl\/cs\/provozni-rad-hotelu\/\",\"url\":\"https:\/\/liberte33hotel.pl\/cs\/provozni-rad-hotelu\/\",\"name\":\"Provozn\u00ed \u0159\u00e1d hotelu - Hotel Libert\u00e9 33\",\"isPartOf\":{\"@id\":\"https:\/\/liberte33hotel.pl\/cs\/#website\"},\"datePublished\":\"2025-10-10T12:56:04+00:00\",\"dateModified\":\"2026-02-27T14:54:06+00:00\",\"description\":\"\u010cas p\u0159\u00edjezdu a odjezduCheck-in od 15:00, check-out do 11:00 Pobyt se zv\u00ed\u0159atyHotel p\u0159ij\u00edm\u00e1 dom\u00e1c\u00ed mazl\u00ed\u010dky za p\u0159\u00edplatek. Pros\u00edme o kontaktov\u00e1n\u00ed recepce p\u0159edem pro potvrzen\u00ed mo\u017enosti pobytu se zv\u00ed\u0159etem. Storno podm\u00ednky a platba p\u0159edemStandardn\u00ed rezervace nab\u00edzej\u00ed mo\u017enost bezplatn\u00e9ho zru\u0161en\u00ed do 14:00 v den p\u0159\u00edjezdu\",\"breadcrumb\":{\"@id\":\"https:\/\/liberte33hotel.pl\/cs\/provozni-rad-hotelu\/#breadcrumb\"},\"inLanguage\":\"cs\",\"potentialAction\":[{\"@type\":\"ReadAction\",\"target\":[\"https:\/\/liberte33hotel.pl\/cs\/provozni-rad-hotelu\/\"]}]},{\"@type\":\"BreadcrumbList\",\"@id\":\"https:\/\/liberte33hotel.pl\/cs\/provozni-rad-hotelu\/#breadcrumb\",\"itemListElement\":[{\"@type\":\"ListItem\",\"position\":1,\"name\":\"Home\",\"item\":\"https:\/\/liberte33hotel.pl\/cs\/\"},{\"@type\":\"ListItem\",\"position\":2,\"name\":\"Provozn\u00ed \u0159\u00e1d hotelu\"}]},{\"@type\":\"WebSite\",\"@id\":\"https:\/\/liberte33hotel.pl\/cs\/#website\",\"url\":\"https:\/\/liberte33hotel.pl\/cs\/\",\"name\":\"Hotel Libert\u00e9 33\",\"description\":\"\",\"publisher\":{\"@id\":\"https:\/\/liberte33hotel.pl\/cs\/#organization\"},\"alternateName\":\"Hotel Libert\u00e9 33\",\"potentialAction\":[{\"@type\":\"SearchAction\",\"target\":{\"@type\":\"EntryPoint\",\"urlTemplate\":\"https:\/\/liberte33hotel.pl\/cs\/?s={search_term_string}\"},\"query-input\":{\"@type\":\"PropertyValueSpecification\",\"valueRequired\":true,\"valueName\":\"search_term_string\"}}],\"inLanguage\":\"cs\"},{\"@type\":\"Organization\",\"@id\":\"https:\/\/liberte33hotel.pl\/cs\/#organization\",\"name\":\"Hotel Libert\u00e9 33\",\"alternateName\":\"Hotel Libert\u00e9 33\",\"url\":\"https:\/\/liberte33hotel.pl\/cs\/\",\"logo\":{\"@type\":\"ImageObject\",\"inLanguage\":\"cs\",\"@id\":\"https:\/\/liberte33hotel.pl\/cs\/#\/schema\/logo\/image\/\",\"url\":\"https:\/\/hotel-liberte-33.ms3.decms.eu\/wp-content\/uploads\/sites\/9\/2025\/10\/logo-white-sygnet.png\",\"contentUrl\":\"https:\/\/hotel-liberte-33.ms3.decms.eu\/wp-content\/uploads\/sites\/9\/2025\/10\/logo-white-sygnet.png\",\"width\":696,\"height\":925,\"caption\":\"Hotel Libert\u00e9 33\"},\"image\":{\"@id\":\"https:\/\/liberte33hotel.pl\/cs\/#\/schema\/logo\/image\/\"},\"sameAs\":[\"https:\/\/www.facebook.com\/liberte33hotel\",\"https:\/\/www.instagram.com\/liberte33hotel\/\"]}]}<\/script>\n<!-- \/ Yoast SEO plugin. -->","yoast_head_json":{"title":"Provozn\u00ed \u0159\u00e1d hotelu - Hotel Libert\u00e9 33","description":"\u010cas p\u0159\u00edjezdu a odjezduCheck-in od 15:00, check-out do 11:00  Pobyt se zv\u00ed\u0159atyHotel p\u0159ij\u00edm\u00e1 dom\u00e1c\u00ed mazl\u00ed\u010dky za p\u0159\u00edplatek. Pros\u00edme o kontaktov\u00e1n\u00ed recepce p\u0159edem pro potvrzen\u00ed mo\u017enosti pobytu se zv\u00ed\u0159etem.  Storno podm\u00ednky a platba p\u0159edemStandardn\u00ed rezervace nab\u00edzej\u00ed mo\u017enost bezplatn\u00e9ho zru\u0161en\u00ed do 14:00 v den p\u0159\u00edjezdu","robots":{"index":"index","follow":"follow","max-snippet":"max-snippet:-1","max-image-preview":"max-image-preview:large","max-video-preview":"max-video-preview:-1"},"canonical":"https:\/\/liberte33hotel.pl\/cs\/provozni-rad-hotelu\/","og_locale":"cs_CZ","og_type":"article","og_title":"Provozn\u00ed \u0159\u00e1d hotelu - Hotel Libert\u00e9 33","og_description":"\u010cas p\u0159\u00edjezdu a odjezduCheck-in od 15:00, check-out do 11:00  Pobyt se zv\u00ed\u0159atyHotel p\u0159ij\u00edm\u00e1 dom\u00e1c\u00ed mazl\u00ed\u010dky za p\u0159\u00edplatek. Pros\u00edme o kontaktov\u00e1n\u00ed recepce p\u0159edem pro potvrzen\u00ed mo\u017enosti pobytu se zv\u00ed\u0159etem.  Storno podm\u00ednky a platba p\u0159edemStandardn\u00ed rezervace nab\u00edzej\u00ed mo\u017enost bezplatn\u00e9ho zru\u0161en\u00ed do 14:00 v den p\u0159\u00edjezdu","og_url":"https:\/\/liberte33hotel.pl\/cs\/provozni-rad-hotelu\/","og_site_name":"Hotel Libert\u00e9 33","article_publisher":"https:\/\/www.facebook.com\/liberte33hotel","article_modified_time":"2026-02-27T14:54:06+00:00","og_image":[{"width":1000,"height":731,"url":"https:\/\/liberte33hotel.pl\/wp-content\/uploads\/sites\/9\/2025\/10\/DSC_7394-205-1.jpg","type":"image\/jpeg"}],"twitter_card":"summary_large_image","twitter_misc":{"Est. reading time":"1 minuta"},"schema":{"@context":"https:\/\/schema.org","@graph":[{"@type":"WebPage","@id":"https:\/\/liberte33hotel.pl\/cs\/provozni-rad-hotelu\/","url":"https:\/\/liberte33hotel.pl\/cs\/provozni-rad-hotelu\/","name":"Provozn\u00ed \u0159\u00e1d hotelu - Hotel Libert\u00e9 33","isPartOf":{"@id":"https:\/\/liberte33hotel.pl\/cs\/#website"},"datePublished":"2025-10-10T12:56:04+00:00","dateModified":"2026-02-27T14:54:06+00:00","description":"\u010cas p\u0159\u00edjezdu a odjezduCheck-in od 15:00, check-out do 11:00 Pobyt se zv\u00ed\u0159atyHotel p\u0159ij\u00edm\u00e1 dom\u00e1c\u00ed mazl\u00ed\u010dky za p\u0159\u00edplatek. Pros\u00edme o kontaktov\u00e1n\u00ed recepce p\u0159edem pro potvrzen\u00ed mo\u017enosti pobytu se zv\u00ed\u0159etem. Storno podm\u00ednky a platba p\u0159edemStandardn\u00ed rezervace nab\u00edzej\u00ed mo\u017enost bezplatn\u00e9ho zru\u0161en\u00ed do 14:00 v den p\u0159\u00edjezdu","breadcrumb":{"@id":"https:\/\/liberte33hotel.pl\/cs\/provozni-rad-hotelu\/#breadcrumb"},"inLanguage":"cs","potentialAction":[{"@type":"ReadAction","target":["https:\/\/liberte33hotel.pl\/cs\/provozni-rad-hotelu\/"]}]},{"@type":"BreadcrumbList","@id":"https:\/\/liberte33hotel.pl\/cs\/provozni-rad-hotelu\/#breadcrumb","itemListElement":[{"@type":"ListItem","position":1,"name":"Home","item":"https:\/\/liberte33hotel.pl\/cs\/"},{"@type":"ListItem","position":2,"name":"Provozn\u00ed \u0159\u00e1d hotelu"}]},{"@type":"WebSite","@id":"https:\/\/liberte33hotel.pl\/cs\/#website","url":"https:\/\/liberte33hotel.pl\/cs\/","name":"Hotel Libert\u00e9 33","description":"","publisher":{"@id":"https:\/\/liberte33hotel.pl\/cs\/#organization"},"alternateName":"Hotel Libert\u00e9 33","potentialAction":[{"@type":"SearchAction","target":{"@type":"EntryPoint","urlTemplate":"https:\/\/liberte33hotel.pl\/cs\/?s={search_term_string}"},"query-input":{"@type":"PropertyValueSpecification","valueRequired":true,"valueName":"search_term_string"}}],"inLanguage":"cs"},{"@type":"Organization","@id":"https:\/\/liberte33hotel.pl\/cs\/#organization","name":"Hotel Libert\u00e9 33","alternateName":"Hotel Libert\u00e9 33","url":"https:\/\/liberte33hotel.pl\/cs\/","logo":{"@type":"ImageObject","inLanguage":"cs","@id":"https:\/\/liberte33hotel.pl\/cs\/#\/schema\/logo\/image\/","url":"https:\/\/hotel-liberte-33.ms3.decms.eu\/wp-content\/uploads\/sites\/9\/2025\/10\/logo-white-sygnet.png","contentUrl":"https:\/\/hotel-liberte-33.ms3.decms.eu\/wp-content\/uploads\/sites\/9\/2025\/10\/logo-white-sygnet.png","width":696,"height":925,"caption":"Hotel Libert\u00e9 33"},"image":{"@id":"https:\/\/liberte33hotel.pl\/cs\/#\/schema\/logo\/image\/"},"sameAs":["https:\/\/www.facebook.com\/liberte33hotel","https:\/\/www.instagram.com\/liberte33hotel\/"]}]}},"acf":[],"_links":{"self":[{"href":"https:\/\/liberte33hotel.pl\/cs\/wp-json\/wp\/v2\/pages\/953","targetHints":{"allow":["GET"]}}],"collection":[{"href":"https:\/\/liberte33hotel.pl\/cs\/wp-json\/wp\/v2\/pages"}],"about":[{"href":"https:\/\/liberte33hotel.pl\/cs\/wp-json\/wp\/v2\/types\/page"}],"author":[{"embeddable":true,"href":"https:\/\/liberte33hotel.pl\/cs\/wp-json\/wp\/v2\/users\/9"}],"replies":[{"embeddable":true,"href":"https:\/\/liberte33hotel.pl\/cs\/wp-json\/wp\/v2\/comments?post=953"}],"version-history":[{"count":0,"href":"https:\/\/liberte33hotel.pl\/cs\/wp-json\/wp\/v2\/pages\/953\/revisions"}],"wp:attachment":[{"href":"https:\/\/liberte33hotel.pl\/cs\/wp-json\/wp\/v2\/media?parent=953"}],"curies":[{"name":"wp","href":"https:\/\/api.w.org\/{rel}","templated":true}]}}