{"id":957,"date":"2025-10-09T15:01:36","date_gmt":"2025-10-09T15:01:36","guid":{"rendered":"https:\/\/liberte33hotel.pl\/?page_id=957"},"modified":"2026-01-23T14:39:56","modified_gmt":"2026-01-23T14:39:56","slug":"hotel","status":"publish","type":"page","link":"https:\/\/liberte33hotel.pl\/cs\/hotel\/","title":{"rendered":"Hotel"},"content":{"rendered":"<p>&nbsp;<\/p>\n<p style=\"font-size: 1.2em; text-align: center;\"><em>P\u0159\u00edjemn\u00fd pobyt v hotelu je takov\u00fd, p\u0159i kter\u00e9m se nemus\u00edte o nic starat.<br \/>\n<\/em><\/p>\n<p style=\"font-size: 1.2em; text-align: center;\"><em>Dovolte n\u00e1m, abychom se o v\u00e1\u0161 p\u0159\u00edjemn\u011b str\u00e1ven\u00fd \u010das postarali my.<br \/>\n<\/em><\/p>\n<p>&nbsp;<\/p>\n","protected":false},"excerpt":{"rendered":"<p>&nbsp; P\u0159\u00edjemn\u00fd pobyt v hotelu je takov\u00fd, p\u0159i kter\u00e9m se nemus\u00edte o nic starat. Dovolte n\u00e1m, abychom se o v\u00e1\u0161 p\u0159\u00edjemn\u011b str\u00e1ven\u00fd \u010das postarali my. &nbsp;<\/p>\n","protected":false},"author":9,"featured_media":73,"parent":0,"menu_order":70,"comment_status":"closed","ping_status":"closed","template":"template-services.php","meta":{"footnotes":""},"class_list":["post-957","page","type-page","status-publish","has-post-thumbnail","hentry"],"yoast_head":"<!-- This site is optimized with the Yoast SEO plugin v26.9 - https:\/\/yoast.com\/product\/yoast-seo-wordpress\/ -->\n<title>Hotel - Hotel Libert\u00e9 33<\/title>\n<meta name=\"description\" content=\"&nbsp; P\u0159\u00edjemn\u00fd pobyt v hotelu je takov\u00fd, p\u0159i kter\u00e9m se nemus\u00edte o nic starat.  Dovolte n\u00e1m, abychom se o v\u00e1\u0161 p\u0159\u00edjemn\u011b str\u00e1ven\u00fd \u010das postarali my. &nbsp; .\" \/>\n<meta name=\"robots\" content=\"index, follow, max-snippet:-1, max-image-preview:large, max-video-preview:-1\" \/>\n<link rel=\"canonical\" href=\"https:\/\/liberte33hotel.pl\/cs\/hotel\/\" \/>\n<meta property=\"og:locale\" content=\"cs_CZ\" \/>\n<meta property=\"og:type\" content=\"article\" \/>\n<meta property=\"og:title\" content=\"Hotel - Hotel Libert\u00e9 33\" \/>\n<meta property=\"og:description\" content=\"&nbsp; P\u0159\u00edjemn\u00fd pobyt v hotelu je takov\u00fd, p\u0159i kter\u00e9m se nemus\u00edte o nic starat.  Dovolte n\u00e1m, abychom se o v\u00e1\u0161 p\u0159\u00edjemn\u011b str\u00e1ven\u00fd \u010das postarali my. &nbsp; .\" \/>\n<meta property=\"og:url\" content=\"https:\/\/liberte33hotel.pl\/cs\/hotel\/\" \/>\n<meta property=\"og:site_name\" content=\"Hotel Libert\u00e9 33\" \/>\n<meta property=\"article:publisher\" content=\"https:\/\/www.facebook.com\/liberte33hotel\" \/>\n<meta property=\"article:modified_time\" content=\"2026-01-23T14:39:56+00:00\" \/>\n<meta property=\"og:image\" content=\"https:\/\/liberte33hotel.pl\/wp-content\/uploads\/sites\/9\/2025\/10\/PG_\ufffc210512_230-1.jpg\" \/>\n\t<meta property=\"og:image:width\" content=\"1800\" \/>\n\t<meta property=\"og:image:height\" content=\"1200\" \/>\n\t<meta property=\"og:image:type\" content=\"image\/jpeg\" \/>\n<meta name=\"twitter:card\" content=\"summary_large_image\" \/>\n<meta name=\"twitter:label1\" content=\"Est. reading time\" \/>\n\t<meta name=\"twitter:data1\" content=\"1 minuta\" \/>\n<script type=\"application\/ld+json\" class=\"yoast-schema-graph\">{\"@context\":\"https:\/\/schema.org\",\"@graph\":[{\"@type\":\"WebPage\",\"@id\":\"https:\/\/liberte33hotel.pl\/cs\/hotel\/\",\"url\":\"https:\/\/liberte33hotel.pl\/cs\/hotel\/\",\"name\":\"Hotel - Hotel Libert\u00e9 33\",\"isPartOf\":{\"@id\":\"https:\/\/liberte33hotel.pl\/cs\/#website\"},\"primaryImageOfPage\":{\"@id\":\"https:\/\/liberte33hotel.pl\/cs\/hotel\/#primaryimage\"},\"image\":{\"@id\":\"https:\/\/liberte33hotel.pl\/cs\/hotel\/#primaryimage\"},\"thumbnailUrl\":\"https:\/\/liberte33hotel.pl\/wp-content\/uploads\/sites\/9\/2025\/10\/PG_\ufffc210512_230-1.jpg\",\"datePublished\":\"2025-10-09T15:01:36+00:00\",\"dateModified\":\"2026-01-23T14:39:56+00:00\",\"description\":\"&nbsp; P\u0159\u00edjemn\u00fd pobyt v hotelu je takov\u00fd, p\u0159i kter\u00e9m se nemus\u00edte o nic starat. Dovolte n\u00e1m, abychom se o v\u00e1\u0161 p\u0159\u00edjemn\u011b str\u00e1ven\u00fd \u010das postarali my. &nbsp; .\",\"breadcrumb\":{\"@id\":\"https:\/\/liberte33hotel.pl\/cs\/hotel\/#breadcrumb\"},\"inLanguage\":\"cs\",\"potentialAction\":[{\"@type\":\"ReadAction\",\"target\":[\"https:\/\/liberte33hotel.pl\/cs\/hotel\/\"]}]},{\"@type\":\"ImageObject\",\"inLanguage\":\"cs\",\"@id\":\"https:\/\/liberte33hotel.pl\/cs\/hotel\/#primaryimage\",\"url\":\"https:\/\/liberte33hotel.pl\/wp-content\/uploads\/sites\/9\/2025\/10\/PG_\ufffc210512_230-1.jpg\",\"contentUrl\":\"https:\/\/liberte33hotel.pl\/wp-content\/uploads\/sites\/9\/2025\/10\/PG_\ufffc210512_230-1.jpg\",\"width\":1800,\"height\":1200},{\"@type\":\"BreadcrumbList\",\"@id\":\"https:\/\/liberte33hotel.pl\/cs\/hotel\/#breadcrumb\",\"itemListElement\":[{\"@type\":\"ListItem\",\"position\":1,\"name\":\"Home\",\"item\":\"https:\/\/liberte33hotel.pl\/cs\/\"},{\"@type\":\"ListItem\",\"position\":2,\"name\":\"Hotel\"}]},{\"@type\":\"WebSite\",\"@id\":\"https:\/\/liberte33hotel.pl\/cs\/#website\",\"url\":\"https:\/\/liberte33hotel.pl\/cs\/\",\"name\":\"Hotel Libert\u00e9 33\",\"description\":\"\",\"publisher\":{\"@id\":\"https:\/\/liberte33hotel.pl\/cs\/#organization\"},\"alternateName\":\"Hotel Libert\u00e9 33\",\"potentialAction\":[{\"@type\":\"SearchAction\",\"target\":{\"@type\":\"EntryPoint\",\"urlTemplate\":\"https:\/\/liberte33hotel.pl\/cs\/?s={search_term_string}\"},\"query-input\":{\"@type\":\"PropertyValueSpecification\",\"valueRequired\":true,\"valueName\":\"search_term_string\"}}],\"inLanguage\":\"cs\"},{\"@type\":\"Organization\",\"@id\":\"https:\/\/liberte33hotel.pl\/cs\/#organization\",\"name\":\"Hotel Libert\u00e9 33\",\"alternateName\":\"Hotel Libert\u00e9 33\",\"url\":\"https:\/\/liberte33hotel.pl\/cs\/\",\"logo\":{\"@type\":\"ImageObject\",\"inLanguage\":\"cs\",\"@id\":\"https:\/\/liberte33hotel.pl\/cs\/#\/schema\/logo\/image\/\",\"url\":\"https:\/\/hotel-liberte-33.ms3.decms.eu\/wp-content\/uploads\/sites\/9\/2025\/10\/logo-white-sygnet.png\",\"contentUrl\":\"https:\/\/hotel-liberte-33.ms3.decms.eu\/wp-content\/uploads\/sites\/9\/2025\/10\/logo-white-sygnet.png\",\"width\":696,\"height\":925,\"caption\":\"Hotel Libert\u00e9 33\"},\"image\":{\"@id\":\"https:\/\/liberte33hotel.pl\/cs\/#\/schema\/logo\/image\/\"},\"sameAs\":[\"https:\/\/www.facebook.com\/liberte33hotel\",\"https:\/\/www.instagram.com\/liberte33hotel\/\"]}]}<\/script>\n<!-- \/ Yoast SEO plugin. -->","yoast_head_json":{"title":"Hotel - Hotel Libert\u00e9 33","description":"&nbsp; P\u0159\u00edjemn\u00fd pobyt v hotelu je takov\u00fd, p\u0159i kter\u00e9m se nemus\u00edte o nic starat.  Dovolte n\u00e1m, abychom se o v\u00e1\u0161 p\u0159\u00edjemn\u011b str\u00e1ven\u00fd \u010das postarali my. &nbsp; .","robots":{"index":"index","follow":"follow","max-snippet":"max-snippet:-1","max-image-preview":"max-image-preview:large","max-video-preview":"max-video-preview:-1"},"canonical":"https:\/\/liberte33hotel.pl\/cs\/hotel\/","og_locale":"cs_CZ","og_type":"article","og_title":"Hotel - Hotel Libert\u00e9 33","og_description":"&nbsp; P\u0159\u00edjemn\u00fd pobyt v hotelu je takov\u00fd, p\u0159i kter\u00e9m se nemus\u00edte o nic starat.  Dovolte n\u00e1m, abychom se o v\u00e1\u0161 p\u0159\u00edjemn\u011b str\u00e1ven\u00fd \u010das postarali my. &nbsp; .","og_url":"https:\/\/liberte33hotel.pl\/cs\/hotel\/","og_site_name":"Hotel Libert\u00e9 33","article_publisher":"https:\/\/www.facebook.com\/liberte33hotel","article_modified_time":"2026-01-23T14:39:56+00:00","og_image":[{"width":1800,"height":1200,"url":"https:\/\/liberte33hotel.pl\/wp-content\/uploads\/sites\/9\/2025\/10\/PG_\ufffc210512_230-1.jpg","type":"image\/jpeg"}],"twitter_card":"summary_large_image","twitter_misc":{"Est. reading time":"1 minuta"},"schema":{"@context":"https:\/\/schema.org","@graph":[{"@type":"WebPage","@id":"https:\/\/liberte33hotel.pl\/cs\/hotel\/","url":"https:\/\/liberte33hotel.pl\/cs\/hotel\/","name":"Hotel - Hotel Libert\u00e9 33","isPartOf":{"@id":"https:\/\/liberte33hotel.pl\/cs\/#website"},"primaryImageOfPage":{"@id":"https:\/\/liberte33hotel.pl\/cs\/hotel\/#primaryimage"},"image":{"@id":"https:\/\/liberte33hotel.pl\/cs\/hotel\/#primaryimage"},"thumbnailUrl":"https:\/\/liberte33hotel.pl\/wp-content\/uploads\/sites\/9\/2025\/10\/PG_\ufffc210512_230-1.jpg","datePublished":"2025-10-09T15:01:36+00:00","dateModified":"2026-01-23T14:39:56+00:00","description":"&nbsp; P\u0159\u00edjemn\u00fd pobyt v hotelu je takov\u00fd, p\u0159i kter\u00e9m se nemus\u00edte o nic starat. Dovolte n\u00e1m, abychom se o v\u00e1\u0161 p\u0159\u00edjemn\u011b str\u00e1ven\u00fd \u010das postarali my. &nbsp; .","breadcrumb":{"@id":"https:\/\/liberte33hotel.pl\/cs\/hotel\/#breadcrumb"},"inLanguage":"cs","potentialAction":[{"@type":"ReadAction","target":["https:\/\/liberte33hotel.pl\/cs\/hotel\/"]}]},{"@type":"ImageObject","inLanguage":"cs","@id":"https:\/\/liberte33hotel.pl\/cs\/hotel\/#primaryimage","url":"https:\/\/liberte33hotel.pl\/wp-content\/uploads\/sites\/9\/2025\/10\/PG_\ufffc210512_230-1.jpg","contentUrl":"https:\/\/liberte33hotel.pl\/wp-content\/uploads\/sites\/9\/2025\/10\/PG_\ufffc210512_230-1.jpg","width":1800,"height":1200},{"@type":"BreadcrumbList","@id":"https:\/\/liberte33hotel.pl\/cs\/hotel\/#breadcrumb","itemListElement":[{"@type":"ListItem","position":1,"name":"Home","item":"https:\/\/liberte33hotel.pl\/cs\/"},{"@type":"ListItem","position":2,"name":"Hotel"}]},{"@type":"WebSite","@id":"https:\/\/liberte33hotel.pl\/cs\/#website","url":"https:\/\/liberte33hotel.pl\/cs\/","name":"Hotel Libert\u00e9 33","description":"","publisher":{"@id":"https:\/\/liberte33hotel.pl\/cs\/#organization"},"alternateName":"Hotel Libert\u00e9 33","potentialAction":[{"@type":"SearchAction","target":{"@type":"EntryPoint","urlTemplate":"https:\/\/liberte33hotel.pl\/cs\/?s={search_term_string}"},"query-input":{"@type":"PropertyValueSpecification","valueRequired":true,"valueName":"search_term_string"}}],"inLanguage":"cs"},{"@type":"Organization","@id":"https:\/\/liberte33hotel.pl\/cs\/#organization","name":"Hotel Libert\u00e9 33","alternateName":"Hotel Libert\u00e9 33","url":"https:\/\/liberte33hotel.pl\/cs\/","logo":{"@type":"ImageObject","inLanguage":"cs","@id":"https:\/\/liberte33hotel.pl\/cs\/#\/schema\/logo\/image\/","url":"https:\/\/hotel-liberte-33.ms3.decms.eu\/wp-content\/uploads\/sites\/9\/2025\/10\/logo-white-sygnet.png","contentUrl":"https:\/\/hotel-liberte-33.ms3.decms.eu\/wp-content\/uploads\/sites\/9\/2025\/10\/logo-white-sygnet.png","width":696,"height":925,"caption":"Hotel Libert\u00e9 33"},"image":{"@id":"https:\/\/liberte33hotel.pl\/cs\/#\/schema\/logo\/image\/"},"sameAs":["https:\/\/www.facebook.com\/liberte33hotel","https:\/\/www.instagram.com\/liberte33hotel\/"]}]}},"acf":[],"_links":{"self":[{"href":"https:\/\/liberte33hotel.pl\/cs\/wp-json\/wp\/v2\/pages\/957","targetHints":{"allow":["GET"]}}],"collection":[{"href":"https:\/\/liberte33hotel.pl\/cs\/wp-json\/wp\/v2\/pages"}],"about":[{"href":"https:\/\/liberte33hotel.pl\/cs\/wp-json\/wp\/v2\/types\/page"}],"author":[{"embeddable":true,"href":"https:\/\/liberte33hotel.pl\/cs\/wp-json\/wp\/v2\/users\/9"}],"replies":[{"embeddable":true,"href":"https:\/\/liberte33hotel.pl\/cs\/wp-json\/wp\/v2\/comments?post=957"}],"version-history":[{"count":0,"href":"https:\/\/liberte33hotel.pl\/cs\/wp-json\/wp\/v2\/pages\/957\/revisions"}],"wp:featuredmedia":[{"embeddable":true,"href":"https:\/\/liberte33hotel.pl\/cs\/wp-json\/wp\/v2\/media\/73"}],"wp:attachment":[{"href":"https:\/\/liberte33hotel.pl\/cs\/wp-json\/wp\/v2\/media?parent=957"}],"curies":[{"name":"wp","href":"https:\/\/api.w.org\/{rel}","templated":true}]}}