{"id":967,"date":"2025-10-14T12:18:38","date_gmt":"2025-10-14T12:18:38","guid":{"rendered":"https:\/\/liberte33hotel.pl\/?page_id=967"},"modified":"2026-01-23T16:11:38","modified_gmt":"2026-01-23T16:11:38","slug":"junior-suite-apartma","status":"publish","type":"page","link":"https:\/\/liberte33hotel.pl\/cs\/pokoje\/junior-suite-apartma\/","title":{"rendered":"Junior Suite Apartm\u00e1"},"content":{"rendered":"<p>Pohodln\u00fd odpo\u010dinek rodin\u011b umo\u017en\u00ed tak\u00e9 lo\u017enice s velkou man\u017eelskou postel\u00ed a ob\u00fdvac\u00ed pokoj s rozkl\u00e1dac\u00ed pohovkou. \u0160\u00e1lek k\u00e1vy z k\u00e1vovaru, kter\u00fd je sou\u010d\u00e1st\u00ed bytu, vypit\u00fd r\u00e1no v \u00fatuln\u00e9m \u017eupanu bude skv\u011bl\u00fdm za\u010d\u00e1tkem dne pln\u00e9ho pozna\u0148sk\u00fdch zaj\u00edmavost\u00ed.<\/p>\n<p>&nbsp;<\/p>\n<table>\n<thead>\n<tr>\n<th><img loading=\"lazy\" decoding=\"async\" class=\"alignnone size-full wp-image-372 alignleft\" src=\"https:\/\/hotel-liberte-33.ms3.decms.eu\/wp-content\/uploads\/sites\/9\/2025\/10\/dimensions.svg\" alt=\"\" width=\"30\" height=\"30\" \/> Rozloha pokoje: 28 m<sup>2<\/sup><\/th>\n<th><img loading=\"lazy\" decoding=\"async\" class=\"alignnone size-full wp-image-376 alignleft\" src=\"https:\/\/hotel-liberte-33.ms3.decms.eu\/wp-content\/uploads\/sites\/9\/2025\/10\/bed.svg\" alt=\"\" width=\"30\" height=\"30\" \/> Postel velikosti King a rozkl\u00e1dac\u00ed pohovka<\/th>\n<th><img loading=\"lazy\" decoding=\"async\" class=\"alignnone size-full wp-image-381 alignleft\" src=\"https:\/\/hotel-liberte-33.ms3.decms.eu\/wp-content\/uploads\/sites\/9\/2025\/10\/bath_tub.svg\" alt=\"\" width=\"30\" height=\"30\" \/> Dv\u011b koupelny v pokoji<\/th>\n<\/tr>\n<\/thead>\n<\/table>\n","protected":false},"excerpt":{"rendered":"<p>Pohodln\u00fd odpo\u010dinek rodin\u011b umo\u017en\u00ed tak\u00e9 lo\u017enice s velkou man\u017eelskou postel\u00ed a ob\u00fdvac\u00ed pokoj s rozkl\u00e1dac\u00ed pohovkou. \u0160\u00e1lek k\u00e1vy z k\u00e1vovaru, kter\u00fd je sou\u010d\u00e1st\u00ed bytu, vypit\u00fd r\u00e1no v \u00fatuln\u00e9m \u017eupanu bude skv\u011bl\u00fdm za\u010d\u00e1tkem dne pln\u00e9ho pozna\u0148sk\u00fdch zaj\u00edmavost\u00ed. &nbsp; Rozloha pokoje: 28 m2 Postel velikosti King a rozkl\u00e1dac\u00ed pohovka Dv\u011b koupelny v pokoji<\/p>\n","protected":false},"author":9,"featured_media":390,"parent":982,"menu_order":18,"comment_status":"closed","ping_status":"closed","template":"template-single-room.php","meta":{"footnotes":""},"class_list":["post-967","page","type-page","status-publish","has-post-thumbnail","hentry"],"yoast_head":"<!-- This site is optimized with the Yoast SEO plugin v26.9 - https:\/\/yoast.com\/product\/yoast-seo-wordpress\/ -->\n<title>Junior Suite Apartm\u00e1 - Hotel Libert\u00e9 33<\/title>\n<meta name=\"description\" content=\"Pohodln\u00fd odpo\u010dinek rodin\u011b umo\u017en\u00ed tak\u00e9 lo\u017enice s velkou man\u017eelskou postel\u00ed a ob\u00fdvac\u00ed pokoj s rozkl\u00e1dac\u00ed pohovkou. \u0160\u00e1lek k\u00e1vy z k\u00e1vovaru, kter\u00fd je sou\u010d\u00e1st\u00ed bytu, vypit\u00fd r\u00e1no v \u00fatuln\u00e9m \u017eupanu bude skv\u011bl\u00fdm za\u010d\u00e1tkem dne pln\u00e9ho pozna\u0148sk\u00fdch zaj\u00edmavost\u00ed.  &nbsp;     Rozloha pokoje: 28 m2  Postel velikosti King a rozkl\u00e1dac\u00ed pohovka  Dv\u011b koupelny v pokoji\" \/>\n<meta name=\"robots\" content=\"index, follow, max-snippet:-1, max-image-preview:large, max-video-preview:-1\" \/>\n<link rel=\"canonical\" href=\"https:\/\/liberte33hotel.pl\/cs\/pokoje\/junior-suite-apartma\/\" \/>\n<meta property=\"og:locale\" content=\"cs_CZ\" \/>\n<meta property=\"og:type\" content=\"article\" \/>\n<meta property=\"og:title\" content=\"Junior Suite Apartm\u00e1 - Hotel Libert\u00e9 33\" \/>\n<meta property=\"og:description\" content=\"Pohodln\u00fd odpo\u010dinek rodin\u011b umo\u017en\u00ed tak\u00e9 lo\u017enice s velkou man\u017eelskou postel\u00ed a ob\u00fdvac\u00ed pokoj s rozkl\u00e1dac\u00ed pohovkou. \u0160\u00e1lek k\u00e1vy z k\u00e1vovaru, kter\u00fd je sou\u010d\u00e1st\u00ed bytu, vypit\u00fd r\u00e1no v \u00fatuln\u00e9m \u017eupanu bude skv\u011bl\u00fdm za\u010d\u00e1tkem dne pln\u00e9ho pozna\u0148sk\u00fdch zaj\u00edmavost\u00ed.  &nbsp;     Rozloha pokoje: 28 m2  Postel velikosti King a rozkl\u00e1dac\u00ed pohovka  Dv\u011b koupelny v pokoji\" \/>\n<meta property=\"og:url\" content=\"https:\/\/liberte33hotel.pl\/cs\/pokoje\/junior-suite-apartma\/\" \/>\n<meta property=\"og:site_name\" content=\"Hotel Libert\u00e9 33\" \/>\n<meta property=\"article:publisher\" content=\"https:\/\/www.facebook.com\/liberte33hotel\" \/>\n<meta property=\"article:modified_time\" content=\"2026-01-23T16:11:38+00:00\" \/>\n<meta property=\"og:image\" content=\"https:\/\/liberte33hotel.pl\/wp-content\/uploads\/sites\/9\/2025\/10\/Hotel-Liberte-33-Aapartament-JUNIOR-SUITE-w-Willi.jpg\" \/>\n\t<meta property=\"og:image:width\" content=\"800\" \/>\n\t<meta property=\"og:image:height\" content=\"1200\" \/>\n\t<meta property=\"og:image:type\" content=\"image\/jpeg\" \/>\n<meta name=\"twitter:card\" content=\"summary_large_image\" \/>\n<meta name=\"twitter:label1\" content=\"Est. reading time\" \/>\n\t<meta name=\"twitter:data1\" content=\"1 minuta\" \/>\n<script type=\"application\/ld+json\" class=\"yoast-schema-graph\">{\"@context\":\"https:\/\/schema.org\",\"@graph\":[{\"@type\":\"WebPage\",\"@id\":\"https:\/\/liberte33hotel.pl\/cs\/pokoje\/junior-suite-apartma\/\",\"url\":\"https:\/\/liberte33hotel.pl\/cs\/pokoje\/junior-suite-apartma\/\",\"name\":\"Junior Suite Apartm\u00e1 - Hotel Libert\u00e9 33\",\"isPartOf\":{\"@id\":\"https:\/\/liberte33hotel.pl\/cs\/#website\"},\"primaryImageOfPage\":{\"@id\":\"https:\/\/liberte33hotel.pl\/cs\/pokoje\/junior-suite-apartma\/#primaryimage\"},\"image\":{\"@id\":\"https:\/\/liberte33hotel.pl\/cs\/pokoje\/junior-suite-apartma\/#primaryimage\"},\"thumbnailUrl\":\"https:\/\/liberte33hotel.pl\/wp-content\/uploads\/sites\/9\/2025\/10\/Hotel-Liberte-33-Aapartament-JUNIOR-SUITE-w-Willi.jpg\",\"datePublished\":\"2025-10-14T12:18:38+00:00\",\"dateModified\":\"2026-01-23T16:11:38+00:00\",\"description\":\"Pohodln\u00fd odpo\u010dinek rodin\u011b umo\u017en\u00ed tak\u00e9 lo\u017enice s velkou man\u017eelskou postel\u00ed a ob\u00fdvac\u00ed pokoj s rozkl\u00e1dac\u00ed pohovkou. \u0160\u00e1lek k\u00e1vy z k\u00e1vovaru, kter\u00fd je sou\u010d\u00e1st\u00ed bytu, vypit\u00fd r\u00e1no v \u00fatuln\u00e9m \u017eupanu bude skv\u011bl\u00fdm za\u010d\u00e1tkem dne pln\u00e9ho pozna\u0148sk\u00fdch zaj\u00edmavost\u00ed. &nbsp; Rozloha pokoje: 28 m2 Postel velikosti King a rozkl\u00e1dac\u00ed pohovka Dv\u011b koupelny v pokoji\",\"breadcrumb\":{\"@id\":\"https:\/\/liberte33hotel.pl\/cs\/pokoje\/junior-suite-apartma\/#breadcrumb\"},\"inLanguage\":\"cs\",\"potentialAction\":[{\"@type\":\"ReadAction\",\"target\":[\"https:\/\/liberte33hotel.pl\/cs\/pokoje\/junior-suite-apartma\/\"]}]},{\"@type\":\"ImageObject\",\"inLanguage\":\"cs\",\"@id\":\"https:\/\/liberte33hotel.pl\/cs\/pokoje\/junior-suite-apartma\/#primaryimage\",\"url\":\"https:\/\/liberte33hotel.pl\/wp-content\/uploads\/sites\/9\/2025\/10\/Hotel-Liberte-33-Aapartament-JUNIOR-SUITE-w-Willi.jpg\",\"contentUrl\":\"https:\/\/liberte33hotel.pl\/wp-content\/uploads\/sites\/9\/2025\/10\/Hotel-Liberte-33-Aapartament-JUNIOR-SUITE-w-Willi.jpg\",\"width\":800,\"height\":1200},{\"@type\":\"BreadcrumbList\",\"@id\":\"https:\/\/liberte33hotel.pl\/cs\/pokoje\/junior-suite-apartma\/#breadcrumb\",\"itemListElement\":[{\"@type\":\"ListItem\",\"position\":1,\"name\":\"Home\",\"item\":\"https:\/\/liberte33hotel.pl\/cs\/\"},{\"@type\":\"ListItem\",\"position\":2,\"name\":\"Junior Suite Apartm\u00e1\"}]},{\"@type\":\"WebSite\",\"@id\":\"https:\/\/liberte33hotel.pl\/cs\/#website\",\"url\":\"https:\/\/liberte33hotel.pl\/cs\/\",\"name\":\"Hotel Libert\u00e9 33\",\"description\":\"\",\"publisher\":{\"@id\":\"https:\/\/liberte33hotel.pl\/cs\/#organization\"},\"alternateName\":\"Hotel Libert\u00e9 33\",\"potentialAction\":[{\"@type\":\"SearchAction\",\"target\":{\"@type\":\"EntryPoint\",\"urlTemplate\":\"https:\/\/liberte33hotel.pl\/cs\/?s={search_term_string}\"},\"query-input\":{\"@type\":\"PropertyValueSpecification\",\"valueRequired\":true,\"valueName\":\"search_term_string\"}}],\"inLanguage\":\"cs\"},{\"@type\":\"Organization\",\"@id\":\"https:\/\/liberte33hotel.pl\/cs\/#organization\",\"name\":\"Hotel Libert\u00e9 33\",\"alternateName\":\"Hotel Libert\u00e9 33\",\"url\":\"https:\/\/liberte33hotel.pl\/cs\/\",\"logo\":{\"@type\":\"ImageObject\",\"inLanguage\":\"cs\",\"@id\":\"https:\/\/liberte33hotel.pl\/cs\/#\/schema\/logo\/image\/\",\"url\":\"https:\/\/hotel-liberte-33.ms3.decms.eu\/wp-content\/uploads\/sites\/9\/2025\/10\/logo-white-sygnet.png\",\"contentUrl\":\"https:\/\/hotel-liberte-33.ms3.decms.eu\/wp-content\/uploads\/sites\/9\/2025\/10\/logo-white-sygnet.png\",\"width\":696,\"height\":925,\"caption\":\"Hotel Libert\u00e9 33\"},\"image\":{\"@id\":\"https:\/\/liberte33hotel.pl\/cs\/#\/schema\/logo\/image\/\"},\"sameAs\":[\"https:\/\/www.facebook.com\/liberte33hotel\",\"https:\/\/www.instagram.com\/liberte33hotel\/\"]}]}<\/script>\n<!-- \/ Yoast SEO plugin. -->","yoast_head_json":{"title":"Junior Suite Apartm\u00e1 - Hotel Libert\u00e9 33","description":"Pohodln\u00fd odpo\u010dinek rodin\u011b umo\u017en\u00ed tak\u00e9 lo\u017enice s velkou man\u017eelskou postel\u00ed a ob\u00fdvac\u00ed pokoj s rozkl\u00e1dac\u00ed pohovkou. \u0160\u00e1lek k\u00e1vy z k\u00e1vovaru, kter\u00fd je sou\u010d\u00e1st\u00ed bytu, vypit\u00fd r\u00e1no v \u00fatuln\u00e9m \u017eupanu bude skv\u011bl\u00fdm za\u010d\u00e1tkem dne pln\u00e9ho pozna\u0148sk\u00fdch zaj\u00edmavost\u00ed.  &nbsp;     Rozloha pokoje: 28 m2  Postel velikosti King a rozkl\u00e1dac\u00ed pohovka  Dv\u011b koupelny v pokoji","robots":{"index":"index","follow":"follow","max-snippet":"max-snippet:-1","max-image-preview":"max-image-preview:large","max-video-preview":"max-video-preview:-1"},"canonical":"https:\/\/liberte33hotel.pl\/cs\/pokoje\/junior-suite-apartma\/","og_locale":"cs_CZ","og_type":"article","og_title":"Junior Suite Apartm\u00e1 - Hotel Libert\u00e9 33","og_description":"Pohodln\u00fd odpo\u010dinek rodin\u011b umo\u017en\u00ed tak\u00e9 lo\u017enice s velkou man\u017eelskou postel\u00ed a ob\u00fdvac\u00ed pokoj s rozkl\u00e1dac\u00ed pohovkou. \u0160\u00e1lek k\u00e1vy z k\u00e1vovaru, kter\u00fd je sou\u010d\u00e1st\u00ed bytu, vypit\u00fd r\u00e1no v \u00fatuln\u00e9m \u017eupanu bude skv\u011bl\u00fdm za\u010d\u00e1tkem dne pln\u00e9ho pozna\u0148sk\u00fdch zaj\u00edmavost\u00ed.  &nbsp;     Rozloha pokoje: 28 m2  Postel velikosti King a rozkl\u00e1dac\u00ed pohovka  Dv\u011b koupelny v pokoji","og_url":"https:\/\/liberte33hotel.pl\/cs\/pokoje\/junior-suite-apartma\/","og_site_name":"Hotel Libert\u00e9 33","article_publisher":"https:\/\/www.facebook.com\/liberte33hotel","article_modified_time":"2026-01-23T16:11:38+00:00","og_image":[{"width":800,"height":1200,"url":"https:\/\/liberte33hotel.pl\/wp-content\/uploads\/sites\/9\/2025\/10\/Hotel-Liberte-33-Aapartament-JUNIOR-SUITE-w-Willi.jpg","type":"image\/jpeg"}],"twitter_card":"summary_large_image","twitter_misc":{"Est. reading time":"1 minuta"},"schema":{"@context":"https:\/\/schema.org","@graph":[{"@type":"WebPage","@id":"https:\/\/liberte33hotel.pl\/cs\/pokoje\/junior-suite-apartma\/","url":"https:\/\/liberte33hotel.pl\/cs\/pokoje\/junior-suite-apartma\/","name":"Junior Suite Apartm\u00e1 - Hotel Libert\u00e9 33","isPartOf":{"@id":"https:\/\/liberte33hotel.pl\/cs\/#website"},"primaryImageOfPage":{"@id":"https:\/\/liberte33hotel.pl\/cs\/pokoje\/junior-suite-apartma\/#primaryimage"},"image":{"@id":"https:\/\/liberte33hotel.pl\/cs\/pokoje\/junior-suite-apartma\/#primaryimage"},"thumbnailUrl":"https:\/\/liberte33hotel.pl\/wp-content\/uploads\/sites\/9\/2025\/10\/Hotel-Liberte-33-Aapartament-JUNIOR-SUITE-w-Willi.jpg","datePublished":"2025-10-14T12:18:38+00:00","dateModified":"2026-01-23T16:11:38+00:00","description":"Pohodln\u00fd odpo\u010dinek rodin\u011b umo\u017en\u00ed tak\u00e9 lo\u017enice s velkou man\u017eelskou postel\u00ed a ob\u00fdvac\u00ed pokoj s rozkl\u00e1dac\u00ed pohovkou. \u0160\u00e1lek k\u00e1vy z k\u00e1vovaru, kter\u00fd je sou\u010d\u00e1st\u00ed bytu, vypit\u00fd r\u00e1no v \u00fatuln\u00e9m \u017eupanu bude skv\u011bl\u00fdm za\u010d\u00e1tkem dne pln\u00e9ho pozna\u0148sk\u00fdch zaj\u00edmavost\u00ed. &nbsp; Rozloha pokoje: 28 m2 Postel velikosti King a rozkl\u00e1dac\u00ed pohovka Dv\u011b koupelny v pokoji","breadcrumb":{"@id":"https:\/\/liberte33hotel.pl\/cs\/pokoje\/junior-suite-apartma\/#breadcrumb"},"inLanguage":"cs","potentialAction":[{"@type":"ReadAction","target":["https:\/\/liberte33hotel.pl\/cs\/pokoje\/junior-suite-apartma\/"]}]},{"@type":"ImageObject","inLanguage":"cs","@id":"https:\/\/liberte33hotel.pl\/cs\/pokoje\/junior-suite-apartma\/#primaryimage","url":"https:\/\/liberte33hotel.pl\/wp-content\/uploads\/sites\/9\/2025\/10\/Hotel-Liberte-33-Aapartament-JUNIOR-SUITE-w-Willi.jpg","contentUrl":"https:\/\/liberte33hotel.pl\/wp-content\/uploads\/sites\/9\/2025\/10\/Hotel-Liberte-33-Aapartament-JUNIOR-SUITE-w-Willi.jpg","width":800,"height":1200},{"@type":"BreadcrumbList","@id":"https:\/\/liberte33hotel.pl\/cs\/pokoje\/junior-suite-apartma\/#breadcrumb","itemListElement":[{"@type":"ListItem","position":1,"name":"Home","item":"https:\/\/liberte33hotel.pl\/cs\/"},{"@type":"ListItem","position":2,"name":"Junior Suite Apartm\u00e1"}]},{"@type":"WebSite","@id":"https:\/\/liberte33hotel.pl\/cs\/#website","url":"https:\/\/liberte33hotel.pl\/cs\/","name":"Hotel Libert\u00e9 33","description":"","publisher":{"@id":"https:\/\/liberte33hotel.pl\/cs\/#organization"},"alternateName":"Hotel Libert\u00e9 33","potentialAction":[{"@type":"SearchAction","target":{"@type":"EntryPoint","urlTemplate":"https:\/\/liberte33hotel.pl\/cs\/?s={search_term_string}"},"query-input":{"@type":"PropertyValueSpecification","valueRequired":true,"valueName":"search_term_string"}}],"inLanguage":"cs"},{"@type":"Organization","@id":"https:\/\/liberte33hotel.pl\/cs\/#organization","name":"Hotel Libert\u00e9 33","alternateName":"Hotel Libert\u00e9 33","url":"https:\/\/liberte33hotel.pl\/cs\/","logo":{"@type":"ImageObject","inLanguage":"cs","@id":"https:\/\/liberte33hotel.pl\/cs\/#\/schema\/logo\/image\/","url":"https:\/\/hotel-liberte-33.ms3.decms.eu\/wp-content\/uploads\/sites\/9\/2025\/10\/logo-white-sygnet.png","contentUrl":"https:\/\/hotel-liberte-33.ms3.decms.eu\/wp-content\/uploads\/sites\/9\/2025\/10\/logo-white-sygnet.png","width":696,"height":925,"caption":"Hotel Libert\u00e9 33"},"image":{"@id":"https:\/\/liberte33hotel.pl\/cs\/#\/schema\/logo\/image\/"},"sameAs":["https:\/\/www.facebook.com\/liberte33hotel","https:\/\/www.instagram.com\/liberte33hotel\/"]}]}},"acf":[],"_links":{"self":[{"href":"https:\/\/liberte33hotel.pl\/cs\/wp-json\/wp\/v2\/pages\/967","targetHints":{"allow":["GET"]}}],"collection":[{"href":"https:\/\/liberte33hotel.pl\/cs\/wp-json\/wp\/v2\/pages"}],"about":[{"href":"https:\/\/liberte33hotel.pl\/cs\/wp-json\/wp\/v2\/types\/page"}],"author":[{"embeddable":true,"href":"https:\/\/liberte33hotel.pl\/cs\/wp-json\/wp\/v2\/users\/9"}],"replies":[{"embeddable":true,"href":"https:\/\/liberte33hotel.pl\/cs\/wp-json\/wp\/v2\/comments?post=967"}],"version-history":[{"count":0,"href":"https:\/\/liberte33hotel.pl\/cs\/wp-json\/wp\/v2\/pages\/967\/revisions"}],"up":[{"embeddable":true,"href":"https:\/\/liberte33hotel.pl\/cs\/wp-json\/wp\/v2\/pages\/982"}],"wp:featuredmedia":[{"embeddable":true,"href":"https:\/\/liberte33hotel.pl\/cs\/wp-json\/wp\/v2\/media\/390"}],"wp:attachment":[{"href":"https:\/\/liberte33hotel.pl\/cs\/wp-json\/wp\/v2\/media?parent=967"}],"curies":[{"name":"wp","href":"https:\/\/api.w.org\/{rel}","templated":true}]}}