{"id":970,"date":"2025-10-14T12:09:29","date_gmt":"2025-10-14T12:09:29","guid":{"rendered":"https:\/\/liberte33hotel.pl\/?page_id=970"},"modified":"2026-01-23T16:32:09","modified_gmt":"2026-01-23T16:32:09","slug":"deluxe-pokoj","status":"publish","type":"page","link":"https:\/\/liberte33hotel.pl\/cs\/pokoje\/deluxe-pokoj\/","title":{"rendered":"Deluxe Pokoj"},"content":{"rendered":"<p>D\u00edky je\u0161t\u011b v\u011bt\u0161\u00edmu prostoru, je\u0161t\u011b v\u00edce sv\u011btla a je\u0161t\u011b atraktivn\u011bj\u0161\u00edmu v\u00fdhledu z okna je pobyt v pokoji Deluxe obzvl\u00e1\u0161t\u011b pohodln\u00fd. Pokoj je nav\u00edc vybaven snadno pou\u017eiteln\u00fdm k\u00e1vovarem na kapsle a ka\u017ed\u00fd host obdr\u017e\u00ed tak\u00e9 pohodln\u00fd \u017eupan.<\/p>\n<p>&nbsp;<\/p>\n<table>\n<thead>\n<tr>\n<th style=\"text-align: center;\"><img loading=\"lazy\" decoding=\"async\" class=\"alignnone size-full wp-image-372 alignleft\" src=\"https:\/\/hotel-liberte-33.ms3.decms.eu\/wp-content\/uploads\/sites\/9\/2025\/10\/dimensions.svg\" alt=\"\" width=\"30\" height=\"30\" \/> Rozloha pokoje: 18-24 m<sup>2<\/sup><\/th>\n<th style=\"text-align: center;\"><img loading=\"lazy\" decoding=\"async\" class=\"alignnone size-full wp-image-368\" src=\"https:\/\/hotel-liberte-33.ms3.decms.eu\/wp-content\/uploads\/sites\/9\/2025\/10\/double_or_single_bed.svg\" alt=\"\" width=\"35\" height=\"35\" \/> Jednol\u016f\u017ekov\u00e9 a dvoul\u016f\u017ekov\u00e9 pokoje<\/th>\n<\/tr>\n<\/thead>\n<\/table>\n","protected":false},"excerpt":{"rendered":"<p>D\u00edky je\u0161t\u011b v\u011bt\u0161\u00edmu prostoru, je\u0161t\u011b v\u00edce sv\u011btla a je\u0161t\u011b atraktivn\u011bj\u0161\u00edmu v\u00fdhledu z okna je pobyt v pokoji Deluxe obzvl\u00e1\u0161t\u011b pohodln\u00fd. Pokoj je nav\u00edc vybaven snadno pou\u017eiteln\u00fdm k\u00e1vovarem na kapsle a ka\u017ed\u00fd host obdr\u017e\u00ed tak\u00e9 pohodln\u00fd \u017eupan. &nbsp; Rozloha pokoje: 18-24 m2 Jednol\u016f\u017ekov\u00e9 a dvoul\u016f\u017ekov\u00e9 pokoje<\/p>\n","protected":false},"author":9,"featured_media":365,"parent":982,"menu_order":16,"comment_status":"closed","ping_status":"closed","template":"template-single-room.php","meta":{"footnotes":""},"class_list":["post-970","page","type-page","status-publish","has-post-thumbnail","hentry"],"yoast_head":"<!-- This site is optimized with the Yoast SEO plugin v26.9 - https:\/\/yoast.com\/product\/yoast-seo-wordpress\/ -->\n<title>Deluxe Pokoj - Hotel Libert\u00e9 33<\/title>\n<meta name=\"description\" content=\"D\u00edky je\u0161t\u011b v\u011bt\u0161\u00edmu prostoru, je\u0161t\u011b v\u00edce sv\u011btla a je\u0161t\u011b atraktivn\u011bj\u0161\u00edmu v\u00fdhledu z okna je pobyt v pokoji Deluxe obzvl\u00e1\u0161t\u011b pohodln\u00fd. Pokoj je nav\u00edc vybaven snadno pou\u017eiteln\u00fdm k\u00e1vovarem na kapsle a ka\u017ed\u00fd host obdr\u017e\u00ed tak\u00e9 pohodln\u00fd \u017eupan.  &nbsp;     Rozloha pokoje: 18-24 m2  Jednol\u016f\u017ekov\u00e9 a dvoul\u016f\u017ekov\u00e9 pokoje\" \/>\n<meta name=\"robots\" content=\"index, follow, max-snippet:-1, max-image-preview:large, max-video-preview:-1\" \/>\n<link rel=\"canonical\" href=\"https:\/\/liberte33hotel.pl\/cs\/pokoje\/deluxe-pokoj\/\" \/>\n<meta property=\"og:locale\" content=\"cs_CZ\" \/>\n<meta property=\"og:type\" content=\"article\" \/>\n<meta property=\"og:title\" content=\"Deluxe Pokoj - Hotel Libert\u00e9 33\" \/>\n<meta property=\"og:description\" content=\"D\u00edky je\u0161t\u011b v\u011bt\u0161\u00edmu prostoru, je\u0161t\u011b v\u00edce sv\u011btla a je\u0161t\u011b atraktivn\u011bj\u0161\u00edmu v\u00fdhledu z okna je pobyt v pokoji Deluxe obzvl\u00e1\u0161t\u011b pohodln\u00fd. Pokoj je nav\u00edc vybaven snadno pou\u017eiteln\u00fdm k\u00e1vovarem na kapsle a ka\u017ed\u00fd host obdr\u017e\u00ed tak\u00e9 pohodln\u00fd \u017eupan.  &nbsp;     Rozloha pokoje: 18-24 m2  Jednol\u016f\u017ekov\u00e9 a dvoul\u016f\u017ekov\u00e9 pokoje\" \/>\n<meta property=\"og:url\" content=\"https:\/\/liberte33hotel.pl\/cs\/pokoje\/deluxe-pokoj\/\" \/>\n<meta property=\"og:site_name\" content=\"Hotel Libert\u00e9 33\" \/>\n<meta property=\"article:publisher\" content=\"https:\/\/www.facebook.com\/liberte33hotel\" \/>\n<meta property=\"article:modified_time\" content=\"2026-01-23T16:32:09+00:00\" \/>\n<meta property=\"og:image\" content=\"https:\/\/liberte33hotel.pl\/wp-content\/uploads\/sites\/9\/2025\/10\/PG_\ufffc210511_021.jpg\" \/>\n\t<meta property=\"og:image:width\" content=\"1800\" \/>\n\t<meta property=\"og:image:height\" content=\"1200\" \/>\n\t<meta property=\"og:image:type\" content=\"image\/jpeg\" \/>\n<meta name=\"twitter:card\" content=\"summary_large_image\" \/>\n<meta name=\"twitter:label1\" content=\"Est. reading time\" \/>\n\t<meta name=\"twitter:data1\" content=\"1 minuta\" \/>\n<script type=\"application\/ld+json\" class=\"yoast-schema-graph\">{\"@context\":\"https:\/\/schema.org\",\"@graph\":[{\"@type\":\"WebPage\",\"@id\":\"https:\/\/liberte33hotel.pl\/cs\/pokoje\/deluxe-pokoj\/\",\"url\":\"https:\/\/liberte33hotel.pl\/cs\/pokoje\/deluxe-pokoj\/\",\"name\":\"Deluxe Pokoj - Hotel Libert\u00e9 33\",\"isPartOf\":{\"@id\":\"https:\/\/liberte33hotel.pl\/cs\/#website\"},\"primaryImageOfPage\":{\"@id\":\"https:\/\/liberte33hotel.pl\/cs\/pokoje\/deluxe-pokoj\/#primaryimage\"},\"image\":{\"@id\":\"https:\/\/liberte33hotel.pl\/cs\/pokoje\/deluxe-pokoj\/#primaryimage\"},\"thumbnailUrl\":\"https:\/\/liberte33hotel.pl\/wp-content\/uploads\/sites\/9\/2025\/10\/PG_\ufffc210511_021.jpg\",\"datePublished\":\"2025-10-14T12:09:29+00:00\",\"dateModified\":\"2026-01-23T16:32:09+00:00\",\"description\":\"D\u00edky je\u0161t\u011b v\u011bt\u0161\u00edmu prostoru, je\u0161t\u011b v\u00edce sv\u011btla a je\u0161t\u011b atraktivn\u011bj\u0161\u00edmu v\u00fdhledu z okna je pobyt v pokoji Deluxe obzvl\u00e1\u0161t\u011b pohodln\u00fd. Pokoj je nav\u00edc vybaven snadno pou\u017eiteln\u00fdm k\u00e1vovarem na kapsle a ka\u017ed\u00fd host obdr\u017e\u00ed tak\u00e9 pohodln\u00fd \u017eupan. &nbsp; Rozloha pokoje: 18-24 m2 Jednol\u016f\u017ekov\u00e9 a dvoul\u016f\u017ekov\u00e9 pokoje\",\"breadcrumb\":{\"@id\":\"https:\/\/liberte33hotel.pl\/cs\/pokoje\/deluxe-pokoj\/#breadcrumb\"},\"inLanguage\":\"cs\",\"potentialAction\":[{\"@type\":\"ReadAction\",\"target\":[\"https:\/\/liberte33hotel.pl\/cs\/pokoje\/deluxe-pokoj\/\"]}]},{\"@type\":\"ImageObject\",\"inLanguage\":\"cs\",\"@id\":\"https:\/\/liberte33hotel.pl\/cs\/pokoje\/deluxe-pokoj\/#primaryimage\",\"url\":\"https:\/\/liberte33hotel.pl\/wp-content\/uploads\/sites\/9\/2025\/10\/PG_\ufffc210511_021.jpg\",\"contentUrl\":\"https:\/\/liberte33hotel.pl\/wp-content\/uploads\/sites\/9\/2025\/10\/PG_\ufffc210511_021.jpg\",\"width\":1800,\"height\":1200},{\"@type\":\"BreadcrumbList\",\"@id\":\"https:\/\/liberte33hotel.pl\/cs\/pokoje\/deluxe-pokoj\/#breadcrumb\",\"itemListElement\":[{\"@type\":\"ListItem\",\"position\":1,\"name\":\"Home\",\"item\":\"https:\/\/liberte33hotel.pl\/cs\/\"},{\"@type\":\"ListItem\",\"position\":2,\"name\":\"Deluxe Pokoj\"}]},{\"@type\":\"WebSite\",\"@id\":\"https:\/\/liberte33hotel.pl\/cs\/#website\",\"url\":\"https:\/\/liberte33hotel.pl\/cs\/\",\"name\":\"Hotel Libert\u00e9 33\",\"description\":\"\",\"publisher\":{\"@id\":\"https:\/\/liberte33hotel.pl\/cs\/#organization\"},\"alternateName\":\"Hotel Libert\u00e9 33\",\"potentialAction\":[{\"@type\":\"SearchAction\",\"target\":{\"@type\":\"EntryPoint\",\"urlTemplate\":\"https:\/\/liberte33hotel.pl\/cs\/?s={search_term_string}\"},\"query-input\":{\"@type\":\"PropertyValueSpecification\",\"valueRequired\":true,\"valueName\":\"search_term_string\"}}],\"inLanguage\":\"cs\"},{\"@type\":\"Organization\",\"@id\":\"https:\/\/liberte33hotel.pl\/cs\/#organization\",\"name\":\"Hotel Libert\u00e9 33\",\"alternateName\":\"Hotel Libert\u00e9 33\",\"url\":\"https:\/\/liberte33hotel.pl\/cs\/\",\"logo\":{\"@type\":\"ImageObject\",\"inLanguage\":\"cs\",\"@id\":\"https:\/\/liberte33hotel.pl\/cs\/#\/schema\/logo\/image\/\",\"url\":\"https:\/\/hotel-liberte-33.ms3.decms.eu\/wp-content\/uploads\/sites\/9\/2025\/10\/logo-white-sygnet.png\",\"contentUrl\":\"https:\/\/hotel-liberte-33.ms3.decms.eu\/wp-content\/uploads\/sites\/9\/2025\/10\/logo-white-sygnet.png\",\"width\":696,\"height\":925,\"caption\":\"Hotel Libert\u00e9 33\"},\"image\":{\"@id\":\"https:\/\/liberte33hotel.pl\/cs\/#\/schema\/logo\/image\/\"},\"sameAs\":[\"https:\/\/www.facebook.com\/liberte33hotel\",\"https:\/\/www.instagram.com\/liberte33hotel\/\"]}]}<\/script>\n<!-- \/ Yoast SEO plugin. -->","yoast_head_json":{"title":"Deluxe Pokoj - Hotel Libert\u00e9 33","description":"D\u00edky je\u0161t\u011b v\u011bt\u0161\u00edmu prostoru, je\u0161t\u011b v\u00edce sv\u011btla a je\u0161t\u011b atraktivn\u011bj\u0161\u00edmu v\u00fdhledu z okna je pobyt v pokoji Deluxe obzvl\u00e1\u0161t\u011b pohodln\u00fd. Pokoj je nav\u00edc vybaven snadno pou\u017eiteln\u00fdm k\u00e1vovarem na kapsle a ka\u017ed\u00fd host obdr\u017e\u00ed tak\u00e9 pohodln\u00fd \u017eupan.  &nbsp;     Rozloha pokoje: 18-24 m2  Jednol\u016f\u017ekov\u00e9 a dvoul\u016f\u017ekov\u00e9 pokoje","robots":{"index":"index","follow":"follow","max-snippet":"max-snippet:-1","max-image-preview":"max-image-preview:large","max-video-preview":"max-video-preview:-1"},"canonical":"https:\/\/liberte33hotel.pl\/cs\/pokoje\/deluxe-pokoj\/","og_locale":"cs_CZ","og_type":"article","og_title":"Deluxe Pokoj - Hotel Libert\u00e9 33","og_description":"D\u00edky je\u0161t\u011b v\u011bt\u0161\u00edmu prostoru, je\u0161t\u011b v\u00edce sv\u011btla a je\u0161t\u011b atraktivn\u011bj\u0161\u00edmu v\u00fdhledu z okna je pobyt v pokoji Deluxe obzvl\u00e1\u0161t\u011b pohodln\u00fd. Pokoj je nav\u00edc vybaven snadno pou\u017eiteln\u00fdm k\u00e1vovarem na kapsle a ka\u017ed\u00fd host obdr\u017e\u00ed tak\u00e9 pohodln\u00fd \u017eupan.  &nbsp;     Rozloha pokoje: 18-24 m2  Jednol\u016f\u017ekov\u00e9 a dvoul\u016f\u017ekov\u00e9 pokoje","og_url":"https:\/\/liberte33hotel.pl\/cs\/pokoje\/deluxe-pokoj\/","og_site_name":"Hotel Libert\u00e9 33","article_publisher":"https:\/\/www.facebook.com\/liberte33hotel","article_modified_time":"2026-01-23T16:32:09+00:00","og_image":[{"width":1800,"height":1200,"url":"https:\/\/liberte33hotel.pl\/wp-content\/uploads\/sites\/9\/2025\/10\/PG_\ufffc210511_021.jpg","type":"image\/jpeg"}],"twitter_card":"summary_large_image","twitter_misc":{"Est. reading time":"1 minuta"},"schema":{"@context":"https:\/\/schema.org","@graph":[{"@type":"WebPage","@id":"https:\/\/liberte33hotel.pl\/cs\/pokoje\/deluxe-pokoj\/","url":"https:\/\/liberte33hotel.pl\/cs\/pokoje\/deluxe-pokoj\/","name":"Deluxe Pokoj - Hotel Libert\u00e9 33","isPartOf":{"@id":"https:\/\/liberte33hotel.pl\/cs\/#website"},"primaryImageOfPage":{"@id":"https:\/\/liberte33hotel.pl\/cs\/pokoje\/deluxe-pokoj\/#primaryimage"},"image":{"@id":"https:\/\/liberte33hotel.pl\/cs\/pokoje\/deluxe-pokoj\/#primaryimage"},"thumbnailUrl":"https:\/\/liberte33hotel.pl\/wp-content\/uploads\/sites\/9\/2025\/10\/PG_\ufffc210511_021.jpg","datePublished":"2025-10-14T12:09:29+00:00","dateModified":"2026-01-23T16:32:09+00:00","description":"D\u00edky je\u0161t\u011b v\u011bt\u0161\u00edmu prostoru, je\u0161t\u011b v\u00edce sv\u011btla a je\u0161t\u011b atraktivn\u011bj\u0161\u00edmu v\u00fdhledu z okna je pobyt v pokoji Deluxe obzvl\u00e1\u0161t\u011b pohodln\u00fd. Pokoj je nav\u00edc vybaven snadno pou\u017eiteln\u00fdm k\u00e1vovarem na kapsle a ka\u017ed\u00fd host obdr\u017e\u00ed tak\u00e9 pohodln\u00fd \u017eupan. &nbsp; Rozloha pokoje: 18-24 m2 Jednol\u016f\u017ekov\u00e9 a dvoul\u016f\u017ekov\u00e9 pokoje","breadcrumb":{"@id":"https:\/\/liberte33hotel.pl\/cs\/pokoje\/deluxe-pokoj\/#breadcrumb"},"inLanguage":"cs","potentialAction":[{"@type":"ReadAction","target":["https:\/\/liberte33hotel.pl\/cs\/pokoje\/deluxe-pokoj\/"]}]},{"@type":"ImageObject","inLanguage":"cs","@id":"https:\/\/liberte33hotel.pl\/cs\/pokoje\/deluxe-pokoj\/#primaryimage","url":"https:\/\/liberte33hotel.pl\/wp-content\/uploads\/sites\/9\/2025\/10\/PG_\ufffc210511_021.jpg","contentUrl":"https:\/\/liberte33hotel.pl\/wp-content\/uploads\/sites\/9\/2025\/10\/PG_\ufffc210511_021.jpg","width":1800,"height":1200},{"@type":"BreadcrumbList","@id":"https:\/\/liberte33hotel.pl\/cs\/pokoje\/deluxe-pokoj\/#breadcrumb","itemListElement":[{"@type":"ListItem","position":1,"name":"Home","item":"https:\/\/liberte33hotel.pl\/cs\/"},{"@type":"ListItem","position":2,"name":"Deluxe Pokoj"}]},{"@type":"WebSite","@id":"https:\/\/liberte33hotel.pl\/cs\/#website","url":"https:\/\/liberte33hotel.pl\/cs\/","name":"Hotel Libert\u00e9 33","description":"","publisher":{"@id":"https:\/\/liberte33hotel.pl\/cs\/#organization"},"alternateName":"Hotel Libert\u00e9 33","potentialAction":[{"@type":"SearchAction","target":{"@type":"EntryPoint","urlTemplate":"https:\/\/liberte33hotel.pl\/cs\/?s={search_term_string}"},"query-input":{"@type":"PropertyValueSpecification","valueRequired":true,"valueName":"search_term_string"}}],"inLanguage":"cs"},{"@type":"Organization","@id":"https:\/\/liberte33hotel.pl\/cs\/#organization","name":"Hotel Libert\u00e9 33","alternateName":"Hotel Libert\u00e9 33","url":"https:\/\/liberte33hotel.pl\/cs\/","logo":{"@type":"ImageObject","inLanguage":"cs","@id":"https:\/\/liberte33hotel.pl\/cs\/#\/schema\/logo\/image\/","url":"https:\/\/hotel-liberte-33.ms3.decms.eu\/wp-content\/uploads\/sites\/9\/2025\/10\/logo-white-sygnet.png","contentUrl":"https:\/\/hotel-liberte-33.ms3.decms.eu\/wp-content\/uploads\/sites\/9\/2025\/10\/logo-white-sygnet.png","width":696,"height":925,"caption":"Hotel Libert\u00e9 33"},"image":{"@id":"https:\/\/liberte33hotel.pl\/cs\/#\/schema\/logo\/image\/"},"sameAs":["https:\/\/www.facebook.com\/liberte33hotel","https:\/\/www.instagram.com\/liberte33hotel\/"]}]}},"acf":[],"_links":{"self":[{"href":"https:\/\/liberte33hotel.pl\/cs\/wp-json\/wp\/v2\/pages\/970","targetHints":{"allow":["GET"]}}],"collection":[{"href":"https:\/\/liberte33hotel.pl\/cs\/wp-json\/wp\/v2\/pages"}],"about":[{"href":"https:\/\/liberte33hotel.pl\/cs\/wp-json\/wp\/v2\/types\/page"}],"author":[{"embeddable":true,"href":"https:\/\/liberte33hotel.pl\/cs\/wp-json\/wp\/v2\/users\/9"}],"replies":[{"embeddable":true,"href":"https:\/\/liberte33hotel.pl\/cs\/wp-json\/wp\/v2\/comments?post=970"}],"version-history":[{"count":0,"href":"https:\/\/liberte33hotel.pl\/cs\/wp-json\/wp\/v2\/pages\/970\/revisions"}],"up":[{"embeddable":true,"href":"https:\/\/liberte33hotel.pl\/cs\/wp-json\/wp\/v2\/pages\/982"}],"wp:featuredmedia":[{"embeddable":true,"href":"https:\/\/liberte33hotel.pl\/cs\/wp-json\/wp\/v2\/media\/365"}],"wp:attachment":[{"href":"https:\/\/liberte33hotel.pl\/cs\/wp-json\/wp\/v2\/media?parent=970"}],"curies":[{"name":"wp","href":"https:\/\/api.w.org\/{rel}","templated":true}]}}