{"id":973,"date":"2025-10-14T12:04:39","date_gmt":"2025-10-14T12:04:39","guid":{"rendered":"https:\/\/liberte33hotel.pl\/?page_id=973"},"modified":"2026-01-23T17:51:32","modified_gmt":"2026-01-23T17:51:32","slug":"superior-pokoj","status":"publish","type":"page","link":"https:\/\/liberte33hotel.pl\/cs\/pokoje\/superior-pokoj\/","title":{"rendered":"Superior Pokoj"},"content":{"rendered":"<p>Speci\u00e1ln\u00ed p\u0159\u00edle\u017eitosti vy\u017eaduj\u00ed speci\u00e1ln\u00ed prost\u0159ed\u00ed. P\u016fsobiv\u00fd prostor a v\u00fdjime\u010dn\u00e9 vybaven\u00ed pokoj\u016f superior spl\u0148uj\u00ed nejvy\u0161\u0161\u00ed o\u010dek\u00e1v\u00e1n\u00ed host\u016f. Kvalita ka\u017ed\u00e9ho detailu v\u00fdzdoby, dokonale slad\u011bn\u00e1 s atmosf\u00e9rou m\u00edsta, \u010din\u00ed tuto jedine\u010dnost nejen viditelnou. M\u016f\u017eete ji jednodu\u0161e c\u00edtit.<\/p>\n<p>&nbsp;<\/p>\n<table>\n<thead>\n<tr>\n<th style=\"text-align: center;\"><img loading=\"lazy\" decoding=\"async\" class=\"alignnone size-full wp-image-372 alignleft\" src=\"https:\/\/hotel-liberte-33.ms3.decms.eu\/wp-content\/uploads\/sites\/9\/2025\/10\/dimensions.svg\" alt=\"\" width=\"30\" height=\"30\" \/> Rozloha pokoje: 18-22 m<sup>2<\/sup><\/th>\n<th style=\"text-align: center;\"><img loading=\"lazy\" decoding=\"async\" class=\"alignnone size-full wp-image-376\" src=\"https:\/\/hotel-liberte-33.ms3.decms.eu\/wp-content\/uploads\/sites\/9\/2025\/10\/bed.svg\" alt=\"\" width=\"35\" height=\"35\" \/> Jednol\u016f\u017ekov\u00e9 a dvoul\u016f\u017ekov\u00e9 pokoje<\/th>\n<\/tr>\n<\/thead>\n<\/table>\n","protected":false},"excerpt":{"rendered":"<p>Speci\u00e1ln\u00ed p\u0159\u00edle\u017eitosti vy\u017eaduj\u00ed speci\u00e1ln\u00ed prost\u0159ed\u00ed. P\u016fsobiv\u00fd prostor a v\u00fdjime\u010dn\u00e9 vybaven\u00ed pokoj\u016f superior spl\u0148uj\u00ed nejvy\u0161\u0161\u00ed o\u010dek\u00e1v\u00e1n\u00ed host\u016f. Kvalita ka\u017ed\u00e9ho detailu v\u00fdzdoby, dokonale slad\u011bn\u00e1 s atmosf\u00e9rou m\u00edsta, \u010din\u00ed tuto jedine\u010dnost nejen viditelnou. M\u016f\u017eete ji jednodu\u0161e c\u00edtit. &nbsp; Rozloha pokoje: 18-22 m2 Jednol\u016f\u017ekov\u00e9 a dvoul\u016f\u017ekov\u00e9 pokoje<\/p>\n","protected":false},"author":9,"featured_media":351,"parent":982,"menu_order":14,"comment_status":"closed","ping_status":"closed","template":"template-single-room.php","meta":{"footnotes":""},"class_list":["post-973","page","type-page","status-publish","has-post-thumbnail","hentry"],"yoast_head":"<!-- This site is optimized with the Yoast SEO plugin v26.9 - https:\/\/yoast.com\/product\/yoast-seo-wordpress\/ -->\n<title>Superior Pokoj - Hotel Libert\u00e9 33<\/title>\n<meta name=\"description\" content=\"Speci\u00e1ln\u00ed p\u0159\u00edle\u017eitosti vy\u017eaduj\u00ed speci\u00e1ln\u00ed prost\u0159ed\u00ed. P\u016fsobiv\u00fd prostor a v\u00fdjime\u010dn\u00e9 vybaven\u00ed pokoj\u016f superior spl\u0148uj\u00ed nejvy\u0161\u0161\u00ed o\u010dek\u00e1v\u00e1n\u00ed host\u016f\" \/>\n<meta name=\"robots\" content=\"index, follow, max-snippet:-1, max-image-preview:large, max-video-preview:-1\" \/>\n<link rel=\"canonical\" href=\"https:\/\/liberte33hotel.pl\/cs\/pokoje\/superior-pokoj\/\" \/>\n<meta property=\"og:locale\" content=\"cs_CZ\" \/>\n<meta property=\"og:type\" content=\"article\" \/>\n<meta property=\"og:title\" content=\"Superior Pokoj - Hotel Libert\u00e9 33\" \/>\n<meta property=\"og:description\" content=\"Speci\u00e1ln\u00ed p\u0159\u00edle\u017eitosti vy\u017eaduj\u00ed speci\u00e1ln\u00ed prost\u0159ed\u00ed. P\u016fsobiv\u00fd prostor a v\u00fdjime\u010dn\u00e9 vybaven\u00ed pokoj\u016f superior spl\u0148uj\u00ed nejvy\u0161\u0161\u00ed o\u010dek\u00e1v\u00e1n\u00ed host\u016f\" \/>\n<meta property=\"og:url\" content=\"https:\/\/liberte33hotel.pl\/cs\/pokoje\/superior-pokoj\/\" \/>\n<meta property=\"og:site_name\" content=\"Hotel Libert\u00e9 33\" \/>\n<meta property=\"article:publisher\" content=\"https:\/\/www.facebook.com\/liberte33hotel\" \/>\n<meta property=\"article:modified_time\" content=\"2026-01-23T17:51:32+00:00\" \/>\n<meta property=\"og:image\" content=\"https:\/\/liberte33hotel.pl\/wp-content\/uploads\/sites\/9\/2025\/10\/PG_\ufffc210511_263-1.jpg\" \/>\n\t<meta property=\"og:image:width\" content=\"1800\" \/>\n\t<meta property=\"og:image:height\" content=\"1200\" \/>\n\t<meta property=\"og:image:type\" content=\"image\/jpeg\" \/>\n<meta name=\"twitter:card\" content=\"summary_large_image\" \/>\n<meta name=\"twitter:label1\" content=\"Est. reading time\" \/>\n\t<meta name=\"twitter:data1\" content=\"1 minuta\" \/>\n<script type=\"application\/ld+json\" class=\"yoast-schema-graph\">{\"@context\":\"https:\/\/schema.org\",\"@graph\":[{\"@type\":\"WebPage\",\"@id\":\"https:\/\/liberte33hotel.pl\/cs\/pokoje\/superior-pokoj\/\",\"url\":\"https:\/\/liberte33hotel.pl\/cs\/pokoje\/superior-pokoj\/\",\"name\":\"Superior Pokoj - Hotel Libert\u00e9 33\",\"isPartOf\":{\"@id\":\"https:\/\/liberte33hotel.pl\/cs\/#website\"},\"primaryImageOfPage\":{\"@id\":\"https:\/\/liberte33hotel.pl\/cs\/pokoje\/superior-pokoj\/#primaryimage\"},\"image\":{\"@id\":\"https:\/\/liberte33hotel.pl\/cs\/pokoje\/superior-pokoj\/#primaryimage\"},\"thumbnailUrl\":\"https:\/\/liberte33hotel.pl\/wp-content\/uploads\/sites\/9\/2025\/10\/PG_\ufffc210511_263-1.jpg\",\"datePublished\":\"2025-10-14T12:04:39+00:00\",\"dateModified\":\"2026-01-23T17:51:32+00:00\",\"description\":\"Speci\u00e1ln\u00ed p\u0159\u00edle\u017eitosti vy\u017eaduj\u00ed speci\u00e1ln\u00ed prost\u0159ed\u00ed. P\u016fsobiv\u00fd prostor a v\u00fdjime\u010dn\u00e9 vybaven\u00ed pokoj\u016f superior spl\u0148uj\u00ed nejvy\u0161\u0161\u00ed o\u010dek\u00e1v\u00e1n\u00ed host\u016f\",\"breadcrumb\":{\"@id\":\"https:\/\/liberte33hotel.pl\/cs\/pokoje\/superior-pokoj\/#breadcrumb\"},\"inLanguage\":\"cs\",\"potentialAction\":[{\"@type\":\"ReadAction\",\"target\":[\"https:\/\/liberte33hotel.pl\/cs\/pokoje\/superior-pokoj\/\"]}]},{\"@type\":\"ImageObject\",\"inLanguage\":\"cs\",\"@id\":\"https:\/\/liberte33hotel.pl\/cs\/pokoje\/superior-pokoj\/#primaryimage\",\"url\":\"https:\/\/liberte33hotel.pl\/wp-content\/uploads\/sites\/9\/2025\/10\/PG_\ufffc210511_263-1.jpg\",\"contentUrl\":\"https:\/\/liberte33hotel.pl\/wp-content\/uploads\/sites\/9\/2025\/10\/PG_\ufffc210511_263-1.jpg\",\"width\":1800,\"height\":1200},{\"@type\":\"BreadcrumbList\",\"@id\":\"https:\/\/liberte33hotel.pl\/cs\/pokoje\/superior-pokoj\/#breadcrumb\",\"itemListElement\":[{\"@type\":\"ListItem\",\"position\":1,\"name\":\"Home\",\"item\":\"https:\/\/liberte33hotel.pl\/cs\/\"},{\"@type\":\"ListItem\",\"position\":2,\"name\":\"Superior Pokoj\"}]},{\"@type\":\"WebSite\",\"@id\":\"https:\/\/liberte33hotel.pl\/cs\/#website\",\"url\":\"https:\/\/liberte33hotel.pl\/cs\/\",\"name\":\"Hotel Libert\u00e9 33\",\"description\":\"\",\"publisher\":{\"@id\":\"https:\/\/liberte33hotel.pl\/cs\/#organization\"},\"alternateName\":\"Hotel Libert\u00e9 33\",\"potentialAction\":[{\"@type\":\"SearchAction\",\"target\":{\"@type\":\"EntryPoint\",\"urlTemplate\":\"https:\/\/liberte33hotel.pl\/cs\/?s={search_term_string}\"},\"query-input\":{\"@type\":\"PropertyValueSpecification\",\"valueRequired\":true,\"valueName\":\"search_term_string\"}}],\"inLanguage\":\"cs\"},{\"@type\":\"Organization\",\"@id\":\"https:\/\/liberte33hotel.pl\/cs\/#organization\",\"name\":\"Hotel Libert\u00e9 33\",\"alternateName\":\"Hotel Libert\u00e9 33\",\"url\":\"https:\/\/liberte33hotel.pl\/cs\/\",\"logo\":{\"@type\":\"ImageObject\",\"inLanguage\":\"cs\",\"@id\":\"https:\/\/liberte33hotel.pl\/cs\/#\/schema\/logo\/image\/\",\"url\":\"https:\/\/hotel-liberte-33.ms3.decms.eu\/wp-content\/uploads\/sites\/9\/2025\/10\/logo-white-sygnet.png\",\"contentUrl\":\"https:\/\/hotel-liberte-33.ms3.decms.eu\/wp-content\/uploads\/sites\/9\/2025\/10\/logo-white-sygnet.png\",\"width\":696,\"height\":925,\"caption\":\"Hotel Libert\u00e9 33\"},\"image\":{\"@id\":\"https:\/\/liberte33hotel.pl\/cs\/#\/schema\/logo\/image\/\"},\"sameAs\":[\"https:\/\/www.facebook.com\/liberte33hotel\",\"https:\/\/www.instagram.com\/liberte33hotel\/\"]}]}<\/script>\n<!-- \/ Yoast SEO plugin. -->","yoast_head_json":{"title":"Superior Pokoj - Hotel Libert\u00e9 33","description":"Speci\u00e1ln\u00ed p\u0159\u00edle\u017eitosti vy\u017eaduj\u00ed speci\u00e1ln\u00ed prost\u0159ed\u00ed. P\u016fsobiv\u00fd prostor a v\u00fdjime\u010dn\u00e9 vybaven\u00ed pokoj\u016f superior spl\u0148uj\u00ed nejvy\u0161\u0161\u00ed o\u010dek\u00e1v\u00e1n\u00ed host\u016f","robots":{"index":"index","follow":"follow","max-snippet":"max-snippet:-1","max-image-preview":"max-image-preview:large","max-video-preview":"max-video-preview:-1"},"canonical":"https:\/\/liberte33hotel.pl\/cs\/pokoje\/superior-pokoj\/","og_locale":"cs_CZ","og_type":"article","og_title":"Superior Pokoj - Hotel Libert\u00e9 33","og_description":"Speci\u00e1ln\u00ed p\u0159\u00edle\u017eitosti vy\u017eaduj\u00ed speci\u00e1ln\u00ed prost\u0159ed\u00ed. P\u016fsobiv\u00fd prostor a v\u00fdjime\u010dn\u00e9 vybaven\u00ed pokoj\u016f superior spl\u0148uj\u00ed nejvy\u0161\u0161\u00ed o\u010dek\u00e1v\u00e1n\u00ed host\u016f","og_url":"https:\/\/liberte33hotel.pl\/cs\/pokoje\/superior-pokoj\/","og_site_name":"Hotel Libert\u00e9 33","article_publisher":"https:\/\/www.facebook.com\/liberte33hotel","article_modified_time":"2026-01-23T17:51:32+00:00","og_image":[{"width":1800,"height":1200,"url":"https:\/\/liberte33hotel.pl\/wp-content\/uploads\/sites\/9\/2025\/10\/PG_\ufffc210511_263-1.jpg","type":"image\/jpeg"}],"twitter_card":"summary_large_image","twitter_misc":{"Est. reading time":"1 minuta"},"schema":{"@context":"https:\/\/schema.org","@graph":[{"@type":"WebPage","@id":"https:\/\/liberte33hotel.pl\/cs\/pokoje\/superior-pokoj\/","url":"https:\/\/liberte33hotel.pl\/cs\/pokoje\/superior-pokoj\/","name":"Superior Pokoj - Hotel Libert\u00e9 33","isPartOf":{"@id":"https:\/\/liberte33hotel.pl\/cs\/#website"},"primaryImageOfPage":{"@id":"https:\/\/liberte33hotel.pl\/cs\/pokoje\/superior-pokoj\/#primaryimage"},"image":{"@id":"https:\/\/liberte33hotel.pl\/cs\/pokoje\/superior-pokoj\/#primaryimage"},"thumbnailUrl":"https:\/\/liberte33hotel.pl\/wp-content\/uploads\/sites\/9\/2025\/10\/PG_\ufffc210511_263-1.jpg","datePublished":"2025-10-14T12:04:39+00:00","dateModified":"2026-01-23T17:51:32+00:00","description":"Speci\u00e1ln\u00ed p\u0159\u00edle\u017eitosti vy\u017eaduj\u00ed speci\u00e1ln\u00ed prost\u0159ed\u00ed. P\u016fsobiv\u00fd prostor a v\u00fdjime\u010dn\u00e9 vybaven\u00ed pokoj\u016f superior spl\u0148uj\u00ed nejvy\u0161\u0161\u00ed o\u010dek\u00e1v\u00e1n\u00ed host\u016f","breadcrumb":{"@id":"https:\/\/liberte33hotel.pl\/cs\/pokoje\/superior-pokoj\/#breadcrumb"},"inLanguage":"cs","potentialAction":[{"@type":"ReadAction","target":["https:\/\/liberte33hotel.pl\/cs\/pokoje\/superior-pokoj\/"]}]},{"@type":"ImageObject","inLanguage":"cs","@id":"https:\/\/liberte33hotel.pl\/cs\/pokoje\/superior-pokoj\/#primaryimage","url":"https:\/\/liberte33hotel.pl\/wp-content\/uploads\/sites\/9\/2025\/10\/PG_\ufffc210511_263-1.jpg","contentUrl":"https:\/\/liberte33hotel.pl\/wp-content\/uploads\/sites\/9\/2025\/10\/PG_\ufffc210511_263-1.jpg","width":1800,"height":1200},{"@type":"BreadcrumbList","@id":"https:\/\/liberte33hotel.pl\/cs\/pokoje\/superior-pokoj\/#breadcrumb","itemListElement":[{"@type":"ListItem","position":1,"name":"Home","item":"https:\/\/liberte33hotel.pl\/cs\/"},{"@type":"ListItem","position":2,"name":"Superior Pokoj"}]},{"@type":"WebSite","@id":"https:\/\/liberte33hotel.pl\/cs\/#website","url":"https:\/\/liberte33hotel.pl\/cs\/","name":"Hotel Libert\u00e9 33","description":"","publisher":{"@id":"https:\/\/liberte33hotel.pl\/cs\/#organization"},"alternateName":"Hotel Libert\u00e9 33","potentialAction":[{"@type":"SearchAction","target":{"@type":"EntryPoint","urlTemplate":"https:\/\/liberte33hotel.pl\/cs\/?s={search_term_string}"},"query-input":{"@type":"PropertyValueSpecification","valueRequired":true,"valueName":"search_term_string"}}],"inLanguage":"cs"},{"@type":"Organization","@id":"https:\/\/liberte33hotel.pl\/cs\/#organization","name":"Hotel Libert\u00e9 33","alternateName":"Hotel Libert\u00e9 33","url":"https:\/\/liberte33hotel.pl\/cs\/","logo":{"@type":"ImageObject","inLanguage":"cs","@id":"https:\/\/liberte33hotel.pl\/cs\/#\/schema\/logo\/image\/","url":"https:\/\/hotel-liberte-33.ms3.decms.eu\/wp-content\/uploads\/sites\/9\/2025\/10\/logo-white-sygnet.png","contentUrl":"https:\/\/hotel-liberte-33.ms3.decms.eu\/wp-content\/uploads\/sites\/9\/2025\/10\/logo-white-sygnet.png","width":696,"height":925,"caption":"Hotel Libert\u00e9 33"},"image":{"@id":"https:\/\/liberte33hotel.pl\/cs\/#\/schema\/logo\/image\/"},"sameAs":["https:\/\/www.facebook.com\/liberte33hotel","https:\/\/www.instagram.com\/liberte33hotel\/"]}]}},"acf":[],"_links":{"self":[{"href":"https:\/\/liberte33hotel.pl\/cs\/wp-json\/wp\/v2\/pages\/973","targetHints":{"allow":["GET"]}}],"collection":[{"href":"https:\/\/liberte33hotel.pl\/cs\/wp-json\/wp\/v2\/pages"}],"about":[{"href":"https:\/\/liberte33hotel.pl\/cs\/wp-json\/wp\/v2\/types\/page"}],"author":[{"embeddable":true,"href":"https:\/\/liberte33hotel.pl\/cs\/wp-json\/wp\/v2\/users\/9"}],"replies":[{"embeddable":true,"href":"https:\/\/liberte33hotel.pl\/cs\/wp-json\/wp\/v2\/comments?post=973"}],"version-history":[{"count":0,"href":"https:\/\/liberte33hotel.pl\/cs\/wp-json\/wp\/v2\/pages\/973\/revisions"}],"up":[{"embeddable":true,"href":"https:\/\/liberte33hotel.pl\/cs\/wp-json\/wp\/v2\/pages\/982"}],"wp:featuredmedia":[{"embeddable":true,"href":"https:\/\/liberte33hotel.pl\/cs\/wp-json\/wp\/v2\/media\/351"}],"wp:attachment":[{"href":"https:\/\/liberte33hotel.pl\/cs\/wp-json\/wp\/v2\/media?parent=973"}],"curies":[{"name":"wp","href":"https:\/\/api.w.org\/{rel}","templated":true}]}}