{"id":939,"date":"2025-10-07T15:07:53","date_gmt":"2025-10-07T15:07:53","guid":{"rendered":"https:\/\/liberte33hotel.pl\/?page_id=939"},"modified":"2026-01-22T09:55:22","modified_gmt":"2026-01-22T09:55:22","slug":"kinderschutzstandards-som","status":"publish","type":"page","link":"https:\/\/liberte33hotel.pl\/de\/kinderschutzstandards-som\/","title":{"rendered":"Kinderschutzstandards (SOM)"},"content":{"rendered":"<p>Gem\u00e4\u00df dem Gesetz vom 28. Juli 2023 ist das Hotel verpflichtet, bis zum 15. August 2024 Kinderschutzstandards (SOM) einzuf\u00fchren. Das Hotel ist gesetzlich dazu verpflichtet, diese Standards anzuwenden \u2013 insbesondere durch die Feststellung der Identit\u00e4t des Minderj\u00e4hrigen und dessen Beziehung zum Erwachsenen, mit dem er sich in der Einrichtung aufh\u00e4lt. (Gesetz vom 13. Mai 2016 zur Bek\u00e4mpfung von Gefahren durch Sexualstraftaten und zum Schutz von Minderj\u00e4hrigen).<\/p>\n<p>&nbsp;<\/p>\n<p><strong>Erforderliche Dokumente:<\/strong><\/p>\n<p>Um eine ordnungsgem\u00e4\u00dfe \u00dcberpr\u00fcfung vorzunehmen, bitten wir Sie beim Check-in um die Vorlage eines Identit\u00e4tsnachweises des Kindes oder eines anderen Dokuments, das das Recht zur Aus\u00fcbung der Sorge f\u00fcr das Kind zu diesem Zeitpunkt best\u00e4tigt.<\/p>\n<p>Beispiele f\u00fcr Dokumente zur \u00dcberpr\u00fcfung der Identit\u00e4t des Kindes sind ein Personalausweis, ein Sch\u00fclerausweis, die mObywatel-App, das Online-Patientenkonto oder ein Gerichtsbeschluss.<\/p>\n<p>Wenn Sie nicht der Elternteil des Kindes sind, ist die Vorlage einer notariellen Einverst\u00e4ndniserkl\u00e4rung oder einer Einverst\u00e4ndniserkl\u00e4rung der Eltern erforderlich, unter Angabe der Daten des Kindes, seiner Wohnanschrift, des telefonischen Kontakts zu einem Elternteil, der Ausweisnummer sowie der PESEL-Nummer der mit dem Kind reisenden Person.<\/p>\n<p>&nbsp;<\/p>\n","protected":false},"excerpt":{"rendered":"<p>Gem\u00e4\u00df dem Gesetz vom 28. Juli 2023 ist das Hotel verpflichtet, bis zum 15. August 2024 Kinderschutzstandards (SOM) einzuf\u00fchren. Das Hotel ist gesetzlich dazu verpflichtet, diese Standards anzuwenden \u2013 insbesondere durch die Feststellung der Identit\u00e4t des Minderj\u00e4hrigen und dessen Beziehung zum Erwachsenen, mit dem er sich in der Einrichtung aufh\u00e4lt. (Gesetz vom 13. Mai 2016 [&hellip;]<\/p>\n","protected":false},"author":9,"featured_media":0,"parent":0,"menu_order":998,"comment_status":"closed","ping_status":"closed","template":"template-privacy.php","meta":{"footnotes":""},"class_list":["post-939","page","type-page","status-publish","hentry"],"yoast_head":"<!-- This site is optimized with the Yoast SEO plugin v26.9 - https:\/\/yoast.com\/product\/yoast-seo-wordpress\/ -->\n<title>Kinderschutzstandards (SOM) - Hotel Libert\u00e9 33<\/title>\n<meta name=\"description\" content=\"Gem\u00e4\u00df dem Gesetz vom 28. Juli 2023 ist das Hotel verpflichtet, bis zum 15\" \/>\n<meta name=\"robots\" content=\"index, follow, max-snippet:-1, max-image-preview:large, max-video-preview:-1\" \/>\n<link rel=\"canonical\" href=\"https:\/\/liberte33hotel.pl\/de\/kinderschutzstandards-som\/\" \/>\n<meta property=\"og:locale\" content=\"de_DE\" \/>\n<meta property=\"og:type\" content=\"article\" \/>\n<meta property=\"og:title\" content=\"Kinderschutzstandards (SOM) - Hotel Libert\u00e9 33\" \/>\n<meta property=\"og:description\" content=\"Gem\u00e4\u00df dem Gesetz vom 28. Juli 2023 ist das Hotel verpflichtet, bis zum 15\" \/>\n<meta property=\"og:url\" content=\"https:\/\/liberte33hotel.pl\/de\/kinderschutzstandards-som\/\" \/>\n<meta property=\"og:site_name\" content=\"Hotel Libert\u00e9 33\" \/>\n<meta property=\"article:publisher\" content=\"https:\/\/www.facebook.com\/liberte33hotel\" \/>\n<meta property=\"article:modified_time\" content=\"2026-01-22T09:55:22+00:00\" \/>\n<meta property=\"og:image\" content=\"https:\/\/liberte33hotel.pl\/wp-content\/uploads\/sites\/9\/2025\/10\/DSC_7394-205-1.jpg\" \/>\n\t<meta property=\"og:image:width\" content=\"1000\" \/>\n\t<meta property=\"og:image:height\" content=\"731\" \/>\n\t<meta property=\"og:image:type\" content=\"image\/jpeg\" \/>\n<meta name=\"twitter:card\" content=\"summary_large_image\" \/>\n<meta name=\"twitter:label1\" content=\"Est. reading time\" \/>\n\t<meta name=\"twitter:data1\" content=\"1\u00a0Minute\" \/>\n<script type=\"application\/ld+json\" class=\"yoast-schema-graph\">{\"@context\":\"https:\/\/schema.org\",\"@graph\":[{\"@type\":\"WebPage\",\"@id\":\"https:\/\/liberte33hotel.pl\/de\/kinderschutzstandards-som\/\",\"url\":\"https:\/\/liberte33hotel.pl\/de\/kinderschutzstandards-som\/\",\"name\":\"Kinderschutzstandards (SOM) - Hotel Libert\u00e9 33\",\"isPartOf\":{\"@id\":\"https:\/\/liberte33hotel.pl\/de\/#website\"},\"datePublished\":\"2025-10-07T15:07:53+00:00\",\"dateModified\":\"2026-01-22T09:55:22+00:00\",\"description\":\"Gem\u00e4\u00df dem Gesetz vom 28. Juli 2023 ist das Hotel verpflichtet, bis zum 15\",\"breadcrumb\":{\"@id\":\"https:\/\/liberte33hotel.pl\/de\/kinderschutzstandards-som\/#breadcrumb\"},\"inLanguage\":\"de\",\"potentialAction\":[{\"@type\":\"ReadAction\",\"target\":[\"https:\/\/liberte33hotel.pl\/de\/kinderschutzstandards-som\/\"]}]},{\"@type\":\"BreadcrumbList\",\"@id\":\"https:\/\/liberte33hotel.pl\/de\/kinderschutzstandards-som\/#breadcrumb\",\"itemListElement\":[{\"@type\":\"ListItem\",\"position\":1,\"name\":\"Home\",\"item\":\"https:\/\/liberte33hotel.pl\/de\/\"},{\"@type\":\"ListItem\",\"position\":2,\"name\":\"Kinderschutzstandards (SOM)\"}]},{\"@type\":\"WebSite\",\"@id\":\"https:\/\/liberte33hotel.pl\/de\/#website\",\"url\":\"https:\/\/liberte33hotel.pl\/de\/\",\"name\":\"Hotel Libert\u00e9 33\",\"description\":\"\",\"publisher\":{\"@id\":\"https:\/\/liberte33hotel.pl\/de\/#organization\"},\"alternateName\":\"Hotel Libert\u00e9 33\",\"potentialAction\":[{\"@type\":\"SearchAction\",\"target\":{\"@type\":\"EntryPoint\",\"urlTemplate\":\"https:\/\/liberte33hotel.pl\/de\/?s={search_term_string}\"},\"query-input\":{\"@type\":\"PropertyValueSpecification\",\"valueRequired\":true,\"valueName\":\"search_term_string\"}}],\"inLanguage\":\"de\"},{\"@type\":\"Organization\",\"@id\":\"https:\/\/liberte33hotel.pl\/de\/#organization\",\"name\":\"Hotel Libert\u00e9 33\",\"alternateName\":\"Hotel Libert\u00e9 33\",\"url\":\"https:\/\/liberte33hotel.pl\/de\/\",\"logo\":{\"@type\":\"ImageObject\",\"inLanguage\":\"de\",\"@id\":\"https:\/\/liberte33hotel.pl\/de\/#\/schema\/logo\/image\/\",\"url\":\"https:\/\/hotel-liberte-33.ms3.decms.eu\/wp-content\/uploads\/sites\/9\/2025\/10\/logo-white-sygnet.png\",\"contentUrl\":\"https:\/\/hotel-liberte-33.ms3.decms.eu\/wp-content\/uploads\/sites\/9\/2025\/10\/logo-white-sygnet.png\",\"width\":696,\"height\":925,\"caption\":\"Hotel Libert\u00e9 33\"},\"image\":{\"@id\":\"https:\/\/liberte33hotel.pl\/de\/#\/schema\/logo\/image\/\"},\"sameAs\":[\"https:\/\/www.facebook.com\/liberte33hotel\",\"https:\/\/www.instagram.com\/liberte33hotel\/\"]}]}<\/script>\n<!-- \/ Yoast SEO plugin. -->","yoast_head_json":{"title":"Kinderschutzstandards (SOM) - Hotel Libert\u00e9 33","description":"Gem\u00e4\u00df dem Gesetz vom 28. Juli 2023 ist das Hotel verpflichtet, bis zum 15","robots":{"index":"index","follow":"follow","max-snippet":"max-snippet:-1","max-image-preview":"max-image-preview:large","max-video-preview":"max-video-preview:-1"},"canonical":"https:\/\/liberte33hotel.pl\/de\/kinderschutzstandards-som\/","og_locale":"de_DE","og_type":"article","og_title":"Kinderschutzstandards (SOM) - Hotel Libert\u00e9 33","og_description":"Gem\u00e4\u00df dem Gesetz vom 28. Juli 2023 ist das Hotel verpflichtet, bis zum 15","og_url":"https:\/\/liberte33hotel.pl\/de\/kinderschutzstandards-som\/","og_site_name":"Hotel Libert\u00e9 33","article_publisher":"https:\/\/www.facebook.com\/liberte33hotel","article_modified_time":"2026-01-22T09:55:22+00:00","og_image":[{"width":1000,"height":731,"url":"https:\/\/liberte33hotel.pl\/wp-content\/uploads\/sites\/9\/2025\/10\/DSC_7394-205-1.jpg","type":"image\/jpeg"}],"twitter_card":"summary_large_image","twitter_misc":{"Est. reading time":"1\u00a0Minute"},"schema":{"@context":"https:\/\/schema.org","@graph":[{"@type":"WebPage","@id":"https:\/\/liberte33hotel.pl\/de\/kinderschutzstandards-som\/","url":"https:\/\/liberte33hotel.pl\/de\/kinderschutzstandards-som\/","name":"Kinderschutzstandards (SOM) - Hotel Libert\u00e9 33","isPartOf":{"@id":"https:\/\/liberte33hotel.pl\/de\/#website"},"datePublished":"2025-10-07T15:07:53+00:00","dateModified":"2026-01-22T09:55:22+00:00","description":"Gem\u00e4\u00df dem Gesetz vom 28. Juli 2023 ist das Hotel verpflichtet, bis zum 15","breadcrumb":{"@id":"https:\/\/liberte33hotel.pl\/de\/kinderschutzstandards-som\/#breadcrumb"},"inLanguage":"de","potentialAction":[{"@type":"ReadAction","target":["https:\/\/liberte33hotel.pl\/de\/kinderschutzstandards-som\/"]}]},{"@type":"BreadcrumbList","@id":"https:\/\/liberte33hotel.pl\/de\/kinderschutzstandards-som\/#breadcrumb","itemListElement":[{"@type":"ListItem","position":1,"name":"Home","item":"https:\/\/liberte33hotel.pl\/de\/"},{"@type":"ListItem","position":2,"name":"Kinderschutzstandards (SOM)"}]},{"@type":"WebSite","@id":"https:\/\/liberte33hotel.pl\/de\/#website","url":"https:\/\/liberte33hotel.pl\/de\/","name":"Hotel Libert\u00e9 33","description":"","publisher":{"@id":"https:\/\/liberte33hotel.pl\/de\/#organization"},"alternateName":"Hotel Libert\u00e9 33","potentialAction":[{"@type":"SearchAction","target":{"@type":"EntryPoint","urlTemplate":"https:\/\/liberte33hotel.pl\/de\/?s={search_term_string}"},"query-input":{"@type":"PropertyValueSpecification","valueRequired":true,"valueName":"search_term_string"}}],"inLanguage":"de"},{"@type":"Organization","@id":"https:\/\/liberte33hotel.pl\/de\/#organization","name":"Hotel Libert\u00e9 33","alternateName":"Hotel Libert\u00e9 33","url":"https:\/\/liberte33hotel.pl\/de\/","logo":{"@type":"ImageObject","inLanguage":"de","@id":"https:\/\/liberte33hotel.pl\/de\/#\/schema\/logo\/image\/","url":"https:\/\/hotel-liberte-33.ms3.decms.eu\/wp-content\/uploads\/sites\/9\/2025\/10\/logo-white-sygnet.png","contentUrl":"https:\/\/hotel-liberte-33.ms3.decms.eu\/wp-content\/uploads\/sites\/9\/2025\/10\/logo-white-sygnet.png","width":696,"height":925,"caption":"Hotel Libert\u00e9 33"},"image":{"@id":"https:\/\/liberte33hotel.pl\/de\/#\/schema\/logo\/image\/"},"sameAs":["https:\/\/www.facebook.com\/liberte33hotel","https:\/\/www.instagram.com\/liberte33hotel\/"]}]}},"acf":[],"_links":{"self":[{"href":"https:\/\/liberte33hotel.pl\/de\/wp-json\/wp\/v2\/pages\/939","targetHints":{"allow":["GET"]}}],"collection":[{"href":"https:\/\/liberte33hotel.pl\/de\/wp-json\/wp\/v2\/pages"}],"about":[{"href":"https:\/\/liberte33hotel.pl\/de\/wp-json\/wp\/v2\/types\/page"}],"author":[{"embeddable":true,"href":"https:\/\/liberte33hotel.pl\/de\/wp-json\/wp\/v2\/users\/9"}],"replies":[{"embeddable":true,"href":"https:\/\/liberte33hotel.pl\/de\/wp-json\/wp\/v2\/comments?post=939"}],"version-history":[{"count":0,"href":"https:\/\/liberte33hotel.pl\/de\/wp-json\/wp\/v2\/pages\/939\/revisions"}],"wp:attachment":[{"href":"https:\/\/liberte33hotel.pl\/de\/wp-json\/wp\/v2\/media?parent=939"}],"curies":[{"name":"wp","href":"https:\/\/api.w.org\/{rel}","templated":true}]}}