{"id":952,"date":"2025-10-10T12:56:04","date_gmt":"2025-10-10T12:56:04","guid":{"rendered":"https:\/\/liberte33hotel.pl\/?page_id=952"},"modified":"2026-02-27T14:54:51","modified_gmt":"2026-02-27T14:54:51","slug":"hotelordnung","status":"publish","type":"page","link":"https:\/\/liberte33hotel.pl\/de\/hotelordnung\/","title":{"rendered":"Hotelordnung"},"content":{"rendered":"<details>\n<summary>Check-in and check-out times<\/summary>\n<p>Check-in ab 15:00 Uhr, Check-out bis 11:00 Uhr<\/p>\n<\/details>\n<details>\n<summary>Haustierregelung<\/summary>\n<p>The hotel accepts pets for an additional fee. Please contact the front desk in Das Hotel akzeptiert Haustiere gegen eine zus\u00e4tzliche Geb\u00fchr. Bitte kontaktieren Sie die Rezeption im Voraus, um die M\u00f6glichkeit eines Aufenthalts mit Haustier zu best\u00e4tigen.<\/p>\n<\/details>\n<details>\n<summary>Stornierung\/Vorauszahlung<\/summary>\n<p>Standardreservierungen k\u00f6nnen bis 14:00 Uhr am Anreisetag kostenlos storniert werden. Nicht erstattungsf\u00e4hige Reservierungen erfordern eine Vorauszahlung.<\/p>\n<\/details>\n<details>\n<summary>Gruppen<\/summary>\n<p>Bei Buchungen von mehr als 5 Zimmern k\u00f6nnen abweichende Bedingungen und zus\u00e4tzliche Geb\u00fchren anfallen. Um mehrere Zimmer gleichzeitig zu buchen, kontaktieren Sie bitte die Rezeption.<\/p>\n<\/details>\n<details>\n<summary>Rauchen<\/summary>\n<p>Rauchen ist innerhalb des Geb\u00e4udes nicht gestattet.<\/p>\n<\/details>\n<details>\n<summary>Parken<\/summary>\n<p>Pl\u00e4tze in der Tiefgarage sowie Au\u00dfenparkpl\u00e4tze sind reservierungspflichtig und gegen eine zus\u00e4tzliche Geb\u00fchr von 80 PLN pro Hotelnacht verf\u00fcgbar.<\/p>\n<\/details>\n<details>\n<summary>Zahlung<\/summary>\n<p>Es wird eine Kaution in Form einer Vorautorisierung der Zahlungskarte in H\u00f6he der vollen \u00dcbernachtungskosten zuz\u00fcglich 200 PLN pro Zimmer erhoben.<\/p>\n<\/details>\n","protected":false},"excerpt":{"rendered":"<p>Check-in and check-out times Check-in ab 15:00 Uhr, Check-out bis 11:00 Uhr Haustierregelung The hotel accepts pets for an additional fee. Please contact the front desk in Das Hotel akzeptiert Haustiere gegen eine zus\u00e4tzliche Geb\u00fchr. Bitte kontaktieren Sie die Rezeption im Voraus, um die M\u00f6glichkeit eines Aufenthalts mit Haustier zu best\u00e4tigen. Stornierung\/Vorauszahlung Standardreservierungen k\u00f6nnen bis [&hellip;]<\/p>\n","protected":false},"author":9,"featured_media":0,"parent":0,"menu_order":90,"comment_status":"closed","ping_status":"closed","template":"template-faq.php","meta":{"footnotes":""},"class_list":["post-952","page","type-page","status-publish","hentry"],"yoast_head":"<!-- This site is optimized with the Yoast SEO plugin v26.9 - https:\/\/yoast.com\/product\/yoast-seo-wordpress\/ -->\n<title>Hotelordnung - Hotel Libert\u00e9 33<\/title>\n<meta name=\"description\" content=\"Check-in and check-out timesCheck-in ab 15:00 Uhr, Check-out bis 11:00 Uhr  HaustierregelungThe hotel accepts pets for an additional fee. Please contact the front desk in Das Hotel akzeptiert Haustiere gegen eine zus\u00e4tzliche Geb\u00fchr\" \/>\n<meta name=\"robots\" content=\"index, follow, max-snippet:-1, max-image-preview:large, max-video-preview:-1\" \/>\n<link rel=\"canonical\" href=\"https:\/\/liberte33hotel.pl\/de\/hotelordnung\/\" \/>\n<meta property=\"og:locale\" content=\"de_DE\" \/>\n<meta property=\"og:type\" content=\"article\" \/>\n<meta property=\"og:title\" content=\"Hotelordnung - Hotel Libert\u00e9 33\" \/>\n<meta property=\"og:description\" content=\"Check-in and check-out timesCheck-in ab 15:00 Uhr, Check-out bis 11:00 Uhr  HaustierregelungThe hotel accepts pets for an additional fee. Please contact the front desk in Das Hotel akzeptiert Haustiere gegen eine zus\u00e4tzliche Geb\u00fchr\" \/>\n<meta property=\"og:url\" content=\"https:\/\/liberte33hotel.pl\/de\/hotelordnung\/\" \/>\n<meta property=\"og:site_name\" content=\"Hotel Libert\u00e9 33\" \/>\n<meta property=\"article:publisher\" content=\"https:\/\/www.facebook.com\/liberte33hotel\" \/>\n<meta property=\"article:modified_time\" content=\"2026-02-27T14:54:51+00:00\" \/>\n<meta property=\"og:image\" content=\"https:\/\/liberte33hotel.pl\/wp-content\/uploads\/sites\/9\/2025\/10\/DSC_7394-205-1.jpg\" \/>\n\t<meta property=\"og:image:width\" content=\"1000\" \/>\n\t<meta property=\"og:image:height\" content=\"731\" \/>\n\t<meta property=\"og:image:type\" content=\"image\/jpeg\" \/>\n<meta name=\"twitter:card\" content=\"summary_large_image\" \/>\n<meta name=\"twitter:label1\" content=\"Est. reading time\" \/>\n\t<meta name=\"twitter:data1\" content=\"1\u00a0Minute\" \/>\n<script type=\"application\/ld+json\" class=\"yoast-schema-graph\">{\"@context\":\"https:\/\/schema.org\",\"@graph\":[{\"@type\":\"WebPage\",\"@id\":\"https:\/\/liberte33hotel.pl\/de\/hotelordnung\/\",\"url\":\"https:\/\/liberte33hotel.pl\/de\/hotelordnung\/\",\"name\":\"Hotelordnung - Hotel Libert\u00e9 33\",\"isPartOf\":{\"@id\":\"https:\/\/liberte33hotel.pl\/de\/#website\"},\"datePublished\":\"2025-10-10T12:56:04+00:00\",\"dateModified\":\"2026-02-27T14:54:51+00:00\",\"description\":\"Check-in and check-out timesCheck-in ab 15:00 Uhr, Check-out bis 11:00 Uhr HaustierregelungThe hotel accepts pets for an additional fee. Please contact the front desk in Das Hotel akzeptiert Haustiere gegen eine zus\u00e4tzliche Geb\u00fchr\",\"breadcrumb\":{\"@id\":\"https:\/\/liberte33hotel.pl\/de\/hotelordnung\/#breadcrumb\"},\"inLanguage\":\"de\",\"potentialAction\":[{\"@type\":\"ReadAction\",\"target\":[\"https:\/\/liberte33hotel.pl\/de\/hotelordnung\/\"]}]},{\"@type\":\"BreadcrumbList\",\"@id\":\"https:\/\/liberte33hotel.pl\/de\/hotelordnung\/#breadcrumb\",\"itemListElement\":[{\"@type\":\"ListItem\",\"position\":1,\"name\":\"Home\",\"item\":\"https:\/\/liberte33hotel.pl\/de\/\"},{\"@type\":\"ListItem\",\"position\":2,\"name\":\"Hotelordnung\"}]},{\"@type\":\"WebSite\",\"@id\":\"https:\/\/liberte33hotel.pl\/de\/#website\",\"url\":\"https:\/\/liberte33hotel.pl\/de\/\",\"name\":\"Hotel Libert\u00e9 33\",\"description\":\"\",\"publisher\":{\"@id\":\"https:\/\/liberte33hotel.pl\/de\/#organization\"},\"alternateName\":\"Hotel Libert\u00e9 33\",\"potentialAction\":[{\"@type\":\"SearchAction\",\"target\":{\"@type\":\"EntryPoint\",\"urlTemplate\":\"https:\/\/liberte33hotel.pl\/de\/?s={search_term_string}\"},\"query-input\":{\"@type\":\"PropertyValueSpecification\",\"valueRequired\":true,\"valueName\":\"search_term_string\"}}],\"inLanguage\":\"de\"},{\"@type\":\"Organization\",\"@id\":\"https:\/\/liberte33hotel.pl\/de\/#organization\",\"name\":\"Hotel Libert\u00e9 33\",\"alternateName\":\"Hotel Libert\u00e9 33\",\"url\":\"https:\/\/liberte33hotel.pl\/de\/\",\"logo\":{\"@type\":\"ImageObject\",\"inLanguage\":\"de\",\"@id\":\"https:\/\/liberte33hotel.pl\/de\/#\/schema\/logo\/image\/\",\"url\":\"https:\/\/hotel-liberte-33.ms3.decms.eu\/wp-content\/uploads\/sites\/9\/2025\/10\/logo-white-sygnet.png\",\"contentUrl\":\"https:\/\/hotel-liberte-33.ms3.decms.eu\/wp-content\/uploads\/sites\/9\/2025\/10\/logo-white-sygnet.png\",\"width\":696,\"height\":925,\"caption\":\"Hotel Libert\u00e9 33\"},\"image\":{\"@id\":\"https:\/\/liberte33hotel.pl\/de\/#\/schema\/logo\/image\/\"},\"sameAs\":[\"https:\/\/www.facebook.com\/liberte33hotel\",\"https:\/\/www.instagram.com\/liberte33hotel\/\"]}]}<\/script>\n<!-- \/ Yoast SEO plugin. -->","yoast_head_json":{"title":"Hotelordnung - Hotel Libert\u00e9 33","description":"Check-in and check-out timesCheck-in ab 15:00 Uhr, Check-out bis 11:00 Uhr  HaustierregelungThe hotel accepts pets for an additional fee. Please contact the front desk in Das Hotel akzeptiert Haustiere gegen eine zus\u00e4tzliche Geb\u00fchr","robots":{"index":"index","follow":"follow","max-snippet":"max-snippet:-1","max-image-preview":"max-image-preview:large","max-video-preview":"max-video-preview:-1"},"canonical":"https:\/\/liberte33hotel.pl\/de\/hotelordnung\/","og_locale":"de_DE","og_type":"article","og_title":"Hotelordnung - Hotel Libert\u00e9 33","og_description":"Check-in and check-out timesCheck-in ab 15:00 Uhr, Check-out bis 11:00 Uhr  HaustierregelungThe hotel accepts pets for an additional fee. Please contact the front desk in Das Hotel akzeptiert Haustiere gegen eine zus\u00e4tzliche Geb\u00fchr","og_url":"https:\/\/liberte33hotel.pl\/de\/hotelordnung\/","og_site_name":"Hotel Libert\u00e9 33","article_publisher":"https:\/\/www.facebook.com\/liberte33hotel","article_modified_time":"2026-02-27T14:54:51+00:00","og_image":[{"width":1000,"height":731,"url":"https:\/\/liberte33hotel.pl\/wp-content\/uploads\/sites\/9\/2025\/10\/DSC_7394-205-1.jpg","type":"image\/jpeg"}],"twitter_card":"summary_large_image","twitter_misc":{"Est. reading time":"1\u00a0Minute"},"schema":{"@context":"https:\/\/schema.org","@graph":[{"@type":"WebPage","@id":"https:\/\/liberte33hotel.pl\/de\/hotelordnung\/","url":"https:\/\/liberte33hotel.pl\/de\/hotelordnung\/","name":"Hotelordnung - Hotel Libert\u00e9 33","isPartOf":{"@id":"https:\/\/liberte33hotel.pl\/de\/#website"},"datePublished":"2025-10-10T12:56:04+00:00","dateModified":"2026-02-27T14:54:51+00:00","description":"Check-in and check-out timesCheck-in ab 15:00 Uhr, Check-out bis 11:00 Uhr HaustierregelungThe hotel accepts pets for an additional fee. Please contact the front desk in Das Hotel akzeptiert Haustiere gegen eine zus\u00e4tzliche Geb\u00fchr","breadcrumb":{"@id":"https:\/\/liberte33hotel.pl\/de\/hotelordnung\/#breadcrumb"},"inLanguage":"de","potentialAction":[{"@type":"ReadAction","target":["https:\/\/liberte33hotel.pl\/de\/hotelordnung\/"]}]},{"@type":"BreadcrumbList","@id":"https:\/\/liberte33hotel.pl\/de\/hotelordnung\/#breadcrumb","itemListElement":[{"@type":"ListItem","position":1,"name":"Home","item":"https:\/\/liberte33hotel.pl\/de\/"},{"@type":"ListItem","position":2,"name":"Hotelordnung"}]},{"@type":"WebSite","@id":"https:\/\/liberte33hotel.pl\/de\/#website","url":"https:\/\/liberte33hotel.pl\/de\/","name":"Hotel Libert\u00e9 33","description":"","publisher":{"@id":"https:\/\/liberte33hotel.pl\/de\/#organization"},"alternateName":"Hotel Libert\u00e9 33","potentialAction":[{"@type":"SearchAction","target":{"@type":"EntryPoint","urlTemplate":"https:\/\/liberte33hotel.pl\/de\/?s={search_term_string}"},"query-input":{"@type":"PropertyValueSpecification","valueRequired":true,"valueName":"search_term_string"}}],"inLanguage":"de"},{"@type":"Organization","@id":"https:\/\/liberte33hotel.pl\/de\/#organization","name":"Hotel Libert\u00e9 33","alternateName":"Hotel Libert\u00e9 33","url":"https:\/\/liberte33hotel.pl\/de\/","logo":{"@type":"ImageObject","inLanguage":"de","@id":"https:\/\/liberte33hotel.pl\/de\/#\/schema\/logo\/image\/","url":"https:\/\/hotel-liberte-33.ms3.decms.eu\/wp-content\/uploads\/sites\/9\/2025\/10\/logo-white-sygnet.png","contentUrl":"https:\/\/hotel-liberte-33.ms3.decms.eu\/wp-content\/uploads\/sites\/9\/2025\/10\/logo-white-sygnet.png","width":696,"height":925,"caption":"Hotel Libert\u00e9 33"},"image":{"@id":"https:\/\/liberte33hotel.pl\/de\/#\/schema\/logo\/image\/"},"sameAs":["https:\/\/www.facebook.com\/liberte33hotel","https:\/\/www.instagram.com\/liberte33hotel\/"]}]}},"acf":[],"_links":{"self":[{"href":"https:\/\/liberte33hotel.pl\/de\/wp-json\/wp\/v2\/pages\/952","targetHints":{"allow":["GET"]}}],"collection":[{"href":"https:\/\/liberte33hotel.pl\/de\/wp-json\/wp\/v2\/pages"}],"about":[{"href":"https:\/\/liberte33hotel.pl\/de\/wp-json\/wp\/v2\/types\/page"}],"author":[{"embeddable":true,"href":"https:\/\/liberte33hotel.pl\/de\/wp-json\/wp\/v2\/users\/9"}],"replies":[{"embeddable":true,"href":"https:\/\/liberte33hotel.pl\/de\/wp-json\/wp\/v2\/comments?post=952"}],"version-history":[{"count":0,"href":"https:\/\/liberte33hotel.pl\/de\/wp-json\/wp\/v2\/pages\/952\/revisions"}],"wp:attachment":[{"href":"https:\/\/liberte33hotel.pl\/de\/wp-json\/wp\/v2\/media?parent=952"}],"curies":[{"name":"wp","href":"https:\/\/api.w.org\/{rel}","templated":true}]}}