{"id":966,"date":"2025-10-14T12:18:38","date_gmt":"2025-10-14T12:18:38","guid":{"rendered":"https:\/\/liberte33hotel.pl\/?page_id=966"},"modified":"2026-01-23T16:06:55","modified_gmt":"2026-01-23T16:06:55","slug":"junior-suite-apartment","status":"publish","type":"page","link":"https:\/\/liberte33hotel.pl\/de\/zimmer\/junior-suite-apartment\/","title":{"rendered":"Junior Suite Apartment"},"content":{"rendered":"<p>Ein Schlafzimmer mit einem gro\u00dfen Doppelbett und ein Wohnzimmer mit Schlafsofa erm\u00f6glichen auch Familien einen komfortablen Aufenthalt. Eine Tasse Kaffee aus der zur Ausstattung geh\u00f6renden Kaffeemaschine, am Morgen in einem gem\u00fctlichen Bademantel genossen, ist der perfekte Start in einen Tag voller Posener Attraktionen.<\/p>\n<p>&nbsp;<\/p>\n<table>\n<thead>\n<tr>\n<th><img loading=\"lazy\" decoding=\"async\" class=\"alignnone size-full wp-image-372 alignleft\" src=\"https:\/\/hotel-liberte-33.ms3.decms.eu\/wp-content\/uploads\/sites\/9\/2025\/10\/dimensions.svg\" alt=\"\" width=\"30\" height=\"30\" \/> Zimmergr\u00f6\u00dfe: 28 m<sup>2<\/sup><\/th>\n<th><img loading=\"lazy\" decoding=\"async\" class=\"alignnone size-full wp-image-376 alignleft\" src=\"https:\/\/hotel-liberte-33.ms3.decms.eu\/wp-content\/uploads\/sites\/9\/2025\/10\/bed.svg\" alt=\"\" width=\"30\" height=\"30\" \/> King-Size-Bett und Schlafsofa<\/th>\n<th><img loading=\"lazy\" decoding=\"async\" class=\"alignnone size-full wp-image-381 alignleft\" src=\"https:\/\/hotel-liberte-33.ms3.decms.eu\/wp-content\/uploads\/sites\/9\/2025\/10\/bath_tub.svg\" alt=\"\" width=\"30\" height=\"30\" \/> Zwei separate Badezimmer<\/th>\n<\/tr>\n<\/thead>\n<\/table>\n","protected":false},"excerpt":{"rendered":"<p>Ein Schlafzimmer mit einem gro\u00dfen Doppelbett und ein Wohnzimmer mit Schlafsofa erm\u00f6glichen auch Familien einen komfortablen Aufenthalt. Eine Tasse Kaffee aus der zur Ausstattung geh\u00f6renden Kaffeemaschine, am Morgen in einem gem\u00fctlichen Bademantel genossen, ist der perfekte Start in einen Tag voller Posener Attraktionen. &nbsp; Zimmergr\u00f6\u00dfe: 28 m2 King-Size-Bett und Schlafsofa Zwei separate Badezimmer<\/p>\n","protected":false},"author":9,"featured_media":392,"parent":981,"menu_order":18,"comment_status":"closed","ping_status":"closed","template":"template-single-room.php","meta":{"footnotes":""},"class_list":["post-966","page","type-page","status-publish","has-post-thumbnail","hentry"],"yoast_head":"<!-- This site is optimized with the Yoast SEO plugin v26.9 - https:\/\/yoast.com\/product\/yoast-seo-wordpress\/ -->\n<title>Junior Suite Apartment - Hotel Libert\u00e9 33<\/title>\n<meta name=\"description\" content=\"Ein Schlafzimmer mit einem gro\u00dfen Doppelbett und ein Wohnzimmer mit Schlafsofa erm\u00f6glichen auch Familien einen komfortablen Aufenthalt. Eine Tasse Kaffee aus der zur Ausstattung geh\u00f6renden Kaffeemaschine, am Morgen in einem gem\u00fctlichen Bademantel genossen, ist der perfekte Start in einen Tag voller Posener Attraktionen.  &nbsp;     Zimmergr\u00f6\u00dfe: 28 m2  King-Size-Bett und Schlafsofa  Zwei separate Badezimmer\" \/>\n<meta name=\"robots\" content=\"index, follow, max-snippet:-1, max-image-preview:large, max-video-preview:-1\" \/>\n<link rel=\"canonical\" href=\"https:\/\/liberte33hotel.pl\/de\/zimmer\/junior-suite-apartment\/\" \/>\n<meta property=\"og:locale\" content=\"de_DE\" \/>\n<meta property=\"og:type\" content=\"article\" \/>\n<meta property=\"og:title\" content=\"Junior Suite Apartment - Hotel Libert\u00e9 33\" \/>\n<meta property=\"og:description\" content=\"Ein Schlafzimmer mit einem gro\u00dfen Doppelbett und ein Wohnzimmer mit Schlafsofa erm\u00f6glichen auch Familien einen komfortablen Aufenthalt. Eine Tasse Kaffee aus der zur Ausstattung geh\u00f6renden Kaffeemaschine, am Morgen in einem gem\u00fctlichen Bademantel genossen, ist der perfekte Start in einen Tag voller Posener Attraktionen.  &nbsp;     Zimmergr\u00f6\u00dfe: 28 m2  King-Size-Bett und Schlafsofa  Zwei separate Badezimmer\" \/>\n<meta property=\"og:url\" content=\"https:\/\/liberte33hotel.pl\/de\/zimmer\/junior-suite-apartment\/\" \/>\n<meta property=\"og:site_name\" content=\"Hotel Libert\u00e9 33\" \/>\n<meta property=\"article:publisher\" content=\"https:\/\/www.facebook.com\/liberte33hotel\" \/>\n<meta property=\"article:modified_time\" content=\"2026-01-23T16:06:55+00:00\" \/>\n<meta property=\"og:image\" content=\"https:\/\/liberte33hotel.pl\/wp-content\/uploads\/sites\/9\/2025\/10\/Hotel-Liberte-33-Aapartament-JUNIOR-SUITE-w-Willi.jpg\" \/>\n\t<meta property=\"og:image:width\" content=\"800\" \/>\n\t<meta property=\"og:image:height\" content=\"1200\" \/>\n\t<meta property=\"og:image:type\" content=\"image\/jpeg\" \/>\n<meta name=\"twitter:card\" content=\"summary_large_image\" \/>\n<meta name=\"twitter:label1\" content=\"Est. reading time\" \/>\n\t<meta name=\"twitter:data1\" content=\"1\u00a0Minute\" \/>\n<script type=\"application\/ld+json\" class=\"yoast-schema-graph\">{\"@context\":\"https:\/\/schema.org\",\"@graph\":[{\"@type\":\"WebPage\",\"@id\":\"https:\/\/liberte33hotel.pl\/de\/zimmer\/junior-suite-apartment\/\",\"url\":\"https:\/\/liberte33hotel.pl\/de\/zimmer\/junior-suite-apartment\/\",\"name\":\"Junior Suite Apartment - Hotel Libert\u00e9 33\",\"isPartOf\":{\"@id\":\"https:\/\/liberte33hotel.pl\/de\/#website\"},\"primaryImageOfPage\":{\"@id\":\"https:\/\/liberte33hotel.pl\/de\/zimmer\/junior-suite-apartment\/#primaryimage\"},\"image\":{\"@id\":\"https:\/\/liberte33hotel.pl\/de\/zimmer\/junior-suite-apartment\/#primaryimage\"},\"thumbnailUrl\":\"https:\/\/liberte33hotel.pl\/wp-content\/uploads\/sites\/9\/2025\/10\/Hotel-Liberte-33-Aapartament-JUNIOR-SUITE-w-Willi.jpg\",\"datePublished\":\"2025-10-14T12:18:38+00:00\",\"dateModified\":\"2026-01-23T16:06:55+00:00\",\"description\":\"Ein Schlafzimmer mit einem gro\u00dfen Doppelbett und ein Wohnzimmer mit Schlafsofa erm\u00f6glichen auch Familien einen komfortablen Aufenthalt. Eine Tasse Kaffee aus der zur Ausstattung geh\u00f6renden Kaffeemaschine, am Morgen in einem gem\u00fctlichen Bademantel genossen, ist der perfekte Start in einen Tag voller Posener Attraktionen. &nbsp; Zimmergr\u00f6\u00dfe: 28 m2 King-Size-Bett und Schlafsofa Zwei separate Badezimmer\",\"breadcrumb\":{\"@id\":\"https:\/\/liberte33hotel.pl\/de\/zimmer\/junior-suite-apartment\/#breadcrumb\"},\"inLanguage\":\"de\",\"potentialAction\":[{\"@type\":\"ReadAction\",\"target\":[\"https:\/\/liberte33hotel.pl\/de\/zimmer\/junior-suite-apartment\/\"]}]},{\"@type\":\"ImageObject\",\"inLanguage\":\"de\",\"@id\":\"https:\/\/liberte33hotel.pl\/de\/zimmer\/junior-suite-apartment\/#primaryimage\",\"url\":\"https:\/\/liberte33hotel.pl\/wp-content\/uploads\/sites\/9\/2025\/10\/Hotel-Liberte-33-Aapartament-JUNIOR-SUITE-w-Willi.jpg\",\"contentUrl\":\"https:\/\/liberte33hotel.pl\/wp-content\/uploads\/sites\/9\/2025\/10\/Hotel-Liberte-33-Aapartament-JUNIOR-SUITE-w-Willi.jpg\",\"width\":800,\"height\":1200},{\"@type\":\"BreadcrumbList\",\"@id\":\"https:\/\/liberte33hotel.pl\/de\/zimmer\/junior-suite-apartment\/#breadcrumb\",\"itemListElement\":[{\"@type\":\"ListItem\",\"position\":1,\"name\":\"Home\",\"item\":\"https:\/\/liberte33hotel.pl\/de\/\"},{\"@type\":\"ListItem\",\"position\":2,\"name\":\"Junior Suite Apartment\"}]},{\"@type\":\"WebSite\",\"@id\":\"https:\/\/liberte33hotel.pl\/de\/#website\",\"url\":\"https:\/\/liberte33hotel.pl\/de\/\",\"name\":\"Hotel Libert\u00e9 33\",\"description\":\"\",\"publisher\":{\"@id\":\"https:\/\/liberte33hotel.pl\/de\/#organization\"},\"alternateName\":\"Hotel Libert\u00e9 33\",\"potentialAction\":[{\"@type\":\"SearchAction\",\"target\":{\"@type\":\"EntryPoint\",\"urlTemplate\":\"https:\/\/liberte33hotel.pl\/de\/?s={search_term_string}\"},\"query-input\":{\"@type\":\"PropertyValueSpecification\",\"valueRequired\":true,\"valueName\":\"search_term_string\"}}],\"inLanguage\":\"de\"},{\"@type\":\"Organization\",\"@id\":\"https:\/\/liberte33hotel.pl\/de\/#organization\",\"name\":\"Hotel Libert\u00e9 33\",\"alternateName\":\"Hotel Libert\u00e9 33\",\"url\":\"https:\/\/liberte33hotel.pl\/de\/\",\"logo\":{\"@type\":\"ImageObject\",\"inLanguage\":\"de\",\"@id\":\"https:\/\/liberte33hotel.pl\/de\/#\/schema\/logo\/image\/\",\"url\":\"https:\/\/hotel-liberte-33.ms3.decms.eu\/wp-content\/uploads\/sites\/9\/2025\/10\/logo-white-sygnet.png\",\"contentUrl\":\"https:\/\/hotel-liberte-33.ms3.decms.eu\/wp-content\/uploads\/sites\/9\/2025\/10\/logo-white-sygnet.png\",\"width\":696,\"height\":925,\"caption\":\"Hotel Libert\u00e9 33\"},\"image\":{\"@id\":\"https:\/\/liberte33hotel.pl\/de\/#\/schema\/logo\/image\/\"},\"sameAs\":[\"https:\/\/www.facebook.com\/liberte33hotel\",\"https:\/\/www.instagram.com\/liberte33hotel\/\"]}]}<\/script>\n<!-- \/ Yoast SEO plugin. -->","yoast_head_json":{"title":"Junior Suite Apartment - Hotel Libert\u00e9 33","description":"Ein Schlafzimmer mit einem gro\u00dfen Doppelbett und ein Wohnzimmer mit Schlafsofa erm\u00f6glichen auch Familien einen komfortablen Aufenthalt. Eine Tasse Kaffee aus der zur Ausstattung geh\u00f6renden Kaffeemaschine, am Morgen in einem gem\u00fctlichen Bademantel genossen, ist der perfekte Start in einen Tag voller Posener Attraktionen.  &nbsp;     Zimmergr\u00f6\u00dfe: 28 m2  King-Size-Bett und Schlafsofa  Zwei separate Badezimmer","robots":{"index":"index","follow":"follow","max-snippet":"max-snippet:-1","max-image-preview":"max-image-preview:large","max-video-preview":"max-video-preview:-1"},"canonical":"https:\/\/liberte33hotel.pl\/de\/zimmer\/junior-suite-apartment\/","og_locale":"de_DE","og_type":"article","og_title":"Junior Suite Apartment - Hotel Libert\u00e9 33","og_description":"Ein Schlafzimmer mit einem gro\u00dfen Doppelbett und ein Wohnzimmer mit Schlafsofa erm\u00f6glichen auch Familien einen komfortablen Aufenthalt. Eine Tasse Kaffee aus der zur Ausstattung geh\u00f6renden Kaffeemaschine, am Morgen in einem gem\u00fctlichen Bademantel genossen, ist der perfekte Start in einen Tag voller Posener Attraktionen.  &nbsp;     Zimmergr\u00f6\u00dfe: 28 m2  King-Size-Bett und Schlafsofa  Zwei separate Badezimmer","og_url":"https:\/\/liberte33hotel.pl\/de\/zimmer\/junior-suite-apartment\/","og_site_name":"Hotel Libert\u00e9 33","article_publisher":"https:\/\/www.facebook.com\/liberte33hotel","article_modified_time":"2026-01-23T16:06:55+00:00","og_image":[{"width":800,"height":1200,"url":"https:\/\/liberte33hotel.pl\/wp-content\/uploads\/sites\/9\/2025\/10\/Hotel-Liberte-33-Aapartament-JUNIOR-SUITE-w-Willi.jpg","type":"image\/jpeg"}],"twitter_card":"summary_large_image","twitter_misc":{"Est. reading time":"1\u00a0Minute"},"schema":{"@context":"https:\/\/schema.org","@graph":[{"@type":"WebPage","@id":"https:\/\/liberte33hotel.pl\/de\/zimmer\/junior-suite-apartment\/","url":"https:\/\/liberte33hotel.pl\/de\/zimmer\/junior-suite-apartment\/","name":"Junior Suite Apartment - Hotel Libert\u00e9 33","isPartOf":{"@id":"https:\/\/liberte33hotel.pl\/de\/#website"},"primaryImageOfPage":{"@id":"https:\/\/liberte33hotel.pl\/de\/zimmer\/junior-suite-apartment\/#primaryimage"},"image":{"@id":"https:\/\/liberte33hotel.pl\/de\/zimmer\/junior-suite-apartment\/#primaryimage"},"thumbnailUrl":"https:\/\/liberte33hotel.pl\/wp-content\/uploads\/sites\/9\/2025\/10\/Hotel-Liberte-33-Aapartament-JUNIOR-SUITE-w-Willi.jpg","datePublished":"2025-10-14T12:18:38+00:00","dateModified":"2026-01-23T16:06:55+00:00","description":"Ein Schlafzimmer mit einem gro\u00dfen Doppelbett und ein Wohnzimmer mit Schlafsofa erm\u00f6glichen auch Familien einen komfortablen Aufenthalt. Eine Tasse Kaffee aus der zur Ausstattung geh\u00f6renden Kaffeemaschine, am Morgen in einem gem\u00fctlichen Bademantel genossen, ist der perfekte Start in einen Tag voller Posener Attraktionen. &nbsp; Zimmergr\u00f6\u00dfe: 28 m2 King-Size-Bett und Schlafsofa Zwei separate Badezimmer","breadcrumb":{"@id":"https:\/\/liberte33hotel.pl\/de\/zimmer\/junior-suite-apartment\/#breadcrumb"},"inLanguage":"de","potentialAction":[{"@type":"ReadAction","target":["https:\/\/liberte33hotel.pl\/de\/zimmer\/junior-suite-apartment\/"]}]},{"@type":"ImageObject","inLanguage":"de","@id":"https:\/\/liberte33hotel.pl\/de\/zimmer\/junior-suite-apartment\/#primaryimage","url":"https:\/\/liberte33hotel.pl\/wp-content\/uploads\/sites\/9\/2025\/10\/Hotel-Liberte-33-Aapartament-JUNIOR-SUITE-w-Willi.jpg","contentUrl":"https:\/\/liberte33hotel.pl\/wp-content\/uploads\/sites\/9\/2025\/10\/Hotel-Liberte-33-Aapartament-JUNIOR-SUITE-w-Willi.jpg","width":800,"height":1200},{"@type":"BreadcrumbList","@id":"https:\/\/liberte33hotel.pl\/de\/zimmer\/junior-suite-apartment\/#breadcrumb","itemListElement":[{"@type":"ListItem","position":1,"name":"Home","item":"https:\/\/liberte33hotel.pl\/de\/"},{"@type":"ListItem","position":2,"name":"Junior Suite Apartment"}]},{"@type":"WebSite","@id":"https:\/\/liberte33hotel.pl\/de\/#website","url":"https:\/\/liberte33hotel.pl\/de\/","name":"Hotel Libert\u00e9 33","description":"","publisher":{"@id":"https:\/\/liberte33hotel.pl\/de\/#organization"},"alternateName":"Hotel Libert\u00e9 33","potentialAction":[{"@type":"SearchAction","target":{"@type":"EntryPoint","urlTemplate":"https:\/\/liberte33hotel.pl\/de\/?s={search_term_string}"},"query-input":{"@type":"PropertyValueSpecification","valueRequired":true,"valueName":"search_term_string"}}],"inLanguage":"de"},{"@type":"Organization","@id":"https:\/\/liberte33hotel.pl\/de\/#organization","name":"Hotel Libert\u00e9 33","alternateName":"Hotel Libert\u00e9 33","url":"https:\/\/liberte33hotel.pl\/de\/","logo":{"@type":"ImageObject","inLanguage":"de","@id":"https:\/\/liberte33hotel.pl\/de\/#\/schema\/logo\/image\/","url":"https:\/\/hotel-liberte-33.ms3.decms.eu\/wp-content\/uploads\/sites\/9\/2025\/10\/logo-white-sygnet.png","contentUrl":"https:\/\/hotel-liberte-33.ms3.decms.eu\/wp-content\/uploads\/sites\/9\/2025\/10\/logo-white-sygnet.png","width":696,"height":925,"caption":"Hotel Libert\u00e9 33"},"image":{"@id":"https:\/\/liberte33hotel.pl\/de\/#\/schema\/logo\/image\/"},"sameAs":["https:\/\/www.facebook.com\/liberte33hotel","https:\/\/www.instagram.com\/liberte33hotel\/"]}]}},"acf":[],"_links":{"self":[{"href":"https:\/\/liberte33hotel.pl\/de\/wp-json\/wp\/v2\/pages\/966","targetHints":{"allow":["GET"]}}],"collection":[{"href":"https:\/\/liberte33hotel.pl\/de\/wp-json\/wp\/v2\/pages"}],"about":[{"href":"https:\/\/liberte33hotel.pl\/de\/wp-json\/wp\/v2\/types\/page"}],"author":[{"embeddable":true,"href":"https:\/\/liberte33hotel.pl\/de\/wp-json\/wp\/v2\/users\/9"}],"replies":[{"embeddable":true,"href":"https:\/\/liberte33hotel.pl\/de\/wp-json\/wp\/v2\/comments?post=966"}],"version-history":[{"count":0,"href":"https:\/\/liberte33hotel.pl\/de\/wp-json\/wp\/v2\/pages\/966\/revisions"}],"up":[{"embeddable":true,"href":"https:\/\/liberte33hotel.pl\/de\/wp-json\/wp\/v2\/pages\/981"}],"wp:featuredmedia":[{"embeddable":true,"href":"https:\/\/liberte33hotel.pl\/de\/wp-json\/wp\/v2\/media\/392"}],"wp:attachment":[{"href":"https:\/\/liberte33hotel.pl\/de\/wp-json\/wp\/v2\/media?parent=966"}],"curies":[{"name":"wp","href":"https:\/\/api.w.org\/{rel}","templated":true}]}}