{"id":972,"date":"2025-10-14T12:04:39","date_gmt":"2025-10-14T12:04:39","guid":{"rendered":"https:\/\/liberte33hotel.pl\/?page_id=972"},"modified":"2026-01-23T17:48:30","modified_gmt":"2026-01-23T17:48:30","slug":"superior-zimmer","status":"publish","type":"page","link":"https:\/\/liberte33hotel.pl\/de\/zimmer\/superior-zimmer\/","title":{"rendered":"Superior-Zimmer"},"content":{"rendered":"<p>Besondere Anl\u00e4sse verdienen einen besonderen Rahmen. Der beeindruckende Raum und die au\u00dfergew\u00f6hnliche Ausstattung der Superior Zimmer erf\u00fcllen selbst h\u00f6chste Erwartungen. Die Qualit\u00e4t jedes einzelnen Details der Einrichtung, perfekt auf das Klima und den Charakter des Ortes abgestimmt, macht diese Einzigartigkeit nicht nur sichtbar \u2013 man kann sie sp\u00fcren.\u201c<\/p>\n<p>&nbsp;<\/p>\n<table>\n<thead>\n<tr>\n<th style=\"text-align: center;\"><img loading=\"lazy\" decoding=\"async\" class=\"alignnone size-full wp-image-372 alignleft\" src=\"https:\/\/hotel-liberte-33.ms3.decms.eu\/wp-content\/uploads\/sites\/9\/2025\/10\/dimensions.svg\" alt=\"\" width=\"30\" height=\"30\" \/> Zimmergr\u00f6\u00dfe: 18-22 m<sup>2<\/sup><\/th>\n<th style=\"text-align: center;\"><img loading=\"lazy\" decoding=\"async\" class=\"alignnone size-full wp-image-376\" src=\"https:\/\/hotel-liberte-33.ms3.decms.eu\/wp-content\/uploads\/sites\/9\/2025\/10\/bed.svg\" alt=\"\" width=\"35\" height=\"35\" \/> Einzel- und Doppelzimmer<\/th>\n<\/tr>\n<\/thead>\n<\/table>\n","protected":false},"excerpt":{"rendered":"<p>Besondere Anl\u00e4sse verdienen einen besonderen Rahmen. Der beeindruckende Raum und die au\u00dfergew\u00f6hnliche Ausstattung der Superior Zimmer erf\u00fcllen selbst h\u00f6chste Erwartungen. Die Qualit\u00e4t jedes einzelnen Details der Einrichtung, perfekt auf das Klima und den Charakter des Ortes abgestimmt, macht diese Einzigartigkeit nicht nur sichtbar \u2013 man kann sie sp\u00fcren.\u201c &nbsp; Zimmergr\u00f6\u00dfe: 18-22 m2 Einzel- und Doppelzimmer<\/p>\n","protected":false},"author":9,"featured_media":353,"parent":981,"menu_order":14,"comment_status":"closed","ping_status":"closed","template":"template-single-room.php","meta":{"footnotes":""},"class_list":["post-972","page","type-page","status-publish","has-post-thumbnail","hentry"],"yoast_head":"<!-- This site is optimized with the Yoast SEO plugin v26.9 - https:\/\/yoast.com\/product\/yoast-seo-wordpress\/ -->\n<title>Superior-Zimmer - Hotel Libert\u00e9 33<\/title>\n<meta name=\"description\" content=\"Besondere Anl\u00e4sse verdienen einen besonderen Rahmen. Der beeindruckende Raum und die au\u00dfergew\u00f6hnliche Ausstattung der Superior Zimmer erf\u00fcllen selbst h\u00f6chste Erwartungen\" \/>\n<meta name=\"robots\" content=\"index, follow, max-snippet:-1, max-image-preview:large, max-video-preview:-1\" \/>\n<link rel=\"canonical\" href=\"https:\/\/liberte33hotel.pl\/de\/zimmer\/superior-zimmer\/\" \/>\n<meta property=\"og:locale\" content=\"de_DE\" \/>\n<meta property=\"og:type\" content=\"article\" \/>\n<meta property=\"og:title\" content=\"Superior-Zimmer - Hotel Libert\u00e9 33\" \/>\n<meta property=\"og:description\" content=\"Besondere Anl\u00e4sse verdienen einen besonderen Rahmen. Der beeindruckende Raum und die au\u00dfergew\u00f6hnliche Ausstattung der Superior Zimmer erf\u00fcllen selbst h\u00f6chste Erwartungen\" \/>\n<meta property=\"og:url\" content=\"https:\/\/liberte33hotel.pl\/de\/zimmer\/superior-zimmer\/\" \/>\n<meta property=\"og:site_name\" content=\"Hotel Libert\u00e9 33\" \/>\n<meta property=\"article:publisher\" content=\"https:\/\/www.facebook.com\/liberte33hotel\" \/>\n<meta property=\"article:modified_time\" content=\"2026-01-23T17:48:30+00:00\" \/>\n<meta property=\"og:image\" content=\"https:\/\/liberte33hotel.pl\/wp-content\/uploads\/sites\/9\/2025\/10\/PG_\ufffc210511_263-1.jpg\" \/>\n\t<meta property=\"og:image:width\" content=\"1800\" \/>\n\t<meta property=\"og:image:height\" content=\"1200\" \/>\n\t<meta property=\"og:image:type\" content=\"image\/jpeg\" \/>\n<meta name=\"twitter:card\" content=\"summary_large_image\" \/>\n<meta name=\"twitter:label1\" content=\"Est. reading time\" \/>\n\t<meta name=\"twitter:data1\" content=\"1\u00a0Minute\" \/>\n<script type=\"application\/ld+json\" class=\"yoast-schema-graph\">{\"@context\":\"https:\/\/schema.org\",\"@graph\":[{\"@type\":\"WebPage\",\"@id\":\"https:\/\/liberte33hotel.pl\/de\/zimmer\/superior-zimmer\/\",\"url\":\"https:\/\/liberte33hotel.pl\/de\/zimmer\/superior-zimmer\/\",\"name\":\"Superior-Zimmer - Hotel Libert\u00e9 33\",\"isPartOf\":{\"@id\":\"https:\/\/liberte33hotel.pl\/de\/#website\"},\"primaryImageOfPage\":{\"@id\":\"https:\/\/liberte33hotel.pl\/de\/zimmer\/superior-zimmer\/#primaryimage\"},\"image\":{\"@id\":\"https:\/\/liberte33hotel.pl\/de\/zimmer\/superior-zimmer\/#primaryimage\"},\"thumbnailUrl\":\"https:\/\/liberte33hotel.pl\/wp-content\/uploads\/sites\/9\/2025\/10\/PG_\ufffc210511_263-1.jpg\",\"datePublished\":\"2025-10-14T12:04:39+00:00\",\"dateModified\":\"2026-01-23T17:48:30+00:00\",\"description\":\"Besondere Anl\u00e4sse verdienen einen besonderen Rahmen. Der beeindruckende Raum und die au\u00dfergew\u00f6hnliche Ausstattung der Superior Zimmer erf\u00fcllen selbst h\u00f6chste Erwartungen\",\"breadcrumb\":{\"@id\":\"https:\/\/liberte33hotel.pl\/de\/zimmer\/superior-zimmer\/#breadcrumb\"},\"inLanguage\":\"de\",\"potentialAction\":[{\"@type\":\"ReadAction\",\"target\":[\"https:\/\/liberte33hotel.pl\/de\/zimmer\/superior-zimmer\/\"]}]},{\"@type\":\"ImageObject\",\"inLanguage\":\"de\",\"@id\":\"https:\/\/liberte33hotel.pl\/de\/zimmer\/superior-zimmer\/#primaryimage\",\"url\":\"https:\/\/liberte33hotel.pl\/wp-content\/uploads\/sites\/9\/2025\/10\/PG_\ufffc210511_263-1.jpg\",\"contentUrl\":\"https:\/\/liberte33hotel.pl\/wp-content\/uploads\/sites\/9\/2025\/10\/PG_\ufffc210511_263-1.jpg\",\"width\":1800,\"height\":1200},{\"@type\":\"BreadcrumbList\",\"@id\":\"https:\/\/liberte33hotel.pl\/de\/zimmer\/superior-zimmer\/#breadcrumb\",\"itemListElement\":[{\"@type\":\"ListItem\",\"position\":1,\"name\":\"Home\",\"item\":\"https:\/\/liberte33hotel.pl\/de\/\"},{\"@type\":\"ListItem\",\"position\":2,\"name\":\"Superior-Zimmer\"}]},{\"@type\":\"WebSite\",\"@id\":\"https:\/\/liberte33hotel.pl\/de\/#website\",\"url\":\"https:\/\/liberte33hotel.pl\/de\/\",\"name\":\"Hotel Libert\u00e9 33\",\"description\":\"\",\"publisher\":{\"@id\":\"https:\/\/liberte33hotel.pl\/de\/#organization\"},\"alternateName\":\"Hotel Libert\u00e9 33\",\"potentialAction\":[{\"@type\":\"SearchAction\",\"target\":{\"@type\":\"EntryPoint\",\"urlTemplate\":\"https:\/\/liberte33hotel.pl\/de\/?s={search_term_string}\"},\"query-input\":{\"@type\":\"PropertyValueSpecification\",\"valueRequired\":true,\"valueName\":\"search_term_string\"}}],\"inLanguage\":\"de\"},{\"@type\":\"Organization\",\"@id\":\"https:\/\/liberte33hotel.pl\/de\/#organization\",\"name\":\"Hotel Libert\u00e9 33\",\"alternateName\":\"Hotel Libert\u00e9 33\",\"url\":\"https:\/\/liberte33hotel.pl\/de\/\",\"logo\":{\"@type\":\"ImageObject\",\"inLanguage\":\"de\",\"@id\":\"https:\/\/liberte33hotel.pl\/de\/#\/schema\/logo\/image\/\",\"url\":\"https:\/\/hotel-liberte-33.ms3.decms.eu\/wp-content\/uploads\/sites\/9\/2025\/10\/logo-white-sygnet.png\",\"contentUrl\":\"https:\/\/hotel-liberte-33.ms3.decms.eu\/wp-content\/uploads\/sites\/9\/2025\/10\/logo-white-sygnet.png\",\"width\":696,\"height\":925,\"caption\":\"Hotel Libert\u00e9 33\"},\"image\":{\"@id\":\"https:\/\/liberte33hotel.pl\/de\/#\/schema\/logo\/image\/\"},\"sameAs\":[\"https:\/\/www.facebook.com\/liberte33hotel\",\"https:\/\/www.instagram.com\/liberte33hotel\/\"]}]}<\/script>\n<!-- \/ Yoast SEO plugin. -->","yoast_head_json":{"title":"Superior-Zimmer - Hotel Libert\u00e9 33","description":"Besondere Anl\u00e4sse verdienen einen besonderen Rahmen. Der beeindruckende Raum und die au\u00dfergew\u00f6hnliche Ausstattung der Superior Zimmer erf\u00fcllen selbst h\u00f6chste Erwartungen","robots":{"index":"index","follow":"follow","max-snippet":"max-snippet:-1","max-image-preview":"max-image-preview:large","max-video-preview":"max-video-preview:-1"},"canonical":"https:\/\/liberte33hotel.pl\/de\/zimmer\/superior-zimmer\/","og_locale":"de_DE","og_type":"article","og_title":"Superior-Zimmer - Hotel Libert\u00e9 33","og_description":"Besondere Anl\u00e4sse verdienen einen besonderen Rahmen. Der beeindruckende Raum und die au\u00dfergew\u00f6hnliche Ausstattung der Superior Zimmer erf\u00fcllen selbst h\u00f6chste Erwartungen","og_url":"https:\/\/liberte33hotel.pl\/de\/zimmer\/superior-zimmer\/","og_site_name":"Hotel Libert\u00e9 33","article_publisher":"https:\/\/www.facebook.com\/liberte33hotel","article_modified_time":"2026-01-23T17:48:30+00:00","og_image":[{"width":1800,"height":1200,"url":"https:\/\/liberte33hotel.pl\/wp-content\/uploads\/sites\/9\/2025\/10\/PG_\ufffc210511_263-1.jpg","type":"image\/jpeg"}],"twitter_card":"summary_large_image","twitter_misc":{"Est. reading time":"1\u00a0Minute"},"schema":{"@context":"https:\/\/schema.org","@graph":[{"@type":"WebPage","@id":"https:\/\/liberte33hotel.pl\/de\/zimmer\/superior-zimmer\/","url":"https:\/\/liberte33hotel.pl\/de\/zimmer\/superior-zimmer\/","name":"Superior-Zimmer - Hotel Libert\u00e9 33","isPartOf":{"@id":"https:\/\/liberte33hotel.pl\/de\/#website"},"primaryImageOfPage":{"@id":"https:\/\/liberte33hotel.pl\/de\/zimmer\/superior-zimmer\/#primaryimage"},"image":{"@id":"https:\/\/liberte33hotel.pl\/de\/zimmer\/superior-zimmer\/#primaryimage"},"thumbnailUrl":"https:\/\/liberte33hotel.pl\/wp-content\/uploads\/sites\/9\/2025\/10\/PG_\ufffc210511_263-1.jpg","datePublished":"2025-10-14T12:04:39+00:00","dateModified":"2026-01-23T17:48:30+00:00","description":"Besondere Anl\u00e4sse verdienen einen besonderen Rahmen. Der beeindruckende Raum und die au\u00dfergew\u00f6hnliche Ausstattung der Superior Zimmer erf\u00fcllen selbst h\u00f6chste Erwartungen","breadcrumb":{"@id":"https:\/\/liberte33hotel.pl\/de\/zimmer\/superior-zimmer\/#breadcrumb"},"inLanguage":"de","potentialAction":[{"@type":"ReadAction","target":["https:\/\/liberte33hotel.pl\/de\/zimmer\/superior-zimmer\/"]}]},{"@type":"ImageObject","inLanguage":"de","@id":"https:\/\/liberte33hotel.pl\/de\/zimmer\/superior-zimmer\/#primaryimage","url":"https:\/\/liberte33hotel.pl\/wp-content\/uploads\/sites\/9\/2025\/10\/PG_\ufffc210511_263-1.jpg","contentUrl":"https:\/\/liberte33hotel.pl\/wp-content\/uploads\/sites\/9\/2025\/10\/PG_\ufffc210511_263-1.jpg","width":1800,"height":1200},{"@type":"BreadcrumbList","@id":"https:\/\/liberte33hotel.pl\/de\/zimmer\/superior-zimmer\/#breadcrumb","itemListElement":[{"@type":"ListItem","position":1,"name":"Home","item":"https:\/\/liberte33hotel.pl\/de\/"},{"@type":"ListItem","position":2,"name":"Superior-Zimmer"}]},{"@type":"WebSite","@id":"https:\/\/liberte33hotel.pl\/de\/#website","url":"https:\/\/liberte33hotel.pl\/de\/","name":"Hotel Libert\u00e9 33","description":"","publisher":{"@id":"https:\/\/liberte33hotel.pl\/de\/#organization"},"alternateName":"Hotel Libert\u00e9 33","potentialAction":[{"@type":"SearchAction","target":{"@type":"EntryPoint","urlTemplate":"https:\/\/liberte33hotel.pl\/de\/?s={search_term_string}"},"query-input":{"@type":"PropertyValueSpecification","valueRequired":true,"valueName":"search_term_string"}}],"inLanguage":"de"},{"@type":"Organization","@id":"https:\/\/liberte33hotel.pl\/de\/#organization","name":"Hotel Libert\u00e9 33","alternateName":"Hotel Libert\u00e9 33","url":"https:\/\/liberte33hotel.pl\/de\/","logo":{"@type":"ImageObject","inLanguage":"de","@id":"https:\/\/liberte33hotel.pl\/de\/#\/schema\/logo\/image\/","url":"https:\/\/hotel-liberte-33.ms3.decms.eu\/wp-content\/uploads\/sites\/9\/2025\/10\/logo-white-sygnet.png","contentUrl":"https:\/\/hotel-liberte-33.ms3.decms.eu\/wp-content\/uploads\/sites\/9\/2025\/10\/logo-white-sygnet.png","width":696,"height":925,"caption":"Hotel Libert\u00e9 33"},"image":{"@id":"https:\/\/liberte33hotel.pl\/de\/#\/schema\/logo\/image\/"},"sameAs":["https:\/\/www.facebook.com\/liberte33hotel","https:\/\/www.instagram.com\/liberte33hotel\/"]}]}},"acf":[],"_links":{"self":[{"href":"https:\/\/liberte33hotel.pl\/de\/wp-json\/wp\/v2\/pages\/972","targetHints":{"allow":["GET"]}}],"collection":[{"href":"https:\/\/liberte33hotel.pl\/de\/wp-json\/wp\/v2\/pages"}],"about":[{"href":"https:\/\/liberte33hotel.pl\/de\/wp-json\/wp\/v2\/types\/page"}],"author":[{"embeddable":true,"href":"https:\/\/liberte33hotel.pl\/de\/wp-json\/wp\/v2\/users\/9"}],"replies":[{"embeddable":true,"href":"https:\/\/liberte33hotel.pl\/de\/wp-json\/wp\/v2\/comments?post=972"}],"version-history":[{"count":0,"href":"https:\/\/liberte33hotel.pl\/de\/wp-json\/wp\/v2\/pages\/972\/revisions"}],"up":[{"embeddable":true,"href":"https:\/\/liberte33hotel.pl\/de\/wp-json\/wp\/v2\/pages\/981"}],"wp:featuredmedia":[{"embeddable":true,"href":"https:\/\/liberte33hotel.pl\/de\/wp-json\/wp\/v2\/media\/353"}],"wp:attachment":[{"href":"https:\/\/liberte33hotel.pl\/de\/wp-json\/wp\/v2\/media?parent=972"}],"curies":[{"name":"wp","href":"https:\/\/api.w.org\/{rel}","templated":true}]}}