{"id":975,"date":"2025-10-30T15:58:52","date_gmt":"2025-10-30T15:58:52","guid":{"rendered":"https:\/\/liberte33hotel.pl\/?page_id=975"},"modified":"2026-01-23T18:00:41","modified_gmt":"2026-01-23T18:00:41","slug":"king-zimmer","status":"publish","type":"page","link":"https:\/\/liberte33hotel.pl\/de\/zimmer\/king-zimmer\/","title":{"rendered":"King-Zimmer"},"content":{"rendered":"<p>Das klimatisierte Doppelzimmer verf\u00fcgt \u00fcber ein Badezimmer mit Dusche und Haartrockner. Den G\u00e4sten stehen ein Kaffee- und Teeset zur Verf\u00fcgung. Das Zimmer befindet sich im Geb\u00e4ude \u201aNov\u00e1 Oficyna\u2018 und ist mit einem Flachbild-TV, einem Kleiderschrank, einem Safe sowie Teppichboden ausgestattet.<\/p>\n<p>&nbsp;<\/p>\n<table>\n<thead>\n<tr>\n<th style=\"text-align: center;\"><img loading=\"lazy\" decoding=\"async\" class=\"alignnone size-full wp-image-372 alignleft\" src=\"https:\/\/hotel-liberte-33.ms3.decms.eu\/wp-content\/uploads\/sites\/9\/2025\/10\/dimensions.svg\" alt=\"\" width=\"30\" height=\"30\" \/> Zimmergr\u00f6\u00dfe: 14-18 m<sup>2<\/sup><\/th>\n<th style=\"text-align: center;\"><img loading=\"lazy\" decoding=\"async\" class=\"alignnone size-full wp-image-376\" src=\"https:\/\/hotel-liberte-33.ms3.decms.eu\/wp-content\/uploads\/sites\/9\/2025\/10\/bed.svg\" alt=\"\" width=\"35\" height=\"35\" \/> Doppelzimmer<\/th>\n<\/tr>\n<\/thead>\n<\/table>\n","protected":false},"excerpt":{"rendered":"<p>Das klimatisierte Doppelzimmer verf\u00fcgt \u00fcber ein Badezimmer mit Dusche und Haartrockner. Den G\u00e4sten stehen ein Kaffee- und Teeset zur Verf\u00fcgung. Das Zimmer befindet sich im Geb\u00e4ude \u201aNov\u00e1 Oficyna\u2018 und ist mit einem Flachbild-TV, einem Kleiderschrank, einem Safe sowie Teppichboden ausgestattet. &nbsp; Zimmergr\u00f6\u00dfe: 14-18 m2 Doppelzimmer<\/p>\n","protected":false},"author":9,"featured_media":894,"parent":981,"menu_order":13,"comment_status":"closed","ping_status":"closed","template":"template-single-room.php","meta":{"footnotes":""},"class_list":["post-975","page","type-page","status-publish","has-post-thumbnail","hentry"],"yoast_head":"<!-- This site is optimized with the Yoast SEO plugin v26.9 - https:\/\/yoast.com\/product\/yoast-seo-wordpress\/ -->\n<title>King-Zimmer - Hotel Libert\u00e9 33<\/title>\n<meta name=\"description\" content=\"Das klimatisierte Doppelzimmer verf\u00fcgt \u00fcber ein Badezimmer mit Dusche und Haartrockner. Den G\u00e4sten stehen ein Kaffee- und Teeset zur Verf\u00fcgung\" \/>\n<meta name=\"robots\" content=\"index, follow, max-snippet:-1, max-image-preview:large, max-video-preview:-1\" \/>\n<link rel=\"canonical\" href=\"https:\/\/liberte33hotel.pl\/de\/zimmer\/king-zimmer\/\" \/>\n<meta property=\"og:locale\" content=\"de_DE\" \/>\n<meta property=\"og:type\" content=\"article\" \/>\n<meta property=\"og:title\" content=\"King-Zimmer - Hotel Libert\u00e9 33\" \/>\n<meta property=\"og:description\" content=\"Das klimatisierte Doppelzimmer verf\u00fcgt \u00fcber ein Badezimmer mit Dusche und Haartrockner. Den G\u00e4sten stehen ein Kaffee- und Teeset zur Verf\u00fcgung\" \/>\n<meta property=\"og:url\" content=\"https:\/\/liberte33hotel.pl\/de\/zimmer\/king-zimmer\/\" \/>\n<meta property=\"og:site_name\" content=\"Hotel Libert\u00e9 33\" \/>\n<meta property=\"article:publisher\" content=\"https:\/\/www.facebook.com\/liberte33hotel\" \/>\n<meta property=\"article:modified_time\" content=\"2026-01-23T18:00:41+00:00\" \/>\n<meta property=\"og:image\" content=\"https:\/\/liberte33hotel.pl\/wp-content\/uploads\/sites\/9\/2025\/10\/DSC_8560-35.jpg\" \/>\n\t<meta property=\"og:image:width\" content=\"1800\" \/>\n\t<meta property=\"og:image:height\" content=\"1200\" \/>\n\t<meta property=\"og:image:type\" content=\"image\/jpeg\" \/>\n<meta name=\"twitter:card\" content=\"summary_large_image\" \/>\n<meta name=\"twitter:label1\" content=\"Est. reading time\" \/>\n\t<meta name=\"twitter:data1\" content=\"1\u00a0Minute\" \/>\n<script type=\"application\/ld+json\" class=\"yoast-schema-graph\">{\"@context\":\"https:\/\/schema.org\",\"@graph\":[{\"@type\":\"WebPage\",\"@id\":\"https:\/\/liberte33hotel.pl\/de\/zimmer\/king-zimmer\/\",\"url\":\"https:\/\/liberte33hotel.pl\/de\/zimmer\/king-zimmer\/\",\"name\":\"King-Zimmer - Hotel Libert\u00e9 33\",\"isPartOf\":{\"@id\":\"https:\/\/liberte33hotel.pl\/de\/#website\"},\"primaryImageOfPage\":{\"@id\":\"https:\/\/liberte33hotel.pl\/de\/zimmer\/king-zimmer\/#primaryimage\"},\"image\":{\"@id\":\"https:\/\/liberte33hotel.pl\/de\/zimmer\/king-zimmer\/#primaryimage\"},\"thumbnailUrl\":\"https:\/\/liberte33hotel.pl\/wp-content\/uploads\/sites\/9\/2025\/10\/DSC_8560-35.jpg\",\"datePublished\":\"2025-10-30T15:58:52+00:00\",\"dateModified\":\"2026-01-23T18:00:41+00:00\",\"description\":\"Das klimatisierte Doppelzimmer verf\u00fcgt \u00fcber ein Badezimmer mit Dusche und Haartrockner. Den G\u00e4sten stehen ein Kaffee- und Teeset zur Verf\u00fcgung\",\"breadcrumb\":{\"@id\":\"https:\/\/liberte33hotel.pl\/de\/zimmer\/king-zimmer\/#breadcrumb\"},\"inLanguage\":\"de\",\"potentialAction\":[{\"@type\":\"ReadAction\",\"target\":[\"https:\/\/liberte33hotel.pl\/de\/zimmer\/king-zimmer\/\"]}]},{\"@type\":\"ImageObject\",\"inLanguage\":\"de\",\"@id\":\"https:\/\/liberte33hotel.pl\/de\/zimmer\/king-zimmer\/#primaryimage\",\"url\":\"https:\/\/liberte33hotel.pl\/wp-content\/uploads\/sites\/9\/2025\/10\/DSC_8560-35.jpg\",\"contentUrl\":\"https:\/\/liberte33hotel.pl\/wp-content\/uploads\/sites\/9\/2025\/10\/DSC_8560-35.jpg\",\"width\":1800,\"height\":1200},{\"@type\":\"BreadcrumbList\",\"@id\":\"https:\/\/liberte33hotel.pl\/de\/zimmer\/king-zimmer\/#breadcrumb\",\"itemListElement\":[{\"@type\":\"ListItem\",\"position\":1,\"name\":\"Home\",\"item\":\"https:\/\/liberte33hotel.pl\/de\/\"},{\"@type\":\"ListItem\",\"position\":2,\"name\":\"King-Zimmer\"}]},{\"@type\":\"WebSite\",\"@id\":\"https:\/\/liberte33hotel.pl\/de\/#website\",\"url\":\"https:\/\/liberte33hotel.pl\/de\/\",\"name\":\"Hotel Libert\u00e9 33\",\"description\":\"\",\"publisher\":{\"@id\":\"https:\/\/liberte33hotel.pl\/de\/#organization\"},\"alternateName\":\"Hotel Libert\u00e9 33\",\"potentialAction\":[{\"@type\":\"SearchAction\",\"target\":{\"@type\":\"EntryPoint\",\"urlTemplate\":\"https:\/\/liberte33hotel.pl\/de\/?s={search_term_string}\"},\"query-input\":{\"@type\":\"PropertyValueSpecification\",\"valueRequired\":true,\"valueName\":\"search_term_string\"}}],\"inLanguage\":\"de\"},{\"@type\":\"Organization\",\"@id\":\"https:\/\/liberte33hotel.pl\/de\/#organization\",\"name\":\"Hotel Libert\u00e9 33\",\"alternateName\":\"Hotel Libert\u00e9 33\",\"url\":\"https:\/\/liberte33hotel.pl\/de\/\",\"logo\":{\"@type\":\"ImageObject\",\"inLanguage\":\"de\",\"@id\":\"https:\/\/liberte33hotel.pl\/de\/#\/schema\/logo\/image\/\",\"url\":\"https:\/\/hotel-liberte-33.ms3.decms.eu\/wp-content\/uploads\/sites\/9\/2025\/10\/logo-white-sygnet.png\",\"contentUrl\":\"https:\/\/hotel-liberte-33.ms3.decms.eu\/wp-content\/uploads\/sites\/9\/2025\/10\/logo-white-sygnet.png\",\"width\":696,\"height\":925,\"caption\":\"Hotel Libert\u00e9 33\"},\"image\":{\"@id\":\"https:\/\/liberte33hotel.pl\/de\/#\/schema\/logo\/image\/\"},\"sameAs\":[\"https:\/\/www.facebook.com\/liberte33hotel\",\"https:\/\/www.instagram.com\/liberte33hotel\/\"]}]}<\/script>\n<!-- \/ Yoast SEO plugin. -->","yoast_head_json":{"title":"King-Zimmer - Hotel Libert\u00e9 33","description":"Das klimatisierte Doppelzimmer verf\u00fcgt \u00fcber ein Badezimmer mit Dusche und Haartrockner. Den G\u00e4sten stehen ein Kaffee- und Teeset zur Verf\u00fcgung","robots":{"index":"index","follow":"follow","max-snippet":"max-snippet:-1","max-image-preview":"max-image-preview:large","max-video-preview":"max-video-preview:-1"},"canonical":"https:\/\/liberte33hotel.pl\/de\/zimmer\/king-zimmer\/","og_locale":"de_DE","og_type":"article","og_title":"King-Zimmer - Hotel Libert\u00e9 33","og_description":"Das klimatisierte Doppelzimmer verf\u00fcgt \u00fcber ein Badezimmer mit Dusche und Haartrockner. Den G\u00e4sten stehen ein Kaffee- und Teeset zur Verf\u00fcgung","og_url":"https:\/\/liberte33hotel.pl\/de\/zimmer\/king-zimmer\/","og_site_name":"Hotel Libert\u00e9 33","article_publisher":"https:\/\/www.facebook.com\/liberte33hotel","article_modified_time":"2026-01-23T18:00:41+00:00","og_image":[{"width":1800,"height":1200,"url":"https:\/\/liberte33hotel.pl\/wp-content\/uploads\/sites\/9\/2025\/10\/DSC_8560-35.jpg","type":"image\/jpeg"}],"twitter_card":"summary_large_image","twitter_misc":{"Est. reading time":"1\u00a0Minute"},"schema":{"@context":"https:\/\/schema.org","@graph":[{"@type":"WebPage","@id":"https:\/\/liberte33hotel.pl\/de\/zimmer\/king-zimmer\/","url":"https:\/\/liberte33hotel.pl\/de\/zimmer\/king-zimmer\/","name":"King-Zimmer - Hotel Libert\u00e9 33","isPartOf":{"@id":"https:\/\/liberte33hotel.pl\/de\/#website"},"primaryImageOfPage":{"@id":"https:\/\/liberte33hotel.pl\/de\/zimmer\/king-zimmer\/#primaryimage"},"image":{"@id":"https:\/\/liberte33hotel.pl\/de\/zimmer\/king-zimmer\/#primaryimage"},"thumbnailUrl":"https:\/\/liberte33hotel.pl\/wp-content\/uploads\/sites\/9\/2025\/10\/DSC_8560-35.jpg","datePublished":"2025-10-30T15:58:52+00:00","dateModified":"2026-01-23T18:00:41+00:00","description":"Das klimatisierte Doppelzimmer verf\u00fcgt \u00fcber ein Badezimmer mit Dusche und Haartrockner. Den G\u00e4sten stehen ein Kaffee- und Teeset zur Verf\u00fcgung","breadcrumb":{"@id":"https:\/\/liberte33hotel.pl\/de\/zimmer\/king-zimmer\/#breadcrumb"},"inLanguage":"de","potentialAction":[{"@type":"ReadAction","target":["https:\/\/liberte33hotel.pl\/de\/zimmer\/king-zimmer\/"]}]},{"@type":"ImageObject","inLanguage":"de","@id":"https:\/\/liberte33hotel.pl\/de\/zimmer\/king-zimmer\/#primaryimage","url":"https:\/\/liberte33hotel.pl\/wp-content\/uploads\/sites\/9\/2025\/10\/DSC_8560-35.jpg","contentUrl":"https:\/\/liberte33hotel.pl\/wp-content\/uploads\/sites\/9\/2025\/10\/DSC_8560-35.jpg","width":1800,"height":1200},{"@type":"BreadcrumbList","@id":"https:\/\/liberte33hotel.pl\/de\/zimmer\/king-zimmer\/#breadcrumb","itemListElement":[{"@type":"ListItem","position":1,"name":"Home","item":"https:\/\/liberte33hotel.pl\/de\/"},{"@type":"ListItem","position":2,"name":"King-Zimmer"}]},{"@type":"WebSite","@id":"https:\/\/liberte33hotel.pl\/de\/#website","url":"https:\/\/liberte33hotel.pl\/de\/","name":"Hotel Libert\u00e9 33","description":"","publisher":{"@id":"https:\/\/liberte33hotel.pl\/de\/#organization"},"alternateName":"Hotel Libert\u00e9 33","potentialAction":[{"@type":"SearchAction","target":{"@type":"EntryPoint","urlTemplate":"https:\/\/liberte33hotel.pl\/de\/?s={search_term_string}"},"query-input":{"@type":"PropertyValueSpecification","valueRequired":true,"valueName":"search_term_string"}}],"inLanguage":"de"},{"@type":"Organization","@id":"https:\/\/liberte33hotel.pl\/de\/#organization","name":"Hotel Libert\u00e9 33","alternateName":"Hotel Libert\u00e9 33","url":"https:\/\/liberte33hotel.pl\/de\/","logo":{"@type":"ImageObject","inLanguage":"de","@id":"https:\/\/liberte33hotel.pl\/de\/#\/schema\/logo\/image\/","url":"https:\/\/hotel-liberte-33.ms3.decms.eu\/wp-content\/uploads\/sites\/9\/2025\/10\/logo-white-sygnet.png","contentUrl":"https:\/\/hotel-liberte-33.ms3.decms.eu\/wp-content\/uploads\/sites\/9\/2025\/10\/logo-white-sygnet.png","width":696,"height":925,"caption":"Hotel Libert\u00e9 33"},"image":{"@id":"https:\/\/liberte33hotel.pl\/de\/#\/schema\/logo\/image\/"},"sameAs":["https:\/\/www.facebook.com\/liberte33hotel","https:\/\/www.instagram.com\/liberte33hotel\/"]}]}},"acf":[],"_links":{"self":[{"href":"https:\/\/liberte33hotel.pl\/de\/wp-json\/wp\/v2\/pages\/975","targetHints":{"allow":["GET"]}}],"collection":[{"href":"https:\/\/liberte33hotel.pl\/de\/wp-json\/wp\/v2\/pages"}],"about":[{"href":"https:\/\/liberte33hotel.pl\/de\/wp-json\/wp\/v2\/types\/page"}],"author":[{"embeddable":true,"href":"https:\/\/liberte33hotel.pl\/de\/wp-json\/wp\/v2\/users\/9"}],"replies":[{"embeddable":true,"href":"https:\/\/liberte33hotel.pl\/de\/wp-json\/wp\/v2\/comments?post=975"}],"version-history":[{"count":0,"href":"https:\/\/liberte33hotel.pl\/de\/wp-json\/wp\/v2\/pages\/975\/revisions"}],"up":[{"embeddable":true,"href":"https:\/\/liberte33hotel.pl\/de\/wp-json\/wp\/v2\/pages\/981"}],"wp:featuredmedia":[{"embeddable":true,"href":"https:\/\/liberte33hotel.pl\/de\/wp-json\/wp\/v2\/media\/894"}],"wp:attachment":[{"href":"https:\/\/liberte33hotel.pl\/de\/wp-json\/wp\/v2\/media?parent=975"}],"curies":[{"name":"wp","href":"https:\/\/api.w.org\/{rel}","templated":true}]}}