{"id":978,"date":"2025-10-13T09:30:13","date_gmt":"2025-10-13T09:30:13","guid":{"rendered":"https:\/\/liberte33hotel.pl\/?page_id=978"},"modified":"2026-01-23T18:10:14","modified_gmt":"2026-01-23T18:10:14","slug":"standard-zimmer","status":"publish","type":"page","link":"https:\/\/liberte33hotel.pl\/de\/zimmer\/standard-zimmer\/","title":{"rendered":"Standard-Zimmer"},"content":{"rendered":"<p>Jedes der Standard-Zimmer im Hotel Libert\u00e9 33 ist klimatisiert und mit einem Safe, TV, K\u00fchlschrank sowie einem Wasserkocher ausgestattet. Gro\u00dfz\u00fcgige Raumfl\u00e4chen, komfortable Betten und funktionale Schreibtische schaffen perfekte Bedingungen sowohl f\u00fcr Erholung als auch f\u00fcr die Arbeit.<\/p>\n<p>&nbsp;<\/p>\n<table>\n<thead>\n<tr>\n<th style=\"text-align: center;\"><img loading=\"lazy\" decoding=\"async\" class=\"alignnone size-full wp-image-372 alignleft\" src=\"https:\/\/hotel-liberte-33.ms3.decms.eu\/wp-content\/uploads\/sites\/9\/2025\/10\/dimensions.svg\" alt=\"\" width=\"30\" height=\"30\" \/> Zimmergr\u00f6\u00dfe: 14-18 m<sup>2\u00a0 \u00a0 \u00a0<\/sup><\/th>\n<th style=\"text-align: center;\"><img loading=\"lazy\" decoding=\"async\" class=\"alignnone size-full wp-image-368\" src=\"https:\/\/hotel-liberte-33.ms3.decms.eu\/wp-content\/uploads\/sites\/9\/2025\/10\/double_or_single_bed.svg\" alt=\"\" width=\"35\" height=\"35\" \/> Einzel- und Doppelzimmer<\/th>\n<\/tr>\n<\/thead>\n<\/table>\n","protected":false},"excerpt":{"rendered":"<p>Jedes der Standard-Zimmer im Hotel Libert\u00e9 33 ist klimatisiert und mit einem Safe, TV, K\u00fchlschrank sowie einem Wasserkocher ausgestattet. Gro\u00dfz\u00fcgige Raumfl\u00e4chen, komfortable Betten und funktionale Schreibtische schaffen perfekte Bedingungen sowohl f\u00fcr Erholung als auch f\u00fcr die Arbeit. &nbsp; Zimmergr\u00f6\u00dfe: 14-18 m2\u00a0 \u00a0 \u00a0 Einzel- und Doppelzimmer<\/p>\n","protected":false},"author":9,"featured_media":319,"parent":981,"menu_order":12,"comment_status":"closed","ping_status":"closed","template":"template-single-room.php","meta":{"footnotes":""},"class_list":["post-978","page","type-page","status-publish","has-post-thumbnail","hentry"],"yoast_head":"<!-- This site is optimized with the Yoast SEO plugin v26.9 - https:\/\/yoast.com\/product\/yoast-seo-wordpress\/ -->\n<title>Standard-Zimmer - Hotel Libert\u00e9 33<\/title>\n<meta name=\"description\" content=\"Jedes der Standard-Zimmer im Hotel Libert\u00e9 33 ist klimatisiert und mit einem Safe, TV, K\u00fchlschrank sowie einem Wasserkocher ausgestattet. Gro\u00dfz\u00fcgige Raumfl\u00e4chen, komfortable Betten und funktionale Schreibtische schaffen perfekte Bedingungen sowohl f\u00fcr Erholung als auch f\u00fcr die Arbeit.  &nbsp;     Zimmergr\u00f6\u00dfe: 14-18 m2\u00a0 \u00a0 \u00a0  Einzel- und Doppelzimmer\" \/>\n<meta name=\"robots\" content=\"index, follow, max-snippet:-1, max-image-preview:large, max-video-preview:-1\" \/>\n<link rel=\"canonical\" href=\"https:\/\/liberte33hotel.pl\/de\/zimmer\/standard-zimmer\/\" \/>\n<meta property=\"og:locale\" content=\"de_DE\" \/>\n<meta property=\"og:type\" content=\"article\" \/>\n<meta property=\"og:title\" content=\"Standard-Zimmer - Hotel Libert\u00e9 33\" \/>\n<meta property=\"og:description\" content=\"Jedes der Standard-Zimmer im Hotel Libert\u00e9 33 ist klimatisiert und mit einem Safe, TV, K\u00fchlschrank sowie einem Wasserkocher ausgestattet. Gro\u00dfz\u00fcgige Raumfl\u00e4chen, komfortable Betten und funktionale Schreibtische schaffen perfekte Bedingungen sowohl f\u00fcr Erholung als auch f\u00fcr die Arbeit.  &nbsp;     Zimmergr\u00f6\u00dfe: 14-18 m2\u00a0 \u00a0 \u00a0  Einzel- und Doppelzimmer\" \/>\n<meta property=\"og:url\" content=\"https:\/\/liberte33hotel.pl\/de\/zimmer\/standard-zimmer\/\" \/>\n<meta property=\"og:site_name\" content=\"Hotel Libert\u00e9 33\" \/>\n<meta property=\"article:publisher\" content=\"https:\/\/www.facebook.com\/liberte33hotel\" \/>\n<meta property=\"article:modified_time\" content=\"2026-01-23T18:10:14+00:00\" \/>\n<meta property=\"og:image\" content=\"https:\/\/liberte33hotel.pl\/wp-content\/uploads\/sites\/9\/2025\/10\/PG_\ufffc210511_335.jpg\" \/>\n\t<meta property=\"og:image:width\" content=\"1800\" \/>\n\t<meta property=\"og:image:height\" content=\"1200\" \/>\n\t<meta property=\"og:image:type\" content=\"image\/jpeg\" \/>\n<meta name=\"twitter:card\" content=\"summary_large_image\" \/>\n<meta name=\"twitter:label1\" content=\"Est. reading time\" \/>\n\t<meta name=\"twitter:data1\" content=\"1\u00a0Minute\" \/>\n<script type=\"application\/ld+json\" class=\"yoast-schema-graph\">{\"@context\":\"https:\/\/schema.org\",\"@graph\":[{\"@type\":\"WebPage\",\"@id\":\"https:\/\/liberte33hotel.pl\/de\/zimmer\/standard-zimmer\/\",\"url\":\"https:\/\/liberte33hotel.pl\/de\/zimmer\/standard-zimmer\/\",\"name\":\"Standard-Zimmer - Hotel Libert\u00e9 33\",\"isPartOf\":{\"@id\":\"https:\/\/liberte33hotel.pl\/de\/#website\"},\"primaryImageOfPage\":{\"@id\":\"https:\/\/liberte33hotel.pl\/de\/zimmer\/standard-zimmer\/#primaryimage\"},\"image\":{\"@id\":\"https:\/\/liberte33hotel.pl\/de\/zimmer\/standard-zimmer\/#primaryimage\"},\"thumbnailUrl\":\"https:\/\/liberte33hotel.pl\/wp-content\/uploads\/sites\/9\/2025\/10\/PG_\ufffc210511_335.jpg\",\"datePublished\":\"2025-10-13T09:30:13+00:00\",\"dateModified\":\"2026-01-23T18:10:14+00:00\",\"description\":\"Jedes der Standard-Zimmer im Hotel Libert\u00e9 33 ist klimatisiert und mit einem Safe, TV, K\u00fchlschrank sowie einem Wasserkocher ausgestattet. Gro\u00dfz\u00fcgige Raumfl\u00e4chen, komfortable Betten und funktionale Schreibtische schaffen perfekte Bedingungen sowohl f\u00fcr Erholung als auch f\u00fcr die Arbeit. &nbsp; Zimmergr\u00f6\u00dfe: 14-18 m2\u00a0 \u00a0 \u00a0 Einzel- und Doppelzimmer\",\"breadcrumb\":{\"@id\":\"https:\/\/liberte33hotel.pl\/de\/zimmer\/standard-zimmer\/#breadcrumb\"},\"inLanguage\":\"de\",\"potentialAction\":[{\"@type\":\"ReadAction\",\"target\":[\"https:\/\/liberte33hotel.pl\/de\/zimmer\/standard-zimmer\/\"]}]},{\"@type\":\"ImageObject\",\"inLanguage\":\"de\",\"@id\":\"https:\/\/liberte33hotel.pl\/de\/zimmer\/standard-zimmer\/#primaryimage\",\"url\":\"https:\/\/liberte33hotel.pl\/wp-content\/uploads\/sites\/9\/2025\/10\/PG_\ufffc210511_335.jpg\",\"contentUrl\":\"https:\/\/liberte33hotel.pl\/wp-content\/uploads\/sites\/9\/2025\/10\/PG_\ufffc210511_335.jpg\",\"width\":1800,\"height\":1200},{\"@type\":\"BreadcrumbList\",\"@id\":\"https:\/\/liberte33hotel.pl\/de\/zimmer\/standard-zimmer\/#breadcrumb\",\"itemListElement\":[{\"@type\":\"ListItem\",\"position\":1,\"name\":\"Home\",\"item\":\"https:\/\/liberte33hotel.pl\/de\/\"},{\"@type\":\"ListItem\",\"position\":2,\"name\":\"Standard-Zimmer\"}]},{\"@type\":\"WebSite\",\"@id\":\"https:\/\/liberte33hotel.pl\/de\/#website\",\"url\":\"https:\/\/liberte33hotel.pl\/de\/\",\"name\":\"Hotel Libert\u00e9 33\",\"description\":\"\",\"publisher\":{\"@id\":\"https:\/\/liberte33hotel.pl\/de\/#organization\"},\"alternateName\":\"Hotel Libert\u00e9 33\",\"potentialAction\":[{\"@type\":\"SearchAction\",\"target\":{\"@type\":\"EntryPoint\",\"urlTemplate\":\"https:\/\/liberte33hotel.pl\/de\/?s={search_term_string}\"},\"query-input\":{\"@type\":\"PropertyValueSpecification\",\"valueRequired\":true,\"valueName\":\"search_term_string\"}}],\"inLanguage\":\"de\"},{\"@type\":\"Organization\",\"@id\":\"https:\/\/liberte33hotel.pl\/de\/#organization\",\"name\":\"Hotel Libert\u00e9 33\",\"alternateName\":\"Hotel Libert\u00e9 33\",\"url\":\"https:\/\/liberte33hotel.pl\/de\/\",\"logo\":{\"@type\":\"ImageObject\",\"inLanguage\":\"de\",\"@id\":\"https:\/\/liberte33hotel.pl\/de\/#\/schema\/logo\/image\/\",\"url\":\"https:\/\/hotel-liberte-33.ms3.decms.eu\/wp-content\/uploads\/sites\/9\/2025\/10\/logo-white-sygnet.png\",\"contentUrl\":\"https:\/\/hotel-liberte-33.ms3.decms.eu\/wp-content\/uploads\/sites\/9\/2025\/10\/logo-white-sygnet.png\",\"width\":696,\"height\":925,\"caption\":\"Hotel Libert\u00e9 33\"},\"image\":{\"@id\":\"https:\/\/liberte33hotel.pl\/de\/#\/schema\/logo\/image\/\"},\"sameAs\":[\"https:\/\/www.facebook.com\/liberte33hotel\",\"https:\/\/www.instagram.com\/liberte33hotel\/\"]}]}<\/script>\n<!-- \/ Yoast SEO plugin. -->","yoast_head_json":{"title":"Standard-Zimmer - Hotel Libert\u00e9 33","description":"Jedes der Standard-Zimmer im Hotel Libert\u00e9 33 ist klimatisiert und mit einem Safe, TV, K\u00fchlschrank sowie einem Wasserkocher ausgestattet. Gro\u00dfz\u00fcgige Raumfl\u00e4chen, komfortable Betten und funktionale Schreibtische schaffen perfekte Bedingungen sowohl f\u00fcr Erholung als auch f\u00fcr die Arbeit.  &nbsp;     Zimmergr\u00f6\u00dfe: 14-18 m2\u00a0 \u00a0 \u00a0  Einzel- und Doppelzimmer","robots":{"index":"index","follow":"follow","max-snippet":"max-snippet:-1","max-image-preview":"max-image-preview:large","max-video-preview":"max-video-preview:-1"},"canonical":"https:\/\/liberte33hotel.pl\/de\/zimmer\/standard-zimmer\/","og_locale":"de_DE","og_type":"article","og_title":"Standard-Zimmer - Hotel Libert\u00e9 33","og_description":"Jedes der Standard-Zimmer im Hotel Libert\u00e9 33 ist klimatisiert und mit einem Safe, TV, K\u00fchlschrank sowie einem Wasserkocher ausgestattet. Gro\u00dfz\u00fcgige Raumfl\u00e4chen, komfortable Betten und funktionale Schreibtische schaffen perfekte Bedingungen sowohl f\u00fcr Erholung als auch f\u00fcr die Arbeit.  &nbsp;     Zimmergr\u00f6\u00dfe: 14-18 m2\u00a0 \u00a0 \u00a0  Einzel- und Doppelzimmer","og_url":"https:\/\/liberte33hotel.pl\/de\/zimmer\/standard-zimmer\/","og_site_name":"Hotel Libert\u00e9 33","article_publisher":"https:\/\/www.facebook.com\/liberte33hotel","article_modified_time":"2026-01-23T18:10:14+00:00","og_image":[{"width":1800,"height":1200,"url":"https:\/\/liberte33hotel.pl\/wp-content\/uploads\/sites\/9\/2025\/10\/PG_\ufffc210511_335.jpg","type":"image\/jpeg"}],"twitter_card":"summary_large_image","twitter_misc":{"Est. reading time":"1\u00a0Minute"},"schema":{"@context":"https:\/\/schema.org","@graph":[{"@type":"WebPage","@id":"https:\/\/liberte33hotel.pl\/de\/zimmer\/standard-zimmer\/","url":"https:\/\/liberte33hotel.pl\/de\/zimmer\/standard-zimmer\/","name":"Standard-Zimmer - Hotel Libert\u00e9 33","isPartOf":{"@id":"https:\/\/liberte33hotel.pl\/de\/#website"},"primaryImageOfPage":{"@id":"https:\/\/liberte33hotel.pl\/de\/zimmer\/standard-zimmer\/#primaryimage"},"image":{"@id":"https:\/\/liberte33hotel.pl\/de\/zimmer\/standard-zimmer\/#primaryimage"},"thumbnailUrl":"https:\/\/liberte33hotel.pl\/wp-content\/uploads\/sites\/9\/2025\/10\/PG_\ufffc210511_335.jpg","datePublished":"2025-10-13T09:30:13+00:00","dateModified":"2026-01-23T18:10:14+00:00","description":"Jedes der Standard-Zimmer im Hotel Libert\u00e9 33 ist klimatisiert und mit einem Safe, TV, K\u00fchlschrank sowie einem Wasserkocher ausgestattet. Gro\u00dfz\u00fcgige Raumfl\u00e4chen, komfortable Betten und funktionale Schreibtische schaffen perfekte Bedingungen sowohl f\u00fcr Erholung als auch f\u00fcr die Arbeit. &nbsp; Zimmergr\u00f6\u00dfe: 14-18 m2\u00a0 \u00a0 \u00a0 Einzel- und Doppelzimmer","breadcrumb":{"@id":"https:\/\/liberte33hotel.pl\/de\/zimmer\/standard-zimmer\/#breadcrumb"},"inLanguage":"de","potentialAction":[{"@type":"ReadAction","target":["https:\/\/liberte33hotel.pl\/de\/zimmer\/standard-zimmer\/"]}]},{"@type":"ImageObject","inLanguage":"de","@id":"https:\/\/liberte33hotel.pl\/de\/zimmer\/standard-zimmer\/#primaryimage","url":"https:\/\/liberte33hotel.pl\/wp-content\/uploads\/sites\/9\/2025\/10\/PG_\ufffc210511_335.jpg","contentUrl":"https:\/\/liberte33hotel.pl\/wp-content\/uploads\/sites\/9\/2025\/10\/PG_\ufffc210511_335.jpg","width":1800,"height":1200},{"@type":"BreadcrumbList","@id":"https:\/\/liberte33hotel.pl\/de\/zimmer\/standard-zimmer\/#breadcrumb","itemListElement":[{"@type":"ListItem","position":1,"name":"Home","item":"https:\/\/liberte33hotel.pl\/de\/"},{"@type":"ListItem","position":2,"name":"Standard-Zimmer"}]},{"@type":"WebSite","@id":"https:\/\/liberte33hotel.pl\/de\/#website","url":"https:\/\/liberte33hotel.pl\/de\/","name":"Hotel Libert\u00e9 33","description":"","publisher":{"@id":"https:\/\/liberte33hotel.pl\/de\/#organization"},"alternateName":"Hotel Libert\u00e9 33","potentialAction":[{"@type":"SearchAction","target":{"@type":"EntryPoint","urlTemplate":"https:\/\/liberte33hotel.pl\/de\/?s={search_term_string}"},"query-input":{"@type":"PropertyValueSpecification","valueRequired":true,"valueName":"search_term_string"}}],"inLanguage":"de"},{"@type":"Organization","@id":"https:\/\/liberte33hotel.pl\/de\/#organization","name":"Hotel Libert\u00e9 33","alternateName":"Hotel Libert\u00e9 33","url":"https:\/\/liberte33hotel.pl\/de\/","logo":{"@type":"ImageObject","inLanguage":"de","@id":"https:\/\/liberte33hotel.pl\/de\/#\/schema\/logo\/image\/","url":"https:\/\/hotel-liberte-33.ms3.decms.eu\/wp-content\/uploads\/sites\/9\/2025\/10\/logo-white-sygnet.png","contentUrl":"https:\/\/hotel-liberte-33.ms3.decms.eu\/wp-content\/uploads\/sites\/9\/2025\/10\/logo-white-sygnet.png","width":696,"height":925,"caption":"Hotel Libert\u00e9 33"},"image":{"@id":"https:\/\/liberte33hotel.pl\/de\/#\/schema\/logo\/image\/"},"sameAs":["https:\/\/www.facebook.com\/liberte33hotel","https:\/\/www.instagram.com\/liberte33hotel\/"]}]}},"acf":[],"_links":{"self":[{"href":"https:\/\/liberte33hotel.pl\/de\/wp-json\/wp\/v2\/pages\/978","targetHints":{"allow":["GET"]}}],"collection":[{"href":"https:\/\/liberte33hotel.pl\/de\/wp-json\/wp\/v2\/pages"}],"about":[{"href":"https:\/\/liberte33hotel.pl\/de\/wp-json\/wp\/v2\/types\/page"}],"author":[{"embeddable":true,"href":"https:\/\/liberte33hotel.pl\/de\/wp-json\/wp\/v2\/users\/9"}],"replies":[{"embeddable":true,"href":"https:\/\/liberte33hotel.pl\/de\/wp-json\/wp\/v2\/comments?post=978"}],"version-history":[{"count":0,"href":"https:\/\/liberte33hotel.pl\/de\/wp-json\/wp\/v2\/pages\/978\/revisions"}],"up":[{"embeddable":true,"href":"https:\/\/liberte33hotel.pl\/de\/wp-json\/wp\/v2\/pages\/981"}],"wp:featuredmedia":[{"embeddable":true,"href":"https:\/\/liberte33hotel.pl\/de\/wp-json\/wp\/v2\/media\/319"}],"wp:attachment":[{"href":"https:\/\/liberte33hotel.pl\/de\/wp-json\/wp\/v2\/media?parent=978"}],"curies":[{"name":"wp","href":"https:\/\/api.w.org\/{rel}","templated":true}]}}