{"id":981,"date":"2025-10-10T12:36:14","date_gmt":"2025-10-10T12:36:14","guid":{"rendered":"https:\/\/liberte33hotel.pl\/?page_id=981"},"modified":"2026-01-23T18:16:37","modified_gmt":"2026-01-23T18:16:37","slug":"zimmer","status":"publish","type":"page","link":"https:\/\/liberte33hotel.pl\/de\/zimmer\/","title":{"rendered":"Zimmer"},"content":{"rendered":"<p style=\"text-align: center;\">Dank der au\u00dfergew\u00f6hnlichen Sorgfalt bei der Auswahl von Farben, M\u00f6beln, Stoffen und Beleuchtung verbinden die Zimmer des Hotels Libert\u00e9 33 Komfort und Eleganz mit Gem\u00fctlichkeit.<\/p>\n<p style=\"text-align: center;\">Sie bieten h\u00f6chsten Komfort &#8211; Harmonie und vollkommenes Wohlbefinden.<\/p>\n","protected":false},"excerpt":{"rendered":"<p>Dank der au\u00dfergew\u00f6hnlichen Sorgfalt bei der Auswahl von Farben, M\u00f6beln, Stoffen und Beleuchtung verbinden die Zimmer des Hotels Libert\u00e9 33 Komfort und Eleganz mit Gem\u00fctlichkeit. Sie bieten h\u00f6chsten Komfort &#8211; Harmonie und vollkommenes Wohlbefinden.<\/p>\n","protected":false},"author":9,"featured_media":0,"parent":0,"menu_order":10,"comment_status":"closed","ping_status":"closed","template":"template-rooms.php","meta":{"footnotes":""},"class_list":["post-981","page","type-page","status-publish","hentry"],"yoast_head":"<!-- This site is optimized with the Yoast SEO plugin v26.9 - https:\/\/yoast.com\/product\/yoast-seo-wordpress\/ -->\n<title>Zimmer - Hotel Libert\u00e9 33<\/title>\n<meta name=\"description\" content=\"Dank der au\u00dfergew\u00f6hnlichen Sorgfalt bei der Auswahl von Farben, M\u00f6beln, Stoffen und Beleuchtung verbinden die Zimmer des Hotels Libert\u00e9 33 Komfort und Eleganz mit Gem\u00fctlichkeit. Sie bieten h\u00f6chsten Komfort - Harmonie und vollkommenes Wohlbefinden..\" \/>\n<meta name=\"robots\" content=\"index, follow, max-snippet:-1, max-image-preview:large, max-video-preview:-1\" \/>\n<link rel=\"canonical\" href=\"https:\/\/liberte33hotel.pl\/de\/zimmer\/\" \/>\n<meta property=\"og:locale\" content=\"de_DE\" \/>\n<meta property=\"og:type\" content=\"article\" \/>\n<meta property=\"og:title\" content=\"Zimmer - Hotel Libert\u00e9 33\" \/>\n<meta property=\"og:description\" content=\"Dank der au\u00dfergew\u00f6hnlichen Sorgfalt bei der Auswahl von Farben, M\u00f6beln, Stoffen und Beleuchtung verbinden die Zimmer des Hotels Libert\u00e9 33 Komfort und Eleganz mit Gem\u00fctlichkeit. Sie bieten h\u00f6chsten Komfort - Harmonie und vollkommenes Wohlbefinden..\" \/>\n<meta property=\"og:url\" content=\"https:\/\/liberte33hotel.pl\/de\/zimmer\/\" \/>\n<meta property=\"og:site_name\" content=\"Hotel Libert\u00e9 33\" \/>\n<meta property=\"article:publisher\" content=\"https:\/\/www.facebook.com\/liberte33hotel\" \/>\n<meta property=\"article:modified_time\" content=\"2026-01-23T18:16:37+00:00\" \/>\n<meta property=\"og:image\" content=\"https:\/\/liberte33hotel.pl\/wp-content\/uploads\/sites\/9\/2025\/10\/DSC_7394-205-1.jpg\" \/>\n\t<meta property=\"og:image:width\" content=\"1000\" \/>\n\t<meta property=\"og:image:height\" content=\"731\" \/>\n\t<meta property=\"og:image:type\" content=\"image\/jpeg\" \/>\n<meta name=\"twitter:card\" content=\"summary_large_image\" \/>\n<meta name=\"twitter:label1\" content=\"Est. reading time\" \/>\n\t<meta name=\"twitter:data1\" content=\"1\u00a0Minute\" \/>\n<script type=\"application\/ld+json\" class=\"yoast-schema-graph\">{\"@context\":\"https:\/\/schema.org\",\"@graph\":[{\"@type\":\"WebPage\",\"@id\":\"https:\/\/liberte33hotel.pl\/de\/zimmer\/\",\"url\":\"https:\/\/liberte33hotel.pl\/de\/zimmer\/\",\"name\":\"Zimmer - Hotel Libert\u00e9 33\",\"isPartOf\":{\"@id\":\"https:\/\/liberte33hotel.pl\/de\/#website\"},\"datePublished\":\"2025-10-10T12:36:14+00:00\",\"dateModified\":\"2026-01-23T18:16:37+00:00\",\"description\":\"Dank der au\u00dfergew\u00f6hnlichen Sorgfalt bei der Auswahl von Farben, M\u00f6beln, Stoffen und Beleuchtung verbinden die Zimmer des Hotels Libert\u00e9 33 Komfort und Eleganz mit Gem\u00fctlichkeit. Sie bieten h\u00f6chsten Komfort - Harmonie und vollkommenes Wohlbefinden. .\",\"breadcrumb\":{\"@id\":\"https:\/\/liberte33hotel.pl\/de\/zimmer\/#breadcrumb\"},\"inLanguage\":\"de\",\"potentialAction\":[{\"@type\":\"ReadAction\",\"target\":[\"https:\/\/liberte33hotel.pl\/de\/zimmer\/\"]}]},{\"@type\":\"BreadcrumbList\",\"@id\":\"https:\/\/liberte33hotel.pl\/de\/zimmer\/#breadcrumb\",\"itemListElement\":[{\"@type\":\"ListItem\",\"position\":1,\"name\":\"Home\",\"item\":\"https:\/\/liberte33hotel.pl\/de\/\"},{\"@type\":\"ListItem\",\"position\":2,\"name\":\"Zimmer\"}]},{\"@type\":\"WebSite\",\"@id\":\"https:\/\/liberte33hotel.pl\/de\/#website\",\"url\":\"https:\/\/liberte33hotel.pl\/de\/\",\"name\":\"Hotel Libert\u00e9 33\",\"description\":\"\",\"publisher\":{\"@id\":\"https:\/\/liberte33hotel.pl\/de\/#organization\"},\"alternateName\":\"Hotel Libert\u00e9 33\",\"potentialAction\":[{\"@type\":\"SearchAction\",\"target\":{\"@type\":\"EntryPoint\",\"urlTemplate\":\"https:\/\/liberte33hotel.pl\/de\/?s={search_term_string}\"},\"query-input\":{\"@type\":\"PropertyValueSpecification\",\"valueRequired\":true,\"valueName\":\"search_term_string\"}}],\"inLanguage\":\"de\"},{\"@type\":\"Organization\",\"@id\":\"https:\/\/liberte33hotel.pl\/de\/#organization\",\"name\":\"Hotel Libert\u00e9 33\",\"alternateName\":\"Hotel Libert\u00e9 33\",\"url\":\"https:\/\/liberte33hotel.pl\/de\/\",\"logo\":{\"@type\":\"ImageObject\",\"inLanguage\":\"de\",\"@id\":\"https:\/\/liberte33hotel.pl\/de\/#\/schema\/logo\/image\/\",\"url\":\"https:\/\/hotel-liberte-33.ms3.decms.eu\/wp-content\/uploads\/sites\/9\/2025\/10\/logo-white-sygnet.png\",\"contentUrl\":\"https:\/\/hotel-liberte-33.ms3.decms.eu\/wp-content\/uploads\/sites\/9\/2025\/10\/logo-white-sygnet.png\",\"width\":696,\"height\":925,\"caption\":\"Hotel Libert\u00e9 33\"},\"image\":{\"@id\":\"https:\/\/liberte33hotel.pl\/de\/#\/schema\/logo\/image\/\"},\"sameAs\":[\"https:\/\/www.facebook.com\/liberte33hotel\",\"https:\/\/www.instagram.com\/liberte33hotel\/\"]}]}<\/script>\n<!-- \/ Yoast SEO plugin. -->","yoast_head_json":{"title":"Zimmer - Hotel Libert\u00e9 33","description":"Dank der au\u00dfergew\u00f6hnlichen Sorgfalt bei der Auswahl von Farben, M\u00f6beln, Stoffen und Beleuchtung verbinden die Zimmer des Hotels Libert\u00e9 33 Komfort und Eleganz mit Gem\u00fctlichkeit. Sie bieten h\u00f6chsten Komfort - Harmonie und vollkommenes Wohlbefinden..","robots":{"index":"index","follow":"follow","max-snippet":"max-snippet:-1","max-image-preview":"max-image-preview:large","max-video-preview":"max-video-preview:-1"},"canonical":"https:\/\/liberte33hotel.pl\/de\/zimmer\/","og_locale":"de_DE","og_type":"article","og_title":"Zimmer - Hotel Libert\u00e9 33","og_description":"Dank der au\u00dfergew\u00f6hnlichen Sorgfalt bei der Auswahl von Farben, M\u00f6beln, Stoffen und Beleuchtung verbinden die Zimmer des Hotels Libert\u00e9 33 Komfort und Eleganz mit Gem\u00fctlichkeit. Sie bieten h\u00f6chsten Komfort - Harmonie und vollkommenes Wohlbefinden..","og_url":"https:\/\/liberte33hotel.pl\/de\/zimmer\/","og_site_name":"Hotel Libert\u00e9 33","article_publisher":"https:\/\/www.facebook.com\/liberte33hotel","article_modified_time":"2026-01-23T18:16:37+00:00","og_image":[{"width":1000,"height":731,"url":"https:\/\/liberte33hotel.pl\/wp-content\/uploads\/sites\/9\/2025\/10\/DSC_7394-205-1.jpg","type":"image\/jpeg"}],"twitter_card":"summary_large_image","twitter_misc":{"Est. reading time":"1\u00a0Minute"},"schema":{"@context":"https:\/\/schema.org","@graph":[{"@type":"WebPage","@id":"https:\/\/liberte33hotel.pl\/de\/zimmer\/","url":"https:\/\/liberte33hotel.pl\/de\/zimmer\/","name":"Zimmer - Hotel Libert\u00e9 33","isPartOf":{"@id":"https:\/\/liberte33hotel.pl\/de\/#website"},"datePublished":"2025-10-10T12:36:14+00:00","dateModified":"2026-01-23T18:16:37+00:00","description":"Dank der au\u00dfergew\u00f6hnlichen Sorgfalt bei der Auswahl von Farben, M\u00f6beln, Stoffen und Beleuchtung verbinden die Zimmer des Hotels Libert\u00e9 33 Komfort und Eleganz mit Gem\u00fctlichkeit. Sie bieten h\u00f6chsten Komfort - Harmonie und vollkommenes Wohlbefinden. .","breadcrumb":{"@id":"https:\/\/liberte33hotel.pl\/de\/zimmer\/#breadcrumb"},"inLanguage":"de","potentialAction":[{"@type":"ReadAction","target":["https:\/\/liberte33hotel.pl\/de\/zimmer\/"]}]},{"@type":"BreadcrumbList","@id":"https:\/\/liberte33hotel.pl\/de\/zimmer\/#breadcrumb","itemListElement":[{"@type":"ListItem","position":1,"name":"Home","item":"https:\/\/liberte33hotel.pl\/de\/"},{"@type":"ListItem","position":2,"name":"Zimmer"}]},{"@type":"WebSite","@id":"https:\/\/liberte33hotel.pl\/de\/#website","url":"https:\/\/liberte33hotel.pl\/de\/","name":"Hotel Libert\u00e9 33","description":"","publisher":{"@id":"https:\/\/liberte33hotel.pl\/de\/#organization"},"alternateName":"Hotel Libert\u00e9 33","potentialAction":[{"@type":"SearchAction","target":{"@type":"EntryPoint","urlTemplate":"https:\/\/liberte33hotel.pl\/de\/?s={search_term_string}"},"query-input":{"@type":"PropertyValueSpecification","valueRequired":true,"valueName":"search_term_string"}}],"inLanguage":"de"},{"@type":"Organization","@id":"https:\/\/liberte33hotel.pl\/de\/#organization","name":"Hotel Libert\u00e9 33","alternateName":"Hotel Libert\u00e9 33","url":"https:\/\/liberte33hotel.pl\/de\/","logo":{"@type":"ImageObject","inLanguage":"de","@id":"https:\/\/liberte33hotel.pl\/de\/#\/schema\/logo\/image\/","url":"https:\/\/hotel-liberte-33.ms3.decms.eu\/wp-content\/uploads\/sites\/9\/2025\/10\/logo-white-sygnet.png","contentUrl":"https:\/\/hotel-liberte-33.ms3.decms.eu\/wp-content\/uploads\/sites\/9\/2025\/10\/logo-white-sygnet.png","width":696,"height":925,"caption":"Hotel Libert\u00e9 33"},"image":{"@id":"https:\/\/liberte33hotel.pl\/de\/#\/schema\/logo\/image\/"},"sameAs":["https:\/\/www.facebook.com\/liberte33hotel","https:\/\/www.instagram.com\/liberte33hotel\/"]}]}},"acf":[],"_links":{"self":[{"href":"https:\/\/liberte33hotel.pl\/de\/wp-json\/wp\/v2\/pages\/981","targetHints":{"allow":["GET"]}}],"collection":[{"href":"https:\/\/liberte33hotel.pl\/de\/wp-json\/wp\/v2\/pages"}],"about":[{"href":"https:\/\/liberte33hotel.pl\/de\/wp-json\/wp\/v2\/types\/page"}],"author":[{"embeddable":true,"href":"https:\/\/liberte33hotel.pl\/de\/wp-json\/wp\/v2\/users\/9"}],"replies":[{"embeddable":true,"href":"https:\/\/liberte33hotel.pl\/de\/wp-json\/wp\/v2\/comments?post=981"}],"version-history":[{"count":0,"href":"https:\/\/liberte33hotel.pl\/de\/wp-json\/wp\/v2\/pages\/981\/revisions"}],"wp:attachment":[{"href":"https:\/\/liberte33hotel.pl\/de\/wp-json\/wp\/v2\/media?parent=981"}],"curies":[{"name":"wp","href":"https:\/\/api.w.org\/{rel}","templated":true}]}}